{"id":675,"date":"2021-07-22T10:19:37","date_gmt":"2021-07-22T09:19:37","guid":{"rendered":"https:\/\/freestuff.world\/om-oss\/"},"modified":"2025-12-04T14:49:44","modified_gmt":"2025-12-04T13:49:44","slug":"om-oss","status":"publish","type":"page","link":"https:\/\/freestuff.world\/sv\/om-oss\/","title":{"rendered":"Om Oss"},"content":{"rendered":"<div class=\"gb-grid-wrapper gb-grid-wrapper-f8e47536\">\n<div class=\"gb-grid-column gb-grid-column-d6d7b63a\"><div class=\"gb-container gb-container-d6d7b63a\">\n\n<p>Free Stuff World listar gratisprover, t\u00e4vlingar och erbjudanden fr\u00e5n hela v\u00e4rlden, allt samlat p\u00e5 ett st\u00e4lle p\u00e5 FreeStuff.world. Free Stuff World startade 2021, \u00e4r 100 % gratis f\u00f6r konsumenter att anv\u00e4nda och \u00e4gs och drivs av <a href=\"https:\/\/www.wowmedia.net\" target=\"_blank\" rel=\"noreferrer noopener\">WOW Media<\/a>.<\/p>\n\n\n\n<p>Gratis saker och prover delas ut av f\u00f6retag, oftast som en kampanj f\u00f6r att f\u00e5 dig att prova nya produkter! Om du gillar produkten hoppas de att du kommer att k\u00f6pa den i framtiden. Det \u00e4r en vinst f\u00f6r alla.<\/p>\n\n\n\n<p>M\u00e5nga gratiswebbplatser listar endast erbjudanden f\u00f6r ett visst land och m\u00e5nga l\u00e4nder f\u00e5r inte ha n\u00e5gra erbjudanden! Vi l\u00f6ser det problemet genom att lista gratis erbjudanden och lotterier p\u00e5 en webbplats, organiserade efter land.<\/p>\n\n\n\n<p>Free Stuff World omfattar gratiserbjudanden fr\u00e5n l\u00e4nder som ofta f\u00f6rbises av andra webbplatser, inklusive <a href=\"https:\/\/freestuff.world\/sv\/sydafrika\/\">Sydafrika<\/a>, <a href=\"https:\/\/freestuff.world\/sv\/%f0%9f%87%b5%f0%9f%87%ad-gratis-erbjudanden-i-filippinerna\/\">Filippinerna<\/a> och <a href=\"https:\/\/freestuff.world\/sv\/%f0%9f%87%ae%f0%9f%87%a9-freebies-i-indonesien\/\">Indonesien<\/a>, tillsammans med gratiserbjudanden fr\u00e5n <a href=\"https:\/\/freestuff.world\/sv\/gratis-erbjudanden-i-europa\/\" data-type=\"page\" data-id=\"52853\">Europa<\/a> och bortom.<\/p>\n\n\n\n<p>Vi uppdaterar regelbundet Free Stuff World med nya erbjudanden, s\u00e5 se till att du \u00e5terkommer regelbundet f\u00f6r att h\u00e5lla dig uppdaterad om de senaste gratis sakerna. Vissa av de b\u00e4sta erbjudandena g\u00e4ller bara n\u00e5gra dagar, s\u00e5 det \u00e4r viktigt att du kollar regelbundet!<\/p>\n\n\n\n<p>Om du vill h\u00e5lla dig uppdaterad utan att bes\u00f6ka webbplatsen rekommenderar vi att du registrerar dig f\u00f6r v\u00e5rt <a href=\"https:\/\/freestuff.world\/sv\/nyhetsbrev\/\" data-type=\"page\" data-id=\"1297\">kostnadsfria nyhetsbrev<\/a>. Nyhetsbrevet kommer att inneh\u00e5lla n\u00e5gra av de b\u00e4sta gratiserbjudandena fr\u00e5n webbplatsen, direkt till din e-postinkorg.<\/p>\n\n<\/div><\/div>\n\n<div class=\"gb-grid-column gb-grid-column-4b51bf17\"><div class=\"gb-container gb-container-4b51bf17\">\n<div class=\"gb-container gb-container-307a7fac\">\n\n<h3 class=\"wp-block-heading\">Reviews<\/h3>\n\n\n<div class=\"shortcode-site-reviews-summary\"><div class=\"glsr glsr-default\" id=\"glsr_1lnij6ep\" data-from=\"shortcode\" data-shortcode=\"site_reviews_summary\" data-hide=\"bars,rating\"><div class=\"glsr-summary-wrap\">\n    <div class=\"glsr-summary\">\n        \n        <div class=\"glsr-summary-stars\"><div class=\"glsr-star-rating glsr-stars\" role=\"img\" aria-label=\"Rated 4,4 out of 5 stars based on 537 ratings\" data-rating=\"4.4\" data-reviews=\"537\"><span class=\"glsr-star glsr-star-full\" aria-hidden=\"true\"><\/span><span class=\"glsr-star glsr-star-full\" aria-hidden=\"true\"><\/span><span class=\"glsr-star glsr-star-full\" aria-hidden=\"true\"><\/span><span class=\"glsr-star glsr-star-full\" aria-hidden=\"true\"><\/span><span class=\"glsr-star glsr-star-half\" aria-hidden=\"true\"><\/span><\/div><\/div>\n        <div class=\"glsr-summary-text\"><span class=\"glsr-tag-value\">4,4 out of 5 stars (based on 537 reviews)<\/span><\/div>\n        \n    <\/div>\n<\/div><\/div><\/div>\n\n<\/div>\n\n\n<div style=\"height:20px\" aria-hidden=\"true\" class=\"wp-block-spacer\"><\/div>\n\n\n\n<p class=\"has-text-align-center has-contrast-2-color has-text-color has-link-color has-small-font-size wp-elements-32cc9f68638c4932ed08076a8f48bc15\">Se alla recensioner fr\u00e5n v\u00e5ra anv\u00e4ndare <a href=\"https:\/\/freestuff.world\/sv\/free-stuff-world-recensioner\/\" data-type=\"page\" data-id=\"19449\" style=\"color:#0673d5\">h\u00e4r<\/a> och l\u00e4mna oss en recension!<\/p>\n\n<\/div><\/div>\n<\/div>\n<div style=\"height:20px\" aria-hidden=\"true\" class=\"wp-block-spacer\"><\/div>\n\n<h2 class=\"wp-block-heading\">B\u00f6rja utnyttja erbjudanden idag!<\/h2>\n\n<p>B\u00f6rja be om gratisprover idag. Klicka bara p\u00e5 den stora knappen &#8221;ANM\u00c4RKNING NU&#8221; p\u00e5 ett erbjudande f\u00f6r att starta processen att delta i ett erbjudande. F\u00f6r att navigera bland erbjudandena beh\u00f6ver du bara h\u00e5lla fingret p\u00e5 &#8221;Freebies by Country&#8221; (gratiserbjudanden per land) i navigeringen.<\/p>\n\n<p>Om du har n\u00e5gra fr\u00e5gor, tveka inte att <a href=\"http:\/\/freestuff.world\/contact-us\/\" data-type=\"page\" data-id=\"36\">kontakta oss<\/a>.<\/p>\n\n<p><\/p>\n","protected":false},"excerpt":{"rendered":"<p>B\u00f6rja utnyttja erbjudanden idag! B\u00f6rja be om gratisprover idag. Klicka bara p\u00e5 den stora knappen &#8221;ANM\u00c4RKNING NU&#8221; p\u00e5 ett erbjudande f\u00f6r att starta processen att delta i ett erbjudande. F\u00f6r att navigera bland erbjudandena beh\u00f6ver du bara h\u00e5lla fingret p\u00e5 &#8221;Freebies by Country&#8221; (gratiserbjudanden per &#8230; <a title=\"Om Oss\" class=\"read-more\" href=\"https:\/\/freestuff.world\/sv\/om-oss\/\" aria-label=\"L\u00e4s mer om Om Oss\">Read more<\/a><\/p>\n","protected":false},"author":1,"featured_media":0,"parent":0,"menu_order":0,"comment_status":"closed","ping_status":"closed","template":"","meta":{"_relevanssi_hide_post":"","_relevanssi_hide_content":"","_relevanssi_pin_for_all":"","_relevanssi_pin_keywords":"","_relevanssi_unpin_keywords":"","_relevanssi_related_keywords":"","_relevanssi_related_include_ids":"","_relevanssi_related_exclude_ids":"","_relevanssi_related_no_append":"","_relevanssi_related_not_related":"","_relevanssi_related_posts":"","_relevanssi_noindex_reason":"","_glsr_average":0,"_glsr_ranking":0,"_glsr_reviews":0,"footnotes":""},"categories":[],"class_list":["post-675","page","type-page","status-publish"],"ams_acf":[],"wpcf-offer-link":null,"wpcf-does-the-offer-relate-to-gambling":null,"_wpscp_schedule_republish_date":null,"wpcf-exclude-republish":null,"wpcf-force-republish":null,"wpcf-exclude-email":null,"wpcf-individual-listing-id":null,"wpcf-include-social":null,"wpcf-social-template":null,"wpcf-expire-but-live":null,"_wow_auto_republish_settings":null,"wpcf-subject-line":null,"wpcf-intro-text":null,"wpcf-custom-text":null,"wpcf-custom-cta":null,"wpcf-affiliate-network":null,"_wpscp_schedule_draft_date":null,"wpcf-note":"","wpcf-network-offer-name":null,"toolset-meta":{"page-config":{"season":{"type":"select","raw":""}},"notes":{"note":{"type":"textarea","raw":""}}},"_links":{"self":[{"href":"https:\/\/freestuff.world\/sv\/wp-json\/wp\/v2\/pages\/675","targetHints":{"allow":["GET"]}}],"collection":[{"href":"https:\/\/freestuff.world\/sv\/wp-json\/wp\/v2\/pages"}],"about":[{"href":"https:\/\/freestuff.world\/sv\/wp-json\/wp\/v2\/types\/page"}],"author":[{"embeddable":true,"href":"https:\/\/freestuff.world\/sv\/wp-json\/wp\/v2\/users\/1"}],"replies":[{"embeddable":true,"href":"https:\/\/freestuff.world\/sv\/wp-json\/wp\/v2\/comments?post=675"}],"version-history":[{"count":7,"href":"https:\/\/freestuff.world\/sv\/wp-json\/wp\/v2\/pages\/675\/revisions"}],"predecessor-version":[{"id":64785,"href":"https:\/\/freestuff.world\/sv\/wp-json\/wp\/v2\/pages\/675\/revisions\/64785"}],"wp:attachment":[{"href":"https:\/\/freestuff.world\/sv\/wp-json\/wp\/v2\/media?parent=675"}],"wp:term":[{"taxonomy":"category","embeddable":true,"href":"https:\/\/freestuff.world\/sv\/wp-json\/wp\/v2\/categories?post=675"}],"curies":[{"name":"wp","href":"https:\/\/api.w.org\/{rel}","templated":true}]}}