{"id":671,"date":"2021-07-22T10:20:13","date_gmt":"2021-07-22T10:20:13","guid":{"rendered":"https:\/\/freestuff.world\/vanliga-fragor\/"},"modified":"2023-06-02T11:02:24","modified_gmt":"2023-06-02T10:02:24","slug":"vanliga-fragor","status":"publish","type":"page","link":"https:\/\/freestuff.world\/sv\/vanliga-fragor\/","title":{"rendered":"Vanliga Fr\u00e5gor"},"content":{"rendered":"\n<p>Nedan f\u00f6ljer n\u00e5gra av de vanligaste fr\u00e5gorna om Free Stuff World. Om din fr\u00e5ga inte behandlas h\u00e4r \u00e4r du v\u00e4lkommen att <a href=\"https:\/\/freestuff.world\/sv\/kontakt\/\" data-type=\"page\" data-id=\"36\">kontakta oss<\/a> f\u00f6r att st\u00e4lla den.<\/p>\n\n<p><strong>Varf\u00f6r anv\u00e4nda Free Stuff World?<\/strong><\/p>\n\n<p>Med Free Stuff World kan du enkelt hitta gratiserbjudanden, gratis t\u00e4vlingar, betalda unders\u00f6kningar och erbjudanden som finns i ditt land. Free Stuff World sparar tid p\u00e5 att leta efter dessa p\u00e5 n\u00e4tet.<\/p>\n\n<p><strong>Hur kommer jag ig\u00e5ng?<\/strong><\/p>\n\n<p>F\u00f6r att komma ig\u00e5ng klickar du helt enkelt p\u00e5 l\u00e4nken &#8221;Gratis saker per land&#8221; och v\u00e4ljer sedan ditt land. H\u00e4r kan du v\u00e4lja ett erbjudande som intresserar dig och sedan klicka p\u00e5 knappen &#8221;ANM\u00c4RKNING NU&#8221; och f\u00f6lja instruktionerna p\u00e5 den tredje partens webbplats f\u00f6r att g\u00f6ra anspr\u00e5k p\u00e5 erbjudandet.<\/p>\n\n<p><strong>Varf\u00f6r erbjuder f\u00f6retag gratisprover?<\/strong><\/p>\n\n<p>Det finns n\u00e5gra sk\u00e4l till varf\u00f6r f\u00f6retag ger ut gratis erbjudanden. Den vanligaste orsaken \u00e4r att f\u00f6retagen regelbundet lanserar nya produkter som de vill ha konsumenternas synpunkter p\u00e5. Ett enkelt och billigt s\u00e4tt f\u00f6r f\u00f6retag att f\u00e5 denna feedback \u00e4r att dela ut gratisprover. Det hj\u00e4lper ocks\u00e5 f\u00f6retagen att visa konsumenterna hur effektiv en ny produkt \u00e4r.<\/p>\n\n<p><strong>Vad \u00e4r Free Stuff World?<\/strong><\/p>\n\n<p>Free Stuff World \u00e4r en webbplats med gratiserbjudanden som listar alla typer av gratiserbjudanden och s\u00e4tt att tj\u00e4na pengar. Byggplatsen startade i Juli 2021.<\/p>\n\n<p><strong>Hur hittar Free Stuff World gratiserbjudanden?<\/strong><\/p>\n\n<p>Free Stuff World-teamet s\u00f6ker igenom webben f\u00f6r att hitta de b\u00e4sta gratisproverna, gratis t\u00e4vlingar och betalda unders\u00f6kningar och l\u00e4gger sedan till dessa erbjudanden p\u00e5 webbplatsen. Vi har ocks\u00e5 relationer med partnerf\u00f6retag och listar deras erbjudanden p\u00e5 webbplatsen n\u00e4r det \u00e4r relevant.<\/p>\n\n<p><strong>Tar ni betalt f\u00f6r att anv\u00e4nda webbplatsen?<\/strong><\/p>\n\n<p>Nej! Webbplatsen \u00e4r 100 % gratis att anv\u00e4nda.<\/p>\n\n<p><strong>Hur f\u00f6resl\u00e5r jag en gratispresent?<\/strong><\/p>\n\n<p>Du kan f\u00f6resl\u00e5 en gratisprodukt genom att fylla i det <a href=\"https:\/\/freestuff.world\/sv\/foresla-gratisprogram\/\" data-type=\"page\" data-id=\"201\">h\u00e4r onlineformul\u00e4ret<\/a>.<\/p>\n\n<p><strong>Hur avbest\u00e4ller jag nyhetsbrevet?<\/strong><\/p>\n\n<p>Du kan n\u00e4r som helst avregistrera dig fr\u00e5n Free Stuff Worlds nyhetsbrev genom att klicka p\u00e5 l\u00e4nken f\u00f6r avregistrering i sidfoten av Free Stuff Worlds nyhetsbrev.<\/p>\n","protected":false},"excerpt":{"rendered":"<p>Nedan f\u00f6ljer n\u00e5gra av de vanligaste fr\u00e5gorna om Free Stuff World. Om din fr\u00e5ga inte behandlas h\u00e4r \u00e4r du v\u00e4lkommen att kontakta oss f\u00f6r att st\u00e4lla den. Varf\u00f6r anv\u00e4nda Free Stuff World? Med Free Stuff World kan du enkelt hitta gratiserbjudanden, gratis t\u00e4vlingar, betalda unders\u00f6kningar &#8230; <a title=\"Vanliga Fr\u00e5gor\" class=\"read-more\" href=\"https:\/\/freestuff.world\/sv\/vanliga-fragor\/\" aria-label=\"L\u00e4s mer om Vanliga Fr\u00e5gor\">Read more<\/a><\/p>\n","protected":false},"author":1,"featured_media":0,"parent":0,"menu_order":0,"comment_status":"closed","ping_status":"closed","template":"","meta":{"_relevanssi_hide_post":"","_relevanssi_hide_content":"","_relevanssi_pin_for_all":"","_relevanssi_pin_keywords":"","_relevanssi_unpin_keywords":"","_relevanssi_related_keywords":"","_relevanssi_related_include_ids":"","_relevanssi_related_exclude_ids":"","_relevanssi_related_no_append":"","_relevanssi_related_not_related":"","_relevanssi_related_posts":"","_relevanssi_noindex_reason":"","_glsr_average":0,"_glsr_ranking":0,"_glsr_reviews":0,"footnotes":""},"categories":[],"class_list":["post-671","page","type-page","status-publish"],"ams_acf":[],"wpcf-offer-link":null,"wpcf-does-the-offer-relate-to-gambling":null,"_wpscp_schedule_republish_date":null,"wpcf-exclude-republish":null,"wpcf-force-republish":null,"wpcf-exclude-email":null,"wpcf-individual-listing-id":null,"wpcf-include-social":null,"wpcf-social-template":null,"wpcf-expire-but-live":null,"_wow_auto_republish_settings":null,"wpcf-subject-line":null,"wpcf-intro-text":null,"wpcf-custom-text":null,"wpcf-custom-cta":null,"wpcf-affiliate-network":null,"_wpscp_schedule_draft_date":null,"wpcf-note":"","wpcf-network-offer-name":null,"toolset-meta":{"page-config":{"season":{"type":"select","raw":""}},"notes":{"note":{"type":"textarea","raw":""}}},"_links":{"self":[{"href":"https:\/\/freestuff.world\/sv\/wp-json\/wp\/v2\/pages\/671","targetHints":{"allow":["GET"]}}],"collection":[{"href":"https:\/\/freestuff.world\/sv\/wp-json\/wp\/v2\/pages"}],"about":[{"href":"https:\/\/freestuff.world\/sv\/wp-json\/wp\/v2\/types\/page"}],"author":[{"embeddable":true,"href":"https:\/\/freestuff.world\/sv\/wp-json\/wp\/v2\/users\/1"}],"replies":[{"embeddable":true,"href":"https:\/\/freestuff.world\/sv\/wp-json\/wp\/v2\/comments?post=671"}],"version-history":[{"count":4,"href":"https:\/\/freestuff.world\/sv\/wp-json\/wp\/v2\/pages\/671\/revisions"}],"predecessor-version":[{"id":3123,"href":"https:\/\/freestuff.world\/sv\/wp-json\/wp\/v2\/pages\/671\/revisions\/3123"}],"wp:attachment":[{"href":"https:\/\/freestuff.world\/sv\/wp-json\/wp\/v2\/media?parent=671"}],"wp:term":[{"taxonomy":"category","embeddable":true,"href":"https:\/\/freestuff.world\/sv\/wp-json\/wp\/v2\/categories?post=671"}],"curies":[{"name":"wp","href":"https:\/\/api.w.org\/{rel}","templated":true}]}}