{"id":64794,"date":"2024-08-29T11:14:51","date_gmt":"2024-08-29T10:14:51","guid":{"rendered":"https:\/\/freestuff.world\/lamna-ett-omdome\/"},"modified":"2025-12-04T14:53:50","modified_gmt":"2025-12-04T13:53:50","slug":"lamna-ett-omdome","status":"publish","type":"page","link":"https:\/\/freestuff.world\/sv\/lamna-ett-omdome\/","title":{"rendered":"L\u00e4mna ett omd\u00f6me"},"content":{"rendered":"\n<p>Vi skulle g\u00e4rna vilja h\u00f6ra fr\u00e5n dig om din erfarenhet av Free Stuff World. V\u00e4nligen fyll i det korta formul\u00e4ret nedan f\u00f6r att ge en <a href=\"https:\/\/freestuff.world\/sv\/free-stuff-world-recensioner\/\" data-type=\"page\" data-id=\"19449\">\u00e4rlig recension av Free Stuff World.<\/a>  \ud83e\udd29<\/p>\n\n<hr class=\"wp-block-separator has-alpha-channel-opacity\"\/>\n<div class=\"items-justified-left wp-block-site-reviews-form\"><div class=\"glsr glsr-default\" id=\"glsr_vyhvmorx\" data-from=\"block\" data-shortcode=\"site_reviews_form\"><div class=\"glsr-form-wrap\">\n    <form class=\"glsr-form glsr-review-form\" method=\"post\" enctype=\"multipart\/form-data\">\n        <input type=\"hidden\" name=\"site-reviews[_action]\" value=\"submit-review\" \/>\n<input type=\"hidden\" name=\"site-reviews[_nonce]\" value=\"16d41b3be6\" \/>\n<input type=\"hidden\" name=\"site-reviews[_post_id]\" value=\"64794\" \/>\n<input type=\"hidden\" name=\"site-reviews[_referer]\" value=\"\" \/>\n<input type=\"hidden\" name=\"site-reviews[assigned_posts]\" value=\"\" \/>\n<input type=\"hidden\" name=\"site-reviews[assigned_terms]\" value=\"\" \/>\n<input type=\"hidden\" name=\"site-reviews[assigned_users]\" value=\"\" \/>\n<input type=\"hidden\" name=\"site-reviews[excluded]\" value=\"\" \/>\n<input type=\"hidden\" name=\"site-reviews[form_id]\" value=\"glsr_vyhvmorx\" \/>\n<input type=\"hidden\" name=\"site-reviews[form_signature]\" value=\"1tI2ep-Er_-4DQ5Cwh4vweb10XgMKqHJhe9l10HeaMGuMmHi9Oh2S1rhMe3T10y-B5pQxhBUaa_gkPljkVHFC2hjywxXxv7Gcv82RRVBBJpw83_cWRAAKKcNOQa4pawOxwpejnw8ktYQ2irISN_wvbPaxiwaQ8SjHrIw7jFZZDvZC2Q9Wc3dqbu3tIGvfdw-NOHynvb9i82OnJEOtXGr4oiQI2DDY1Cx21Ugiz04PJ-Td3l2jdRb8LNj8fZUgY7xLv1siUvOnSbp5sAmARC2U7J1rui8Z7Ao-HkWgbIEzRHGNwFc2kdVhZCEGvx23ORy0YnScRXSyyUNP5vuUcWso5YABHQZCbeWMPhAl3_3ybkoDUICwCe1EebK8dYc2pjkYeBcAgLyl5w2UDSAPH7cXBuFfWBSSMWqyfhK4nauwXPNns0GSwvmQt9N4bEe\" \/>\n<input type=\"hidden\" name=\"site-reviews[terms_exist]\" value=\"1\" \/>\n<div class=\"glsr-field\" style=\"display:none;\"><label for=\"site-reviews-5e420fd6-glsr_vyhvmorx\">Your review<\/label><input type=\"text\" class=\"glsr-input glsr-input-text\" id=\"site-reviews-5e420fd6-glsr_vyhvmorx\" name=\"site-reviews[5e420fd6]\" value=\"\" \/><\/div>\n<div class=\"glsr-field glsr-field-rating glsr-required\" data-field=\"rating\" data-type=\"rating\">\n    <label class=\"glsr-label\" for=\"glsr_vyhvmorx-rating\">\n    <span>Your overall rating<\/span>\n<\/label>\n    <select class=\"browser-default disable-select glsr-select no-wrap no_wrap\" id=\"glsr_vyhvmorx-rating\" name=\"site-reviews[rating]\" required><option value=\"\">Select a Rating<\/option><option value=\"5\">5 Stars<\/option><option value=\"4\">4 Stars<\/option><option value=\"3\">3 Stars<\/option><option value=\"2\">2 Stars<\/option><option value=\"1\">1 Star<\/option><\/select>\n    <div class=\"glsr-field-error\"><\/div>\n<\/div>\n<div class=\"glsr-field glsr-field-text glsr-required\" data-field=\"title\" data-type=\"text\">\n    <label class=\"glsr-label\" for=\"glsr_vyhvmorx-title\">\n    <span>Title of your review<\/span>\n<\/label>\n    <input type=\"text\" class=\"glsr-input glsr-input-text\" id=\"glsr_vyhvmorx-title\" name=\"site-reviews[title]\" required placeholder=\"Summarize your review or highlight an interesting detail\" value=\"\" \/>\n    <div class=\"glsr-field-error\"><\/div>\n<\/div>\n<div class=\"glsr-field glsr-field-textarea glsr-required\" data-field=\"content\" data-type=\"textarea\">\n    <label class=\"glsr-label\" for=\"glsr_vyhvmorx-content\">\n    <span>Your review<\/span>\n<\/label>\n    <textarea class=\"glsr-textarea\" id=\"glsr_vyhvmorx-content\" name=\"site-reviews[content]\" required placeholder=\"Tell people your review\" rows=\"5\"><\/textarea>\n    <div class=\"glsr-field-error\"><\/div>\n<\/div>\n<div class=\"glsr-field glsr-field-text glsr-required\" data-field=\"name\" data-type=\"text\">\n    <label class=\"glsr-label\" for=\"glsr_vyhvmorx-name\">\n    <span>Your name<\/span>\n<\/label>\n    <input type=\"text\" class=\"glsr-input glsr-input-text\" id=\"glsr_vyhvmorx-name\" name=\"site-reviews[name]\" required placeholder=\"Tell us your name\" value=\"\" \/>\n    <div class=\"glsr-field-error\"><\/div>\n<\/div>\n<div class=\"glsr-field glsr-field-email glsr-required\" data-field=\"email\" data-type=\"email\">\n    <label class=\"glsr-label\" for=\"glsr_vyhvmorx-email\">\n    <span>Your email<\/span>\n<\/label>\n    <input type=\"email\" class=\"glsr-input glsr-input-email\" id=\"glsr_vyhvmorx-email\" name=\"site-reviews[email]\" required placeholder=\"Tell us your email\" value=\"\" \/>\n    <div class=\"glsr-field-error\"><\/div>\n<\/div>\n<div class=\"glsr-field glsr-field-choice glsr-required\" data-field=\"terms\" data-type=\"toggle\">\n    \n    <div class=\"glsr-field-subgroup\">\n        <span class=\"glsr-field-toggle\">\n    <span>\n        <span class=\"glsr-toggle\"><input type=\"checkbox\" class=\"glsr-input-toggle\" id=\"glsr_vyhvmorx-terms-1\" name=\"site-reviews[terms]\" required value=\"1\" \/><span class=\"glsr-toggle-track\"><\/span><\/span>\n    <\/span>\n    <label for=\"glsr_vyhvmorx-terms-1\">This review is based on my own experience and is my genuine opinion.<\/label>\n<\/span>\n    <\/div>\n    <div class=\"glsr-field-error\"><\/div>\n<\/div>\n        <div class=\"glsr-form-message\">\n    \n<\/div>\n        <div data-field=\"submit-button\">\n    <div class=\"wp-block-buttons is-layout-flex\">\n        <div class=\"wp-block-button\">\n            <button type=\"submit\" class=\"glsr-button wp-block-button__link wp-element-button\" aria-busy=\"false\" data-loading=\"Submitting, please wait...\">Submit Review<\/button>\n        <\/div>\n    <\/div>\n<\/div><div class=\"glsr-captcha-holder\"><\/div>\n    <\/form>\n<\/div><\/div><\/div>","protected":false},"excerpt":{"rendered":"<p>Vi skulle g\u00e4rna vilja h\u00f6ra fr\u00e5n dig om din erfarenhet av Free Stuff World. V\u00e4nligen fyll i det korta formul\u00e4ret nedan f\u00f6r att ge en \u00e4rlig recension av Free Stuff World. \ud83e\udd29<\/p>\n","protected":false},"author":1,"featured_media":0,"parent":0,"menu_order":0,"comment_status":"closed","ping_status":"closed","template":"","meta":{"_relevanssi_hide_post":"","_relevanssi_hide_content":"","_relevanssi_pin_for_all":"","_relevanssi_pin_keywords":"","_relevanssi_unpin_keywords":"","_relevanssi_related_keywords":"","_relevanssi_related_include_ids":"","_relevanssi_related_exclude_ids":"","_relevanssi_related_no_append":"","_relevanssi_related_not_related":"","_relevanssi_related_posts":"","_relevanssi_noindex_reason":"","_glsr_average":0,"_glsr_ranking":0,"_glsr_reviews":0,"footnotes":""},"categories":[],"class_list":["post-64794","page","type-page","status-publish"],"ams_acf":[],"wpcf-offer-link":null,"wpcf-does-the-offer-relate-to-gambling":null,"_wpscp_schedule_republish_date":null,"wpcf-exclude-republish":null,"wpcf-force-republish":null,"wpcf-exclude-email":null,"wpcf-individual-listing-id":null,"wpcf-include-social":null,"wpcf-social-template":null,"wpcf-expire-but-live":null,"_wow_auto_republish_settings":null,"wpcf-subject-line":null,"wpcf-intro-text":null,"wpcf-custom-text":null,"wpcf-custom-cta":null,"wpcf-affiliate-network":null,"_wpscp_schedule_draft_date":null,"wpcf-note":"","wpcf-network-offer-name":null,"toolset-meta":{"page-config":{"season":{"type":"select","raw":""}},"notes":{"note":{"type":"textarea","raw":""}}},"_links":{"self":[{"href":"https:\/\/freestuff.world\/sv\/wp-json\/wp\/v2\/pages\/64794","targetHints":{"allow":["GET"]}}],"collection":[{"href":"https:\/\/freestuff.world\/sv\/wp-json\/wp\/v2\/pages"}],"about":[{"href":"https:\/\/freestuff.world\/sv\/wp-json\/wp\/v2\/types\/page"}],"author":[{"embeddable":true,"href":"https:\/\/freestuff.world\/sv\/wp-json\/wp\/v2\/users\/1"}],"replies":[{"embeddable":true,"href":"https:\/\/freestuff.world\/sv\/wp-json\/wp\/v2\/comments?post=64794"}],"version-history":[{"count":1,"href":"https:\/\/freestuff.world\/sv\/wp-json\/wp\/v2\/pages\/64794\/revisions"}],"predecessor-version":[{"id":64795,"href":"https:\/\/freestuff.world\/sv\/wp-json\/wp\/v2\/pages\/64794\/revisions\/64795"}],"wp:attachment":[{"href":"https:\/\/freestuff.world\/sv\/wp-json\/wp\/v2\/media?parent=64794"}],"wp:term":[{"taxonomy":"category","embeddable":true,"href":"https:\/\/freestuff.world\/sv\/wp-json\/wp\/v2\/categories?post=64794"}],"curies":[{"name":"wp","href":"https:\/\/api.w.org\/{rel}","templated":true}]}}