{"id":64792,"date":"2024-02-24T15:20:05","date_gmt":"2024-02-24T14:20:05","guid":{"rendered":"https:\/\/freestuff.world\/information-om-dotterbolag\/"},"modified":"2025-12-04T14:53:50","modified_gmt":"2025-12-04T13:53:50","slug":"information-om-dotterbolag","status":"publish","type":"page","link":"https:\/\/freestuff.world\/sv\/information-om-dotterbolag\/","title":{"rendered":"Information om dotterbolag"},"content":{"rendered":"\n<p>P\u00e5 Free Stuff World erbjuder vi v\u00e5ra tj\u00e4nster till konsumenter helt gratis. Det \u00e4r dock viktigt att notera att medan vi listar ett brett utbud av erbjudanden och erbjudanden, kan vi tj\u00e4na affiliateprovisioner fr\u00e5n vissa av dem, som ibland kallas h\u00e4nvisningsavgifter. <\/p>\n\n<p>N\u00e4r du bes\u00f6ker n\u00e5got av de erbjudanden som finns p\u00e5 v\u00e5r webbplats kan en cookie placeras p\u00e5 din dator. Om du v\u00e4ljer att vidta en viss \u00e5tg\u00e4rd, t.ex. att g\u00f6ra ett k\u00f6p eller registrera dig f\u00f6r en tj\u00e4nst, kan vi f\u00e5 en provision f\u00f6r att ha h\u00e4nvisat dig. Denna praxis, som kallas affiliatemarknadsf\u00f6ring, hj\u00e4lper till att st\u00f6dja v\u00e5r plattform och g\u00f6r att vi kan forts\u00e4tta att tillhandah\u00e5lla v\u00e4rdefullt inneh\u00e5ll och m\u00f6jligheter till v\u00e5ra anv\u00e4ndare.  <\/p>\n","protected":false},"excerpt":{"rendered":"<p>P\u00e5 Free Stuff World erbjuder vi v\u00e5ra tj\u00e4nster till konsumenter helt gratis. Det \u00e4r dock viktigt att notera att medan vi listar ett brett utbud av erbjudanden och erbjudanden, kan vi tj\u00e4na affiliateprovisioner fr\u00e5n vissa av dem, som ibland kallas h\u00e4nvisningsavgifter. N\u00e4r du bes\u00f6ker n\u00e5got &#8230; <a title=\"Information om dotterbolag\" class=\"read-more\" href=\"https:\/\/freestuff.world\/sv\/information-om-dotterbolag\/\" aria-label=\"L\u00e4s mer om Information om dotterbolag\">Read more<\/a><\/p>\n","protected":false},"author":1,"featured_media":0,"parent":0,"menu_order":0,"comment_status":"closed","ping_status":"closed","template":"","meta":{"_relevanssi_hide_post":"","_relevanssi_hide_content":"","_relevanssi_pin_for_all":"","_relevanssi_pin_keywords":"","_relevanssi_unpin_keywords":"","_relevanssi_related_keywords":"","_relevanssi_related_include_ids":"","_relevanssi_related_exclude_ids":"","_relevanssi_related_no_append":"","_relevanssi_related_not_related":"","_relevanssi_related_posts":"","_relevanssi_noindex_reason":"","_glsr_average":0,"_glsr_ranking":0,"_glsr_reviews":0,"footnotes":""},"categories":[],"class_list":["post-64792","page","type-page","status-publish"],"ams_acf":[],"wpcf-offer-link":null,"wpcf-does-the-offer-relate-to-gambling":null,"_wpscp_schedule_republish_date":null,"wpcf-exclude-republish":null,"wpcf-force-republish":null,"wpcf-exclude-email":null,"wpcf-individual-listing-id":null,"wpcf-include-social":null,"wpcf-social-template":null,"wpcf-expire-but-live":null,"_wow_auto_republish_settings":null,"wpcf-subject-line":null,"wpcf-intro-text":null,"wpcf-custom-text":null,"wpcf-custom-cta":null,"wpcf-affiliate-network":null,"_wpscp_schedule_draft_date":null,"wpcf-note":"","wpcf-network-offer-name":null,"toolset-meta":{"page-config":{"season":{"type":"select","raw":""}},"notes":{"note":{"type":"textarea","raw":""}}},"_links":{"self":[{"href":"https:\/\/freestuff.world\/sv\/wp-json\/wp\/v2\/pages\/64792","targetHints":{"allow":["GET"]}}],"collection":[{"href":"https:\/\/freestuff.world\/sv\/wp-json\/wp\/v2\/pages"}],"about":[{"href":"https:\/\/freestuff.world\/sv\/wp-json\/wp\/v2\/types\/page"}],"author":[{"embeddable":true,"href":"https:\/\/freestuff.world\/sv\/wp-json\/wp\/v2\/users\/1"}],"replies":[{"embeddable":true,"href":"https:\/\/freestuff.world\/sv\/wp-json\/wp\/v2\/comments?post=64792"}],"version-history":[{"count":1,"href":"https:\/\/freestuff.world\/sv\/wp-json\/wp\/v2\/pages\/64792\/revisions"}],"predecessor-version":[{"id":64793,"href":"https:\/\/freestuff.world\/sv\/wp-json\/wp\/v2\/pages\/64792\/revisions\/64793"}],"wp:attachment":[{"href":"https:\/\/freestuff.world\/sv\/wp-json\/wp\/v2\/media?parent=64792"}],"wp:term":[{"taxonomy":"category","embeddable":true,"href":"https:\/\/freestuff.world\/sv\/wp-json\/wp\/v2\/categories?post=64792"}],"curies":[{"name":"wp","href":"https:\/\/api.w.org\/{rel}","templated":true}]}}