{"id":64781,"date":"2024-11-13T15:16:10","date_gmt":"2024-11-13T14:16:10","guid":{"rendered":"https:\/\/freestuff.world\/free-stuff-world-recensioner\/"},"modified":"2025-12-04T14:49:41","modified_gmt":"2025-12-04T13:49:41","slug":"free-stuff-world-recensioner","status":"publish","type":"page","link":"https:\/\/freestuff.world\/sv\/free-stuff-world-recensioner\/","title":{"rendered":"Free Stuff World Recensioner"},"content":{"rendered":"<div class=\"gb-grid-wrapper gb-grid-wrapper-0ec64a75\">\n<div class=\"gb-grid-column gb-grid-column-d64bd2c8\"><div class=\"gb-container gb-container-d64bd2c8\">\n\n<p>Vill du h\u00f6ra vad v\u00e5ra anv\u00e4ndare tycker om webbplatsen Free Stuff World? Kolla in alla recensioner som anv\u00e4ndare har l\u00e4mnat p\u00e5 v\u00e5r webbplats nedan f\u00f6r att se vad v\u00e5ra anv\u00e4ndare tycker. \ud83d\ude0a<\/p>\n\n\n\n<p>Vill du l\u00e4mna en recension? Du kan g\u00f6ra det <a href=\"https:\/\/freestuff.world\/leave-a-review\/\">h\u00e4r.<\/a> <\/p>\n\n<\/div><\/div>\n\n<div class=\"gb-grid-column gb-grid-column-5914050b\"><div class=\"gb-container gb-container-5914050b reviewPageSummary\">\n<div class=\"shortcode-site-reviews-summary\"><div class=\"glsr glsr-default\" id=\"glsr_gyfaoeu6\" data-from=\"shortcode\" data-shortcode=\"site_reviews_summary\" data-hide=\"bars,rating\"><div class=\"glsr-summary-wrap\">\n    <div class=\"glsr-summary\">\n        \n        <div class=\"glsr-summary-stars\"><div class=\"glsr-star-rating glsr-stars\" role=\"img\" aria-label=\"Rated 4,4 out of 5 stars based on 537 ratings\" data-rating=\"4.4\" data-reviews=\"537\"><span class=\"glsr-star glsr-star-full\" aria-hidden=\"true\"><\/span><span class=\"glsr-star glsr-star-full\" aria-hidden=\"true\"><\/span><span class=\"glsr-star glsr-star-full\" aria-hidden=\"true\"><\/span><span class=\"glsr-star glsr-star-full\" aria-hidden=\"true\"><\/span><span class=\"glsr-star glsr-star-half\" aria-hidden=\"true\"><\/span><\/div><\/div>\n        <div class=\"glsr-summary-text\"><span class=\"glsr-tag-value\">4,4 out of 5 stars (based on 537 reviews)<\/span><\/div>\n        \n    <\/div>\n<\/div><\/div><\/div>\n\n<\/div><\/div>\n<\/div>\n<hr class=\"wp-block-separator has-alpha-channel-opacity\"\/>\n<div class=\"shortcode-site-reviews\"><div class=\"glsr glsr-default\" id=\"glsr_lv4cns4u\" data-from=\"shortcode\" data-shortcode=\"site_reviews\" data-pagination=\"ajax\"><div class=\"glsr-reviews-wrap\">\n    <div class=\"glsr-reviews\">\n        <div class=\"glsr-review\" data-id=\"72395\" data-type=\"local\" id=\"review-72395\" data-assigned='[]'>\n    <div class=\"glsr-review-title\"><h4 class=\"glsr-tag-value\">Having previous problems claims<\/h4><\/div>\n    <div class=\"glsr-review-rating\"><div class=\"glsr-star-rating glsr-stars\" role=\"img\" aria-label=\"Rated 2 out of 5 stars\" data-rating=\"2\" data-reviews=\"0\"><span class=\"glsr-star glsr-star-full\" aria-hidden=\"true\"><\/span><span class=\"glsr-star glsr-star-full\" aria-hidden=\"true\"><\/span><span class=\"glsr-star glsr-star-empty\" aria-hidden=\"true\"><\/span><span class=\"glsr-star glsr-star-empty\" aria-hidden=\"true\"><\/span><span class=\"glsr-star glsr-star-empty\" aria-hidden=\"true\"><\/span><\/div><\/div> <div class=\"glsr-review-date\"><span class=\"glsr-tag-value\">5 april 2026<\/span><\/div>\n    \n    <div class=\"glsr-review-content\"><div class=\"glsr-tag-value\" data-expanded=\"false\"><p>I&#8217;d say from experience that you have never given me anything<\/p><\/div><\/div>\n    <div class=\"glsr-review-avatar\"><img decoding=\"async\" style=\"width:40px; height:40px;\" alt=\"Avatar for Sifiso\" height=\"80\" loading=\"lazy\" src=\"https:\/\/cdn.freestuff.world\/wp-content\/uploads\/site-reviews\/avatars\/9e063e1f155adf5.svg\" width=\"80\" \/><\/div>\n    <div class=\"glsr-review-author\"><span class=\"glsr-tag-value\">Sifiso<\/span><\/div>  \n    \n<\/div>\n<div class=\"glsr-review\" data-id=\"72136\" data-type=\"local\" id=\"review-72136\" data-assigned='[]'>\n    <div class=\"glsr-review-title\"><h4 class=\"glsr-tag-value\">Looks good<\/h4><\/div>\n    <div class=\"glsr-review-rating\"><div class=\"glsr-star-rating glsr-stars\" role=\"img\" aria-label=\"Rated 3 out of 5 stars\" data-rating=\"3\" data-reviews=\"0\"><span class=\"glsr-star glsr-star-full\" aria-hidden=\"true\"><\/span><span class=\"glsr-star glsr-star-full\" aria-hidden=\"true\"><\/span><span class=\"glsr-star glsr-star-full\" aria-hidden=\"true\"><\/span><span class=\"glsr-star glsr-star-empty\" aria-hidden=\"true\"><\/span><span class=\"glsr-star glsr-star-empty\" aria-hidden=\"true\"><\/span><\/div><\/div> <div class=\"glsr-review-date\"><span class=\"glsr-tag-value\">30 mars 2026<\/span><\/div>\n    \n    <div class=\"glsr-review-content\"><div class=\"glsr-tag-value\" data-expanded=\"false\"><p>Everything looks good I really hope that one day I&#8217;ll win something<\/p><\/div><\/div>\n    <div class=\"glsr-review-avatar\"><img decoding=\"async\" style=\"width:40px; height:40px;\" alt=\"Avatar for Leane\" height=\"80\" loading=\"lazy\" src=\"https:\/\/cdn.freestuff.world\/wp-content\/uploads\/site-reviews\/avatars\/de44302ea0f9cef.svg\" width=\"80\" \/><\/div>\n    <div class=\"glsr-review-author\"><span class=\"glsr-tag-value\">Leane<\/span><\/div>  \n    \n<\/div>\n<div class=\"glsr-review\" data-id=\"71889\" data-type=\"local\" id=\"review-71889\" data-assigned='[]'>\n    <div class=\"glsr-review-title\"><h4 class=\"glsr-tag-value\">Hope it's true<\/h4><\/div>\n    <div class=\"glsr-review-rating\"><div class=\"glsr-star-rating glsr-stars\" role=\"img\" aria-label=\"Rated 4 out of 5 stars\" data-rating=\"4\" data-reviews=\"0\"><span class=\"glsr-star glsr-star-full\" aria-hidden=\"true\"><\/span><span class=\"glsr-star glsr-star-full\" aria-hidden=\"true\"><\/span><span class=\"glsr-star glsr-star-full\" aria-hidden=\"true\"><\/span><span class=\"glsr-star glsr-star-full\" aria-hidden=\"true\"><\/span><span class=\"glsr-star glsr-star-empty\" aria-hidden=\"true\"><\/span><\/div><\/div> <div class=\"glsr-review-date\"><span class=\"glsr-tag-value\">25 mars 2026<\/span><\/div>\n    \n    <div class=\"glsr-review-content\"><div class=\"glsr-tag-value\" data-expanded=\"false\"><p>I will be so happy<\/p><\/div><\/div>\n    <div class=\"glsr-review-avatar\"><img decoding=\"async\" style=\"width:40px; height:40px;\" alt=\"Avatar for Mischka\" height=\"80\" loading=\"lazy\" src=\"https:\/\/cdn.freestuff.world\/wp-content\/uploads\/site-reviews\/avatars\/7f39016ca45c201.svg\" width=\"80\" \/><\/div>\n    <div class=\"glsr-review-author\"><span class=\"glsr-tag-value\">Mischka<\/span><\/div>  \n    \n<\/div>\n<div class=\"glsr-review\" data-id=\"71401\" data-type=\"local\" id=\"review-71401\" data-assigned='[]'>\n    <div class=\"glsr-review-title\"><h4 class=\"glsr-tag-value\">Honesty<\/h4><\/div>\n    <div class=\"glsr-review-rating\"><div class=\"glsr-star-rating glsr-stars\" role=\"img\" aria-label=\"Rated 2 out of 5 stars\" data-rating=\"2\" data-reviews=\"0\"><span class=\"glsr-star glsr-star-full\" aria-hidden=\"true\"><\/span><span class=\"glsr-star glsr-star-full\" aria-hidden=\"true\"><\/span><span class=\"glsr-star glsr-star-empty\" aria-hidden=\"true\"><\/span><span class=\"glsr-star glsr-star-empty\" aria-hidden=\"true\"><\/span><span class=\"glsr-star glsr-star-empty\" aria-hidden=\"true\"><\/span><\/div><\/div> <div class=\"glsr-review-date\"><span class=\"glsr-tag-value\">16 mars 2026<\/span><\/div>\n    \n    <div class=\"glsr-review-content\"><div class=\"glsr-tag-value\" data-expanded=\"false\"><p>I have been using this website but can&#8217;t get anything touchy. how come?<\/p><\/div><\/div>\n    <div class=\"glsr-review-avatar\"><img decoding=\"async\" style=\"width:40px; height:40px;\" alt=\"Avatar for Warren\" height=\"80\" loading=\"lazy\" src=\"https:\/\/cdn.freestuff.world\/wp-content\/uploads\/site-reviews\/avatars\/de562bc61385022.svg\" width=\"80\" \/><\/div>\n    <div class=\"glsr-review-author\"><span class=\"glsr-tag-value\">Warren<\/span><\/div>  \n    \n<\/div>\n<div class=\"glsr-review\" data-id=\"70743\" data-type=\"local\" id=\"review-70743\" data-assigned='[]'>\n    <div class=\"glsr-review-title\"><h4 class=\"glsr-tag-value\">My voice<\/h4><\/div>\n    <div class=\"glsr-review-rating\"><div class=\"glsr-star-rating glsr-stars\" role=\"img\" aria-label=\"Rated 3 out of 5 stars\" data-rating=\"3\" data-reviews=\"0\"><span class=\"glsr-star glsr-star-full\" aria-hidden=\"true\"><\/span><span class=\"glsr-star glsr-star-full\" aria-hidden=\"true\"><\/span><span class=\"glsr-star glsr-star-full\" aria-hidden=\"true\"><\/span><span class=\"glsr-star glsr-star-empty\" aria-hidden=\"true\"><\/span><span class=\"glsr-star glsr-star-empty\" aria-hidden=\"true\"><\/span><\/div><\/div> <div class=\"glsr-review-date\"><span class=\"glsr-tag-value\">4 mars 2026<\/span><\/div>\n    \n    <div class=\"glsr-review-content\"><div class=\"glsr-tag-value\" data-expanded=\"false\"><p>Overall good platform. Could always improve<\/p><\/div><\/div>\n    <div class=\"glsr-review-avatar\"><img decoding=\"async\" style=\"width:40px; height:40px;\" alt=\"Avatar for Elsabe\" height=\"80\" loading=\"lazy\" src=\"https:\/\/cdn.freestuff.world\/wp-content\/uploads\/site-reviews\/avatars\/87e8da295fbca77.svg\" width=\"80\" \/><\/div>\n    <div class=\"glsr-review-author\"><span class=\"glsr-tag-value\">Elsabe<\/span><\/div>  \n    \n<\/div>\n    <\/div>\n    <div class=\"glsr-pagination glsr-ajax-pagination\" data-class=\"glsr glsr-default\" data-id=\"glsr_lv4cns4u\" data-pagination=\"ajax\"><div class=\"pagination\">\n    <nav class=\"navigation\" role=\"navigation\">\n        <h2 class=\"screen-reader-text\">Site Reviews navigation<\/h2>\n        <div class=\"nav-links\">\n            <span class=\"page-numbers current\" aria-current=\"page\" data-page=\"1\"><span class=\"meta-nav screen-reader-text\">Page <\/span>1<\/span>\n<a class=\"page-numbers\" data-page=\"2\" href=\"https:\/\/freestuff.world\/sv\/free-stuff-world-recensioner\/?reviews-page=2\"><span class=\"meta-nav screen-reader-text\">Page <\/span>2<\/a>\n<a class=\"page-numbers\" data-page=\"3\" href=\"https:\/\/freestuff.world\/sv\/free-stuff-world-recensioner\/?reviews-page=3\"><span class=\"meta-nav screen-reader-text\">Page <\/span>3<\/a>\n<span class=\"page-numbers dots\">&hellip;<\/span>\n<a class=\"page-numbers\" data-page=\"108\" href=\"https:\/\/freestuff.world\/sv\/free-stuff-world-recensioner\/?reviews-page=108\"><span class=\"meta-nav screen-reader-text\">Page <\/span>108<\/a>\n<a class=\"page-numbers next\" data-page=\"2\" href=\"https:\/\/freestuff.world\/sv\/free-stuff-world-recensioner\/?reviews-page=2\">Next<\/a>\n        <\/div>\n    <\/nav>\n<\/div><\/div>\n<\/div><\/div><\/div>\n","protected":false},"excerpt":{"rendered":"","protected":false},"author":1,"featured_media":0,"parent":0,"menu_order":0,"comment_status":"closed","ping_status":"closed","template":"","meta":{"_relevanssi_hide_post":"","_relevanssi_hide_content":"","_relevanssi_pin_for_all":"","_relevanssi_pin_keywords":"","_relevanssi_unpin_keywords":"","_relevanssi_related_keywords":"","_relevanssi_related_include_ids":"","_relevanssi_related_exclude_ids":"","_relevanssi_related_no_append":"","_relevanssi_related_not_related":"","_relevanssi_related_posts":"","_relevanssi_noindex_reason":"","_glsr_average":0,"_glsr_ranking":0,"_glsr_reviews":0,"footnotes":""},"categories":[],"class_list":["post-64781","page","type-page","status-publish"],"ams_acf":[],"wpcf-offer-link":null,"wpcf-does-the-offer-relate-to-gambling":null,"_wpscp_schedule_republish_date":null,"wpcf-exclude-republish":null,"wpcf-force-republish":null,"wpcf-exclude-email":null,"wpcf-individual-listing-id":null,"wpcf-include-social":null,"wpcf-social-template":null,"wpcf-expire-but-live":null,"_wow_auto_republish_settings":null,"wpcf-subject-line":null,"wpcf-intro-text":null,"wpcf-custom-text":null,"wpcf-custom-cta":null,"wpcf-affiliate-network":null,"_wpscp_schedule_draft_date":null,"wpcf-note":"","wpcf-network-offer-name":null,"toolset-meta":{"page-config":{"season":{"type":"select","raw":""}},"notes":{"note":{"type":"textarea","raw":""}}},"_links":{"self":[{"href":"https:\/\/freestuff.world\/sv\/wp-json\/wp\/v2\/pages\/64781","targetHints":{"allow":["GET"]}}],"collection":[{"href":"https:\/\/freestuff.world\/sv\/wp-json\/wp\/v2\/pages"}],"about":[{"href":"https:\/\/freestuff.world\/sv\/wp-json\/wp\/v2\/types\/page"}],"author":[{"embeddable":true,"href":"https:\/\/freestuff.world\/sv\/wp-json\/wp\/v2\/users\/1"}],"replies":[{"embeddable":true,"href":"https:\/\/freestuff.world\/sv\/wp-json\/wp\/v2\/comments?post=64781"}],"version-history":[{"count":1,"href":"https:\/\/freestuff.world\/sv\/wp-json\/wp\/v2\/pages\/64781\/revisions"}],"predecessor-version":[{"id":64782,"href":"https:\/\/freestuff.world\/sv\/wp-json\/wp\/v2\/pages\/64781\/revisions\/64782"}],"wp:attachment":[{"href":"https:\/\/freestuff.world\/sv\/wp-json\/wp\/v2\/media?parent=64781"}],"wp:term":[{"taxonomy":"category","embeddable":true,"href":"https:\/\/freestuff.world\/sv\/wp-json\/wp\/v2\/categories?post=64781"}],"curies":[{"name":"wp","href":"https:\/\/api.w.org\/{rel}","templated":true}]}}