{"id":64779,"date":"2023-08-09T17:32:32","date_gmt":"2023-08-09T16:32:32","guid":{"rendered":"https:\/\/freestuff.world\/bekrafta-din-e-postadress\/"},"modified":"2025-12-04T14:49:41","modified_gmt":"2025-12-04T13:49:41","slug":"bekrafta-din-e-postadress","status":"publish","type":"page","link":"https:\/\/freestuff.world\/sv\/bekrafta-din-e-postadress\/","title":{"rendered":"Bekr\u00e4fta din e-postadress"},"content":{"rendered":"\n<p>Tack f\u00f6r att du har anm\u00e4lt dig till Free Stuff Worlds nyhetsbrev! Innan du kan b\u00f6rja ta emot nyhetsbrev <strong>m\u00e5ste<\/strong> du bekr\u00e4fta din e-postadress. <\/p>\n\n<p>Logga in p\u00e5 ditt e-postkonto och klicka p\u00e5 l\u00e4nken i e-postmeddelandet som vi har skickat till dig f\u00f6r att verifiera din e-postadress.<\/p>\n","protected":false},"excerpt":{"rendered":"<p>Tack f\u00f6r att du har anm\u00e4lt dig till Free Stuff Worlds nyhetsbrev! Innan du kan b\u00f6rja ta emot nyhetsbrev m\u00e5ste du bekr\u00e4fta din e-postadress. Logga in p\u00e5 ditt e-postkonto och klicka p\u00e5 l\u00e4nken i e-postmeddelandet som vi har skickat till dig f\u00f6r att verifiera din &#8230; <a title=\"Bekr\u00e4fta din e-postadress\" class=\"read-more\" href=\"https:\/\/freestuff.world\/sv\/bekrafta-din-e-postadress\/\" aria-label=\"L\u00e4s mer om Bekr\u00e4fta din e-postadress\">Read more<\/a><\/p>\n","protected":false},"author":1,"featured_media":0,"parent":0,"menu_order":0,"comment_status":"closed","ping_status":"closed","template":"","meta":{"_relevanssi_hide_post":"","_relevanssi_hide_content":"","_relevanssi_pin_for_all":"","_relevanssi_pin_keywords":"","_relevanssi_unpin_keywords":"","_relevanssi_related_keywords":"","_relevanssi_related_include_ids":"","_relevanssi_related_exclude_ids":"","_relevanssi_related_no_append":"","_relevanssi_related_not_related":"","_relevanssi_related_posts":"","_relevanssi_noindex_reason":"","_glsr_average":0,"_glsr_ranking":0,"_glsr_reviews":0,"footnotes":""},"categories":[],"class_list":["post-64779","page","type-page","status-publish"],"ams_acf":[],"wpcf-offer-link":null,"wpcf-does-the-offer-relate-to-gambling":null,"_wpscp_schedule_republish_date":null,"wpcf-exclude-republish":null,"wpcf-force-republish":null,"wpcf-exclude-email":null,"wpcf-individual-listing-id":null,"wpcf-include-social":null,"wpcf-social-template":null,"wpcf-expire-but-live":null,"_wow_auto_republish_settings":null,"wpcf-subject-line":null,"wpcf-intro-text":null,"wpcf-custom-text":null,"wpcf-custom-cta":null,"wpcf-affiliate-network":null,"_wpscp_schedule_draft_date":null,"wpcf-note":"","wpcf-network-offer-name":null,"toolset-meta":{"page-config":{"season":{"type":"select","raw":""}},"notes":{"note":{"type":"textarea","raw":""}}},"_links":{"self":[{"href":"https:\/\/freestuff.world\/sv\/wp-json\/wp\/v2\/pages\/64779","targetHints":{"allow":["GET"]}}],"collection":[{"href":"https:\/\/freestuff.world\/sv\/wp-json\/wp\/v2\/pages"}],"about":[{"href":"https:\/\/freestuff.world\/sv\/wp-json\/wp\/v2\/types\/page"}],"author":[{"embeddable":true,"href":"https:\/\/freestuff.world\/sv\/wp-json\/wp\/v2\/users\/1"}],"replies":[{"embeddable":true,"href":"https:\/\/freestuff.world\/sv\/wp-json\/wp\/v2\/comments?post=64779"}],"version-history":[{"count":1,"href":"https:\/\/freestuff.world\/sv\/wp-json\/wp\/v2\/pages\/64779\/revisions"}],"predecessor-version":[{"id":64780,"href":"https:\/\/freestuff.world\/sv\/wp-json\/wp\/v2\/pages\/64779\/revisions\/64780"}],"wp:attachment":[{"href":"https:\/\/freestuff.world\/sv\/wp-json\/wp\/v2\/media?parent=64779"}],"wp:term":[{"taxonomy":"category","embeddable":true,"href":"https:\/\/freestuff.world\/sv\/wp-json\/wp\/v2\/categories?post=64779"}],"curies":[{"name":"wp","href":"https:\/\/api.w.org\/{rel}","templated":true}]}}