{"id":64774,"date":"2023-10-12T15:01:33","date_gmt":"2023-10-12T14:01:33","guid":{"rendered":"https:\/\/freestuff.world\/mobilappen-for-free-stuff-world\/"},"modified":"2025-12-04T14:49:08","modified_gmt":"2025-12-04T13:49:08","slug":"mobilappen-for-free-stuff-world","status":"publish","type":"page","link":"https:\/\/freestuff.world\/sv\/mobilappen-for-free-stuff-world\/","title":{"rendered":"Mobilappen f\u00f6r Free Stuff World"},"content":{"rendered":"\n<p>Ladda ner Free Stuff World-appen f\u00f6r att f\u00e5 snabbare och enklare tillg\u00e5ng till de <strong>senaste gratiserbjudandena<\/strong> fr\u00e5n hela v\u00e4rlden p\u00e5 din mobila enhet!<\/p>\n\n<p>Free Stuff World-appen g\u00f6r det enkelt att komma \u00e5t de erbjudanden som listas p\u00e5 webbplatsen och snabbt hitta erbjudanden per land s\u00e5 att du kan hitta de mest relevanta gratiserbjudandena d\u00e4r du bor.<\/p>\n\n<p>Med appen hittar du allt fr\u00e5n gratis parfymprover till betalda unders\u00f6kningar och produkttestm\u00f6jligheter.<\/p>\n\n<div class=\"wp-block-columns is-layout-flex wp-container-core-columns-is-layout-9d6595d7 wp-block-columns-is-layout-flex\">\n<div class=\"wp-block-column is-layout-flow wp-block-column-is-layout-flow\" style=\"flex-basis:66.66%\">\n<h2 class=\"wp-block-heading\">Funktioner i appen<\/h2>\n\n\n\n<ul class=\"wp-block-list\">\n<li>Hundratals freebies att v\u00e4lja mellan!<\/li>\n\n\n\n<li>Dela erbjudanden med v\u00e4nner p\u00e5 sociala medier.<\/li>\n\n\n\n<li>100% gratis, bara massor av bra erbjudanden fr\u00e5n hundratals varum\u00e4rken.<\/li>\n\n\n\n<li>Spara dina favoritfrierier i din egen personliga lista f\u00f6r att kunna anv\u00e4nda dem senare (endast iOS)<\/li>\n\n\n\n<li>Sp\u00e5ra n\u00e4r du beg\u00e4rde en freebie s\u00e5 att du kan h\u00e5lla reda p\u00e5 n\u00e4r freebies ska komma (endast iOS)<\/li>\n<\/ul>\n<\/div>\n\n\n\n<div class=\"wp-block-column is-layout-flow wp-block-column-is-layout-flow\" style=\"flex-basis:33.33%\"><div class=\"wp-block-image\">\n<figure class=\"aligncenter size-full is-resized\"><img decoding=\"async\" width=\"400\" height=\"600\" src=\"https:\/\/cdn.freestuff.world\/wp-content\/uploads\/2025\/09\/FSW-Mobile-Screenshot.png?strip=all\" alt=\"Stillbild av mobilappen Free Stuff World p&#xE5; iPhone\" class=\"wp-image-60112\" style=\"width:198px;height:277px\" srcset=\"https:\/\/cdn.freestuff.world\/wp-content\/uploads\/2025\/09\/FSW-Mobile-Screenshot.png?strip=all 400w, https:\/\/cdn.freestuff.world\/wp-content\/uploads\/2025\/09\/FSW-Mobile-Screenshot-200x300.png?strip=all 200w, https:\/\/cdn.freestuff.world\/wp-content\/uploads\/2025\/09\/FSW-Mobile-Screenshot.png?strip=all&amp;w=80 80w, https:\/\/cdn.freestuff.world\/wp-content\/uploads\/2025\/09\/FSW-Mobile-Screenshot.png?strip=all&amp;w=320 320w\" sizes=\"(max-width: 400px) 100vw, 400px\" \/><\/figure>\n<\/div><\/div>\n<\/div>\n\n<h2 class=\"wp-block-heading\">Ladda ner appen gratis<\/h2>\n\n<figure class=\"wp-block-image size-large is-resized\"><a href=\"https:\/\/apps.apple.com\/us\/app\/freestuffworld\/id6749622031\" target=\"_blank\" rel=\" noreferrer noopener\"><img decoding=\"async\" width=\"119\" height=\"40\" src=\"https:\/\/cdn.freestuff.world\/wp-content\/uploads\/2025\/09\/download-app-store.svg\" alt=\"Ladda ner Free Stuff World p&#xE5; App Store.\" class=\"wp-image-59581\" style=\"width:164px;height:auto\"\/><\/a><\/figure>\n\n<figure class=\"wp-block-image size-full is-resized\"><a href=\"https:\/\/play.google.com\/store\/apps\/details?id=app.freestuffworld.android\" target=\"_blank\" rel=\"noreferrer noopener\"><img decoding=\"async\" width=\"300\" height=\"88\" src=\"https:\/\/cdn.freestuff.world\/wp-content\/uploads\/2023\/10\/google-play-hq.png?strip=all\" alt=\"Ladda ner appen p&#xE5; Google Play\" class=\"wp-image-5005\" style=\"width:162px;height:48px\" srcset=\"https:\/\/cdn.freestuff.world\/wp-content\/uploads\/2023\/10\/google-play-hq.png?strip=all 300w, https:\/\/cdn.freestuff.world\/wp-content\/uploads\/2023\/10\/google-play-hq.png?strip=all&amp;w=60 60w, https:\/\/cdn.freestuff.world\/wp-content\/uploads\/2023\/10\/google-play-hq.png?strip=all&amp;w=120 120w, https:\/\/cdn.freestuff.world\/wp-content\/uploads\/2023\/10\/google-play-hq.png?strip=all&amp;w=180 180w, https:\/\/cdn.freestuff.world\/wp-content\/uploads\/2023\/10\/google-play-hq.png?strip=all&amp;w=240 240w\" sizes=\"(max-width: 300px) 100vw, 300px\" \/><\/a><\/figure>\n","protected":false},"excerpt":{"rendered":"<p>Ladda ner Free Stuff World-appen f\u00f6r att f\u00e5 snabbare och enklare tillg\u00e5ng till de senaste gratiserbjudandena fr\u00e5n hela v\u00e4rlden p\u00e5 din mobila enhet! Free Stuff World-appen g\u00f6r det enkelt att komma \u00e5t de erbjudanden som listas p\u00e5 webbplatsen och snabbt hitta erbjudanden per land s\u00e5 &#8230; <a title=\"Mobilappen f\u00f6r Free Stuff World\" class=\"read-more\" href=\"https:\/\/freestuff.world\/sv\/mobilappen-for-free-stuff-world\/\" aria-label=\"L\u00e4s mer om Mobilappen f\u00f6r Free Stuff World\">Read more<\/a><\/p>\n","protected":false},"author":1,"featured_media":0,"parent":0,"menu_order":0,"comment_status":"closed","ping_status":"closed","template":"","meta":{"_relevanssi_hide_post":"","_relevanssi_hide_content":"","_relevanssi_pin_for_all":"","_relevanssi_pin_keywords":"","_relevanssi_unpin_keywords":"","_relevanssi_related_keywords":"","_relevanssi_related_include_ids":"","_relevanssi_related_exclude_ids":"","_relevanssi_related_no_append":"","_relevanssi_related_not_related":"","_relevanssi_related_posts":"","_relevanssi_noindex_reason":"","_glsr_average":0,"_glsr_ranking":0,"_glsr_reviews":0,"footnotes":""},"categories":[],"class_list":["post-64774","page","type-page","status-publish"],"ams_acf":[],"wpcf-offer-link":null,"wpcf-does-the-offer-relate-to-gambling":null,"_wpscp_schedule_republish_date":null,"wpcf-exclude-republish":null,"wpcf-force-republish":null,"wpcf-exclude-email":null,"wpcf-individual-listing-id":null,"wpcf-include-social":null,"wpcf-social-template":null,"wpcf-expire-but-live":null,"_wow_auto_republish_settings":null,"wpcf-subject-line":null,"wpcf-intro-text":null,"wpcf-custom-text":null,"wpcf-custom-cta":null,"wpcf-affiliate-network":null,"_wpscp_schedule_draft_date":null,"wpcf-note":"","wpcf-network-offer-name":null,"toolset-meta":{"page-config":{"season":{"type":"select","raw":""}},"notes":{"note":{"type":"textarea","raw":""}}},"_links":{"self":[{"href":"https:\/\/freestuff.world\/sv\/wp-json\/wp\/v2\/pages\/64774","targetHints":{"allow":["GET"]}}],"collection":[{"href":"https:\/\/freestuff.world\/sv\/wp-json\/wp\/v2\/pages"}],"about":[{"href":"https:\/\/freestuff.world\/sv\/wp-json\/wp\/v2\/types\/page"}],"author":[{"embeddable":true,"href":"https:\/\/freestuff.world\/sv\/wp-json\/wp\/v2\/users\/1"}],"replies":[{"embeddable":true,"href":"https:\/\/freestuff.world\/sv\/wp-json\/wp\/v2\/comments?post=64774"}],"version-history":[{"count":1,"href":"https:\/\/freestuff.world\/sv\/wp-json\/wp\/v2\/pages\/64774\/revisions"}],"predecessor-version":[{"id":64775,"href":"https:\/\/freestuff.world\/sv\/wp-json\/wp\/v2\/pages\/64774\/revisions\/64775"}],"wp:attachment":[{"href":"https:\/\/freestuff.world\/sv\/wp-json\/wp\/v2\/media?parent=64774"}],"wp:term":[{"taxonomy":"category","embeddable":true,"href":"https:\/\/freestuff.world\/sv\/wp-json\/wp\/v2\/categories?post=64774"}],"curies":[{"name":"wp","href":"https:\/\/api.w.org\/{rel}","templated":true}]}}