{"id":64772,"date":"2023-08-09T17:34:39","date_gmt":"2023-08-09T16:34:39","guid":{"rendered":"https:\/\/freestuff.world\/tack-for-att-du-anmalde-dig-till-free-stuff-world-newsletter\/"},"modified":"2025-12-04T14:49:08","modified_gmt":"2025-12-04T13:49:08","slug":"tack-for-att-du-anmalde-dig-till-free-stuff-world-newsletter","status":"publish","type":"page","link":"https:\/\/freestuff.world\/sv\/tack-for-att-du-anmalde-dig-till-free-stuff-world-newsletter\/","title":{"rendered":"Tack f\u00f6r att du anm\u00e4lde dig till Free Stuff World Newsletter!"},"content":{"rendered":"\n<p>Tack f\u00f6r att du registrerade dig f\u00f6r Free Stuff World-nyhetsbrevet, du kommer nu regelbundet att f\u00e5 e-postuppdateringar med n\u00e5gra av de nyaste och b\u00e4sta gratisproverna, t\u00e4vlingarna, betalda unders\u00f6kningarna, erbjudanden och mer direkt till din e-postinkorg. \ud83c\udf89<\/p>\n\n<hr class=\"wp-block-separator has-alpha-channel-opacity\"\/>\n\n<h2 class=\"wp-block-heading\">Kom ig\u00e5ng med att hitta erbjudanden nu&#8230;<\/h2>\n\n<p>Vill du hitta n\u00e5gra fantastiska gratisprover nu? Bl\u00e4ddra bland erbjudanden per land nedan. <\/p>\n<div class=\"gb-grid-wrapper gb-grid-wrapper-449d44cb\">\n<div class=\"gb-grid-column gb-grid-column-559db6a9\"><div class=\"gb-container gb-container-559db6a9\"><div class=\"gb-inside-container\">\n\n<figure class=\"wp-block-image size-full is-resized is-style-rounded border\"><a href=\"https:\/\/freestuff.world\/sv\/kanada\/\"><img decoding=\"async\" src=\"https:\/\/cdn.freestuff.world\/wp-content\/uploads\/2021\/07\/canada.png?strip=all\" alt=\"\" class=\"wp-image-111\" style=\"width:128px;height:128px\" width=\"128\" height=\"128\" srcset=\"https:\/\/cdn.freestuff.world\/wp-content\/uploads\/2021\/07\/canada.png?strip=all 512w, https:\/\/cdn.freestuff.world\/wp-content\/uploads\/2021\/07\/canada-300x300.png?strip=all 300w, https:\/\/cdn.freestuff.world\/wp-content\/uploads\/2021\/07\/canada-150x150.png?strip=all 150w, https:\/\/cdn.freestuff.world\/wp-content\/uploads\/2021\/07\/canada.png?strip=all&amp;w=204 204w, https:\/\/cdn.freestuff.world\/wp-content\/uploads\/2021\/07\/canada.png?strip=all&amp;w=409 409w\" sizes=\"(max-width: 128px) 100vw, 128px\" \/><\/a><\/figure>\n\n\n\n<p><\/p>\n\n\n\n<p><a href=\"https:\/\/freestuff.world\/sv\/kanada\/\" data-type=\"URL\" data-id=\"http:\/\/freestuff.world\/canada\/\">Kanada<\/a><\/p>\n\n<\/div><\/div><\/div>\n\n<div class=\"gb-grid-column gb-grid-column-ef8a2357\"><div class=\"gb-container gb-container-ef8a2357\"><div class=\"gb-inside-container\">\n\n<figure class=\"wp-block-image size-full is-resized is-style-rounded border\"><a href=\"https:\/\/freestuff.world\/sv\/%f0%9f%87%a8%f0%9f%87%bf-tjeckien-gratis-erbjudanden\/\"><img decoding=\"async\" src=\"https:\/\/cdn.freestuff.world\/wp-content\/uploads\/2022\/08\/czech-republic.png?strip=all\" alt=\"Tjeckien\" class=\"wp-image-1152\" style=\"width:128px;height:128px\" width=\"128\" height=\"128\" srcset=\"https:\/\/cdn.freestuff.world\/wp-content\/uploads\/2022\/08\/czech-republic.png?strip=all 512w, https:\/\/cdn.freestuff.world\/wp-content\/uploads\/2022\/08\/czech-republic-300x300.png?strip=all 300w, https:\/\/cdn.freestuff.world\/wp-content\/uploads\/2022\/08\/czech-republic-150x150.png?strip=all 150w, https:\/\/cdn.freestuff.world\/wp-content\/uploads\/2022\/08\/czech-republic.png?strip=all&amp;w=204 204w, https:\/\/cdn.freestuff.world\/wp-content\/uploads\/2022\/08\/czech-republic.png?strip=all&amp;w=409 409w\" sizes=\"(max-width: 128px) 100vw, 128px\" \/><\/a><\/figure>\n\n\n\n<p><\/p>\n\n\n\n<p><a href=\"https:\/\/freestuff.world\/sv\/%f0%9f%87%a8%f0%9f%87%bf-tjeckien-gratis-erbjudanden\/\" data-type=\"URL\" data-id=\"http:\/\/freestuff.world\/canada\/\">Tjeckien<\/a><\/p>\n\n<\/div><\/div><\/div>\n\n<div class=\"gb-grid-column gb-grid-column-345ccaa0\"><div class=\"gb-container gb-container-345ccaa0\"><div class=\"gb-inside-container\">\n\n<figure class=\"wp-block-image size-full is-resized is-style-rounded border\"><a href=\"https:\/\/freestuff.world\/sv\/%f0%9f%87%ab%f0%9f%87%b7-gratis-erbjudanden-i-frankrike\/\"><img decoding=\"async\" src=\"https:\/\/cdn.freestuff.world\/wp-content\/uploads\/2022\/08\/france.png?strip=all\" alt=\"Frankrike\" class=\"wp-image-1158\" style=\"width:128px;height:128px\" width=\"128\" height=\"128\" srcset=\"https:\/\/cdn.freestuff.world\/wp-content\/uploads\/2022\/08\/france.png?strip=all 512w, https:\/\/cdn.freestuff.world\/wp-content\/uploads\/2022\/08\/france-300x300.png?strip=all 300w, https:\/\/cdn.freestuff.world\/wp-content\/uploads\/2022\/08\/france-150x150.png?strip=all 150w, https:\/\/cdn.freestuff.world\/wp-content\/uploads\/2022\/08\/france.png?strip=all&amp;w=204 204w, https:\/\/cdn.freestuff.world\/wp-content\/uploads\/2022\/08\/france.png?strip=all&amp;w=409 409w\" sizes=\"(max-width: 128px) 100vw, 128px\" \/><\/a><\/figure>\n\n\n\n<p><\/p>\n\n\n\n<p><a href=\"https:\/\/freestuff.world\/sv\/%f0%9f%87%ab%f0%9f%87%b7-gratis-erbjudanden-i-frankrike\/\" data-type=\"category\" data-id=\"76\">Frankrike<\/a><\/p>\n\n<\/div><\/div><\/div>\n\n<div class=\"gb-grid-column gb-grid-column-dfb773f8\"><div class=\"gb-container gb-container-dfb773f8\"><div class=\"gb-inside-container\">\n\n<figure class=\"wp-block-image size-full is-resized is-style-rounded border\"><a href=\"https:\/\/freestuff.world\/sv\/%f0%9f%87%a9%f0%9f%87%aa-gratis-saker-i-tyskland\/\"><img decoding=\"async\" src=\"https:\/\/cdn.freestuff.world\/wp-content\/uploads\/2022\/08\/germany.png?strip=all\" alt=\"Tyskland\" class=\"wp-image-1160\" style=\"width:128px;height:128px\" width=\"128\" height=\"128\" srcset=\"https:\/\/cdn.freestuff.world\/wp-content\/uploads\/2022\/08\/germany.png?strip=all 512w, https:\/\/cdn.freestuff.world\/wp-content\/uploads\/2022\/08\/germany-300x300.png?strip=all 300w, https:\/\/cdn.freestuff.world\/wp-content\/uploads\/2022\/08\/germany-150x150.png?strip=all 150w, https:\/\/cdn.freestuff.world\/wp-content\/uploads\/2022\/08\/germany.png?strip=all&amp;w=204 204w, https:\/\/cdn.freestuff.world\/wp-content\/uploads\/2022\/08\/germany.png?strip=all&amp;w=409 409w\" sizes=\"(max-width: 128px) 100vw, 128px\" \/><\/a><\/figure>\n\n\n\n<p><\/p>\n\n\n\n<p><a href=\"https:\/\/freestuff.world\/sv\/%f0%9f%87%a9%f0%9f%87%aa-gratis-saker-i-tyskland\/\" data-type=\"category\" data-id=\"76\">Tyskland<\/a><\/p>\n\n<\/div><\/div><\/div>\n\n<div class=\"gb-grid-column gb-grid-column-16400629\"><div class=\"gb-container gb-container-16400629\"><div class=\"gb-inside-container\">\n\n<figure class=\"wp-block-image size-full is-resized is-style-rounded border\"><a href=\"https:\/\/freestuff.world\/sv\/gratis-saker-i-hongkong\/\"><img decoding=\"async\" src=\"https:\/\/cdn.freestuff.world\/wp-content\/uploads\/2022\/08\/hong-kong.png?strip=all\" alt=\"Gratis saker i Hongkong\" class=\"wp-image-1162\" style=\"width:128px;height:128px\" width=\"128\" height=\"128\" srcset=\"https:\/\/cdn.freestuff.world\/wp-content\/uploads\/2022\/08\/hong-kong.png?strip=all 512w, https:\/\/cdn.freestuff.world\/wp-content\/uploads\/2022\/08\/hong-kong-300x300.png?strip=all 300w, https:\/\/cdn.freestuff.world\/wp-content\/uploads\/2022\/08\/hong-kong-150x150.png?strip=all 150w, https:\/\/cdn.freestuff.world\/wp-content\/uploads\/2022\/08\/hong-kong.png?strip=all&amp;w=204 204w, https:\/\/cdn.freestuff.world\/wp-content\/uploads\/2022\/08\/hong-kong.png?strip=all&amp;w=409 409w\" sizes=\"(max-width: 128px) 100vw, 128px\" \/><\/a><\/figure>\n\n\n\n<p><\/p>\n\n\n\n<p><a href=\"https:\/\/freestuff.world\/sv\/gratis-saker-i-hongkong\/\" data-type=\"category\" data-id=\"32\">Hongkong<\/a><\/p>\n\n<\/div><\/div><\/div>\n\n<div class=\"gb-grid-column gb-grid-column-372e91d7\"><div class=\"gb-container gb-container-372e91d7\"><div class=\"gb-inside-container\">\n\n<figure class=\"wp-block-image size-full is-resized is-style-rounded border\"><a href=\"https:\/\/freestuff.world\/sv\/%f0%9f%87%ae%f0%9f%87%a9-freebies-i-indonesien\/\"><img decoding=\"async\" src=\"https:\/\/cdn.freestuff.world\/wp-content\/uploads\/2022\/08\/indonesia.png?strip=all\" alt=\"Indonesien\" class=\"wp-image-1168\" style=\"width:128px;height:128px\" width=\"128\" height=\"128\" srcset=\"https:\/\/cdn.freestuff.world\/wp-content\/uploads\/2022\/08\/indonesia.png?strip=all 512w, https:\/\/cdn.freestuff.world\/wp-content\/uploads\/2022\/08\/indonesia-300x300.png?strip=all 300w, https:\/\/cdn.freestuff.world\/wp-content\/uploads\/2022\/08\/indonesia-150x150.png?strip=all 150w, https:\/\/cdn.freestuff.world\/wp-content\/uploads\/2022\/08\/indonesia.png?strip=all&amp;w=204 204w, https:\/\/cdn.freestuff.world\/wp-content\/uploads\/2022\/08\/indonesia.png?strip=all&amp;w=409 409w\" sizes=\"(max-width: 128px) 100vw, 128px\" \/><\/a><\/figure>\n\n\n\n<p><\/p>\n\n\n\n<p><a href=\"https:\/\/freestuff.world\/sv\/%f0%9f%87%ae%f0%9f%87%a9-freebies-i-indonesien\/\" data-type=\"category\" data-id=\"32\">Indonesien<\/a><\/p>\n\n<\/div><\/div><\/div>\n\n<div class=\"gb-grid-column gb-grid-column-1474db12\"><div class=\"gb-container gb-container-1474db12\"><div class=\"gb-inside-container\">\n\n<figure class=\"wp-block-image size-full is-resized is-style-rounded border\"><a href=\"https:\/\/freestuff.world\/sv\/%f0%9f%87%ae%f0%9f%87%b9-gratis-erbjudanden-i-italien\/\"><img decoding=\"async\" src=\"https:\/\/cdn.freestuff.world\/wp-content\/uploads\/2022\/08\/italy.png?strip=all\" alt=\"Italien\" class=\"wp-image-1174\" style=\"width:128px;height:128px\" width=\"128\" height=\"128\" srcset=\"https:\/\/cdn.freestuff.world\/wp-content\/uploads\/2022\/08\/italy.png?strip=all 512w, https:\/\/cdn.freestuff.world\/wp-content\/uploads\/2022\/08\/italy-300x300.png?strip=all 300w, https:\/\/cdn.freestuff.world\/wp-content\/uploads\/2022\/08\/italy-150x150.png?strip=all 150w, https:\/\/cdn.freestuff.world\/wp-content\/uploads\/2022\/08\/italy.png?strip=all&amp;w=204 204w, https:\/\/cdn.freestuff.world\/wp-content\/uploads\/2022\/08\/italy.png?strip=all&amp;w=409 409w\" sizes=\"(max-width: 128px) 100vw, 128px\" \/><\/a><\/figure>\n\n\n\n<p><\/p>\n\n\n\n<p><a href=\"https:\/\/freestuff.world\/sv\/%f0%9f%87%ae%f0%9f%87%b9-gratis-erbjudanden-i-italien\/\" data-type=\"category\" data-id=\"188\">Italien<\/a><\/p>\n\n<\/div><\/div><\/div>\n\n<div class=\"gb-grid-column gb-grid-column-e393fdd7\"><div class=\"gb-container gb-container-e393fdd7\"><div class=\"gb-inside-container\">\n\n<figure class=\"wp-block-image size-full is-resized is-style-rounded border\"><a href=\"https:\/\/freestuff.world\/sv\/%f0%9f%87%b2%f0%9f%87%be-gratis-saker-i-malaysia\/\"><img decoding=\"async\" src=\"https:\/\/cdn.freestuff.world\/wp-content\/uploads\/2022\/08\/malaysia.png?strip=all\" alt=\"Malaysia\" class=\"wp-image-1180\" style=\"width:128px;height:128px\" width=\"128\" height=\"128\" srcset=\"https:\/\/cdn.freestuff.world\/wp-content\/uploads\/2022\/08\/malaysia.png?strip=all 512w, https:\/\/cdn.freestuff.world\/wp-content\/uploads\/2022\/08\/malaysia-300x300.png?strip=all 300w, https:\/\/cdn.freestuff.world\/wp-content\/uploads\/2022\/08\/malaysia-150x150.png?strip=all 150w, https:\/\/cdn.freestuff.world\/wp-content\/uploads\/2022\/08\/malaysia.png?strip=all&amp;w=204 204w, https:\/\/cdn.freestuff.world\/wp-content\/uploads\/2022\/08\/malaysia.png?strip=all&amp;w=409 409w\" sizes=\"(max-width: 128px) 100vw, 128px\" \/><\/a><\/figure>\n\n\n\n<p><\/p>\n\n\n\n<p><a href=\"https:\/\/freestuff.world\/sv\/%f0%9f%87%b2%f0%9f%87%be-gratis-saker-i-malaysia\/\" data-type=\"category\" data-id=\"170\">Malaysia<\/a><\/p>\n\n<\/div><\/div><\/div>\n\n<div class=\"gb-grid-column gb-grid-column-01d3046b\"><div class=\"gb-container gb-container-01d3046b\"><div class=\"gb-inside-container\">\n\n<figure class=\"wp-block-image size-full is-resized is-style-rounded border\"><a href=\"https:\/\/freestuff.world\/sv\/nigeria\/\"><img decoding=\"async\" src=\"https:\/\/cdn.freestuff.world\/wp-content\/uploads\/2023\/04\/nigeria.png?strip=all\" alt=\"Nigeria\" class=\"wp-image-2810\" style=\"width:128px;height:128px\" width=\"128\" height=\"128\" srcset=\"https:\/\/cdn.freestuff.world\/wp-content\/uploads\/2023\/04\/nigeria.png?strip=all 512w, https:\/\/cdn.freestuff.world\/wp-content\/uploads\/2023\/04\/nigeria-300x300.png?strip=all 300w, https:\/\/cdn.freestuff.world\/wp-content\/uploads\/2023\/04\/nigeria-150x150.png?strip=all 150w, https:\/\/cdn.freestuff.world\/wp-content\/uploads\/2023\/04\/nigeria.png?strip=all&amp;w=204 204w, https:\/\/cdn.freestuff.world\/wp-content\/uploads\/2023\/04\/nigeria.png?strip=all&amp;w=409 409w\" sizes=\"(max-width: 128px) 100vw, 128px\" \/><\/a><\/figure>\n\n\n\n<p><\/p>\n\n\n\n<p><a href=\"https:\/\/freestuff.world\/sv\/nigeria\/\" data-type=\"URL\">Nigeria<\/a><\/p>\n\n<\/div><\/div><\/div>\n\n<div class=\"gb-grid-column gb-grid-column-cc8622eb\"><div class=\"gb-container gb-container-cc8622eb\"><div class=\"gb-inside-container\">\n\n<figure class=\"wp-block-image size-full is-resized is-style-rounded border\"><a href=\"https:\/\/freestuff.world\/sv\/%f0%9f%87%b5%f0%9f%87%b1-kostnadsfria-prover-i-polen\/\"><img decoding=\"async\" src=\"https:\/\/cdn.freestuff.world\/wp-content\/uploads\/2022\/08\/poland.png?strip=all\" alt=\"Polen\" class=\"wp-image-1198\" style=\"width:128px;height:128px\" width=\"128\" height=\"128\" srcset=\"https:\/\/cdn.freestuff.world\/wp-content\/uploads\/2022\/08\/poland.png?strip=all 512w, https:\/\/cdn.freestuff.world\/wp-content\/uploads\/2022\/08\/poland-300x300.png?strip=all 300w, https:\/\/cdn.freestuff.world\/wp-content\/uploads\/2022\/08\/poland-150x150.png?strip=all 150w, https:\/\/cdn.freestuff.world\/wp-content\/uploads\/2022\/08\/poland.png?strip=all&amp;w=204 204w, https:\/\/cdn.freestuff.world\/wp-content\/uploads\/2022\/08\/poland.png?strip=all&amp;w=409 409w\" sizes=\"(max-width: 128px) 100vw, 128px\" \/><\/a><\/figure>\n\n\n\n<p><\/p>\n\n\n\n<p><a href=\"https:\/\/freestuff.world\/sv\/%f0%9f%87%b5%f0%9f%87%b1-kostnadsfria-prover-i-polen\/\" data-type=\"category\" data-id=\"78\">Polen<\/a><\/p>\n\n<\/div><\/div><\/div>\n\n<div class=\"gb-grid-column gb-grid-column-352864c7\"><div class=\"gb-container gb-container-352864c7\"><div class=\"gb-inside-container\">\n\n<figure class=\"wp-block-image size-full is-resized is-style-rounded border\"><a href=\"https:\/\/freestuff.world\/sv\/singapore-sv\/\"><img decoding=\"async\" src=\"https:\/\/cdn.freestuff.world\/wp-content\/uploads\/2021\/07\/singapore.png?strip=all\" alt=\"Gratiserbjudanden i Singapore\" class=\"wp-image-113\" style=\"width:128px;height:128px\" width=\"128\" height=\"128\" srcset=\"https:\/\/cdn.freestuff.world\/wp-content\/uploads\/2021\/07\/singapore.png?strip=all 512w, https:\/\/cdn.freestuff.world\/wp-content\/uploads\/2021\/07\/singapore-300x300.png?strip=all 300w, https:\/\/cdn.freestuff.world\/wp-content\/uploads\/2021\/07\/singapore-150x150.png?strip=all 150w, https:\/\/cdn.freestuff.world\/wp-content\/uploads\/2021\/07\/singapore.png?strip=all&amp;w=204 204w, https:\/\/cdn.freestuff.world\/wp-content\/uploads\/2021\/07\/singapore.png?strip=all&amp;w=409 409w\" sizes=\"(max-width: 128px) 100vw, 128px\" \/><\/a><\/figure>\n\n\n\n<p><\/p>\n\n\n\n<p><a href=\"https:\/\/freestuff.world\/sv\/singapore-sv\/\">Singapore<\/a><\/p>\n\n<\/div><\/div><\/div>\n\n<div class=\"gb-grid-column gb-grid-column-66a8cd36\"><div class=\"gb-container gb-container-66a8cd36\"><div class=\"gb-inside-container\">\n\n<figure class=\"wp-block-image size-full is-resized is-style-rounded border\"><a href=\"https:\/\/freestuff.world\/sv\/sydafrika\/\"><img decoding=\"async\" src=\"https:\/\/cdn.freestuff.world\/wp-content\/uploads\/2021\/07\/south-africa.png?strip=all\" alt=\"Gratiserbjudanden i Sydafrika\" class=\"wp-image-237\" style=\"width:128px;height:128px\" width=\"128\" height=\"128\" srcset=\"https:\/\/cdn.freestuff.world\/wp-content\/uploads\/2021\/07\/south-africa.png?strip=all 512w, https:\/\/cdn.freestuff.world\/wp-content\/uploads\/2021\/07\/south-africa-300x300.png?strip=all 300w, https:\/\/cdn.freestuff.world\/wp-content\/uploads\/2021\/07\/south-africa-150x150.png?strip=all 150w, https:\/\/cdn.freestuff.world\/wp-content\/uploads\/2021\/07\/south-africa.png?strip=all&amp;w=204 204w, https:\/\/cdn.freestuff.world\/wp-content\/uploads\/2021\/07\/south-africa.png?strip=all&amp;w=409 409w\" sizes=\"(max-width: 128px) 100vw, 128px\" \/><\/a><\/figure>\n\n\n\n<p><\/p>\n\n\n\n<p><a href=\"https:\/\/freestuff.world\/sv\/sydafrika\/\">Sydafrika<\/a><\/p>\n\n<\/div><\/div><\/div>\n\n<div class=\"gb-grid-column gb-grid-column-675edf23\"><div class=\"gb-container gb-container-675edf23\"><div class=\"gb-inside-container\">\n\n<figure class=\"wp-block-image size-full is-resized is-style-rounded border\"><a href=\"https:\/\/freestuff.world\/sv\/spanien\/\"><img decoding=\"async\" src=\"https:\/\/cdn.freestuff.world\/wp-content\/uploads\/2022\/08\/spain.png?strip=all\" alt=\"Spanien\" class=\"wp-image-1210\" style=\"width:128px;height:128px\" width=\"128\" height=\"128\" srcset=\"https:\/\/cdn.freestuff.world\/wp-content\/uploads\/2022\/08\/spain.png?strip=all 512w, https:\/\/cdn.freestuff.world\/wp-content\/uploads\/2022\/08\/spain-300x300.png?strip=all 300w, https:\/\/cdn.freestuff.world\/wp-content\/uploads\/2022\/08\/spain-150x150.png?strip=all 150w, https:\/\/cdn.freestuff.world\/wp-content\/uploads\/2022\/08\/spain.png?strip=all&amp;w=204 204w, https:\/\/cdn.freestuff.world\/wp-content\/uploads\/2022\/08\/spain.png?strip=all&amp;w=409 409w\" sizes=\"(max-width: 128px) 100vw, 128px\" \/><\/a><\/figure>\n\n\n\n<p><\/p>\n\n\n\n<p><a href=\"https:\/\/freestuff.world\/sv\/spanien\/\" data-type=\"URL\">Spanien<\/a><\/p>\n\n<\/div><\/div><\/div>\n\n<div class=\"gb-grid-column gb-grid-column-b6adfb9a\"><div class=\"gb-container gb-container-b6adfb9a\"><div class=\"gb-inside-container\">\n\n<figure class=\"wp-block-image size-full is-resized is-style-rounded border\"><a href=\"https:\/\/freestuff.world\/sv\/sverige\/\"><img decoding=\"async\" src=\"https:\/\/cdn.freestuff.world\/wp-content\/uploads\/2022\/08\/sweden.png?strip=all\" alt=\"Sverige\" class=\"wp-image-1212\" style=\"width:128px;height:128px\" width=\"128\" height=\"128\" srcset=\"https:\/\/cdn.freestuff.world\/wp-content\/uploads\/2022\/08\/sweden.png?strip=all 512w, https:\/\/cdn.freestuff.world\/wp-content\/uploads\/2022\/08\/sweden-300x300.png?strip=all 300w, https:\/\/cdn.freestuff.world\/wp-content\/uploads\/2022\/08\/sweden-150x150.png?strip=all 150w, https:\/\/cdn.freestuff.world\/wp-content\/uploads\/2022\/08\/sweden.png?strip=all&amp;w=204 204w, https:\/\/cdn.freestuff.world\/wp-content\/uploads\/2022\/08\/sweden.png?strip=all&amp;w=409 409w\" sizes=\"(max-width: 128px) 100vw, 128px\" \/><\/a><\/figure>\n\n\n\n<p><\/p>\n\n\n\n<p><a href=\"https:\/\/freestuff.world\/sv\/sverige\/\" data-type=\"URL\">Sverige<\/a><\/p>\n\n<\/div><\/div><\/div>\n\n<div class=\"gb-grid-column gb-grid-column-bef0a07e\"><div class=\"gb-container gb-container-bef0a07e\"><div class=\"gb-inside-container\">\n\n<figure class=\"wp-block-image size-full is-resized is-style-rounded border\"><a href=\"https:\/\/freestuff.world\/sv\/%f0%9f%87%a6%f0%9f%87%aa-gratis-erbjudanden-i-forenade-arabemiraten\/\"><img decoding=\"async\" src=\"https:\/\/cdn.freestuff.world\/wp-content\/uploads\/2022\/08\/united-arab-emirates.png?strip=all\" alt=\"F&#xF6;renade Arabemiraten\" class=\"wp-image-1216\" style=\"width:128px;height:128px\" width=\"128\" height=\"128\" srcset=\"https:\/\/cdn.freestuff.world\/wp-content\/uploads\/2022\/08\/united-arab-emirates.png?strip=all 512w, https:\/\/cdn.freestuff.world\/wp-content\/uploads\/2022\/08\/united-arab-emirates-300x300.png?strip=all 300w, https:\/\/cdn.freestuff.world\/wp-content\/uploads\/2022\/08\/united-arab-emirates-150x150.png?strip=all 150w, https:\/\/cdn.freestuff.world\/wp-content\/uploads\/2022\/08\/united-arab-emirates.png?strip=all&amp;w=204 204w, https:\/\/cdn.freestuff.world\/wp-content\/uploads\/2022\/08\/united-arab-emirates.png?strip=all&amp;w=409 409w\" sizes=\"(max-width: 128px) 100vw, 128px\" \/><\/a><\/figure>\n\n\n\n<p><\/p>\n\n\n\n<p><a href=\"https:\/\/freestuff.world\/sv\/%f0%9f%87%a6%f0%9f%87%aa-gratis-erbjudanden-i-forenade-arabemiraten\/\" data-type=\"category\" data-id=\"183\">F\u00f6renade Arabemiraten<\/a><\/p>\n\n<\/div><\/div><\/div>\n\n<div class=\"gb-grid-column gb-grid-column-a78ba49d\"><div class=\"gb-container gb-container-a78ba49d\"><div class=\"gb-inside-container\">\n\n<figure class=\"wp-block-image size-full is-resized is-style-rounded border grey\"><a href=\"https:\/\/freestuff.world\/sv\/usa-sv\/\"><img decoding=\"async\" src=\"https:\/\/cdn.freestuff.world\/wp-content\/uploads\/2021\/07\/226-united-states.png?strip=all\" alt=\"USA\" class=\"wp-image-116\" style=\"width:128px;height:128px\" width=\"128\" height=\"128\" srcset=\"https:\/\/cdn.freestuff.world\/wp-content\/uploads\/2021\/07\/226-united-states.png?strip=all 512w, https:\/\/cdn.freestuff.world\/wp-content\/uploads\/2021\/07\/226-united-states-300x300.png?strip=all 300w, https:\/\/cdn.freestuff.world\/wp-content\/uploads\/2021\/07\/226-united-states-150x150.png?strip=all 150w, https:\/\/cdn.freestuff.world\/wp-content\/uploads\/2021\/07\/226-united-states.png?strip=all&amp;w=204 204w, https:\/\/cdn.freestuff.world\/wp-content\/uploads\/2021\/07\/226-united-states.png?strip=all&amp;w=409 409w\" sizes=\"(max-width: 128px) 100vw, 128px\" \/><\/a><\/figure>\n\n\n\n<p><\/p>\n\n\n\n<p><a href=\"https:\/\/freestuff.world\/sv\/usa-sv\/\">USA<\/a><\/p>\n\n<\/div><\/div><\/div>\n<\/div>","protected":false},"excerpt":{"rendered":"<p>Tack f\u00f6r att du registrerade dig f\u00f6r Free Stuff World-nyhetsbrevet, du kommer nu regelbundet att f\u00e5 e-postuppdateringar med n\u00e5gra av de nyaste och b\u00e4sta gratisproverna, t\u00e4vlingarna, betalda unders\u00f6kningarna, erbjudanden och mer direkt till din e-postinkorg. \ud83c\udf89 Kom ig\u00e5ng med att hitta erbjudanden nu&#8230; Vill du &#8230; <a title=\"Tack f\u00f6r att du anm\u00e4lde dig till Free Stuff World Newsletter!\" class=\"read-more\" href=\"https:\/\/freestuff.world\/sv\/tack-for-att-du-anmalde-dig-till-free-stuff-world-newsletter\/\" aria-label=\"L\u00e4s mer om Tack f\u00f6r att du anm\u00e4lde dig till Free Stuff World Newsletter!\">Read more<\/a><\/p>\n","protected":false},"author":1,"featured_media":0,"parent":0,"menu_order":0,"comment_status":"closed","ping_status":"closed","template":"","meta":{"_relevanssi_hide_post":"","_relevanssi_hide_content":"","_relevanssi_pin_for_all":"","_relevanssi_pin_keywords":"","_relevanssi_unpin_keywords":"","_relevanssi_related_keywords":"","_relevanssi_related_include_ids":"","_relevanssi_related_exclude_ids":"","_relevanssi_related_no_append":"","_relevanssi_related_not_related":"","_relevanssi_related_posts":"","_relevanssi_noindex_reason":"","_glsr_average":0,"_glsr_ranking":0,"_glsr_reviews":0,"footnotes":""},"categories":[],"class_list":["post-64772","page","type-page","status-publish"],"ams_acf":[],"wpcf-offer-link":null,"wpcf-does-the-offer-relate-to-gambling":null,"_wpscp_schedule_republish_date":null,"wpcf-exclude-republish":null,"wpcf-force-republish":null,"wpcf-exclude-email":null,"wpcf-individual-listing-id":null,"wpcf-include-social":null,"wpcf-social-template":null,"wpcf-expire-but-live":null,"_wow_auto_republish_settings":null,"wpcf-subject-line":null,"wpcf-intro-text":null,"wpcf-custom-text":null,"wpcf-custom-cta":null,"wpcf-affiliate-network":null,"_wpscp_schedule_draft_date":null,"wpcf-note":"","wpcf-network-offer-name":null,"toolset-meta":{"page-config":{"season":{"type":"select","raw":""}},"notes":{"note":{"type":"textarea","raw":""}}},"_links":{"self":[{"href":"https:\/\/freestuff.world\/sv\/wp-json\/wp\/v2\/pages\/64772","targetHints":{"allow":["GET"]}}],"collection":[{"href":"https:\/\/freestuff.world\/sv\/wp-json\/wp\/v2\/pages"}],"about":[{"href":"https:\/\/freestuff.world\/sv\/wp-json\/wp\/v2\/types\/page"}],"author":[{"embeddable":true,"href":"https:\/\/freestuff.world\/sv\/wp-json\/wp\/v2\/users\/1"}],"replies":[{"embeddable":true,"href":"https:\/\/freestuff.world\/sv\/wp-json\/wp\/v2\/comments?post=64772"}],"version-history":[{"count":1,"href":"https:\/\/freestuff.world\/sv\/wp-json\/wp\/v2\/pages\/64772\/revisions"}],"predecessor-version":[{"id":64773,"href":"https:\/\/freestuff.world\/sv\/wp-json\/wp\/v2\/pages\/64772\/revisions\/64773"}],"wp:attachment":[{"href":"https:\/\/freestuff.world\/sv\/wp-json\/wp\/v2\/media?parent=64772"}],"wp:term":[{"taxonomy":"category","embeddable":true,"href":"https:\/\/freestuff.world\/sv\/wp-json\/wp\/v2\/categories?post=64772"}],"curies":[{"name":"wp","href":"https:\/\/api.w.org\/{rel}","templated":true}]}}