{"id":52873,"date":"2025-07-06T16:16:37","date_gmt":"2025-07-06T15:16:37","guid":{"rendered":"https:\/\/freestuff.world\/gratis-erbjudanden-i-europa\/"},"modified":"2025-07-06T16:42:00","modified_gmt":"2025-07-06T15:42:00","slug":"gratis-erbjudanden-i-europa","status":"publish","type":"page","link":"https:\/\/freestuff.world\/sv\/gratis-erbjudanden-i-europa\/","title":{"rendered":"Gratis erbjudanden i Europa"},"content":{"rendered":"\n<p>Free Stuff World samlar n\u00e5gra av de b\u00e4sta och senaste gratissakerna fr\u00e5n hela v\u00e4rlden p\u00e5 ett och samma st\u00e4lle, inklusive m\u00e5nga europeiska l\u00e4nder.<\/p>\n\n<p>Om du letar efter freebies i Europa beh\u00f6ver du inte leta l\u00e4ngre! Du kan hitta erbjudanden om att prova nya produkter, vinna saker eller tj\u00e4na lite pengar p\u00e5 Free Stuff World. <\/p>\n\n<p>\u00c4ven om vi inte t\u00e4cker alla l\u00e4nder i Europa <em>\u00e4nnu<\/em>, finns webbplatsen tillg\u00e4nglig i mer \u00e4n 10 europeiska marknadsl\u00e4nder. V\u00e4lj bara bland l\u00e4nderna nedan f\u00f6r att uppt\u00e4cka gratisprover som finns tillg\u00e4ngliga i ditt land. <\/p>\n\n<h2 class=\"wp-block-heading\">V\u00e4lj ditt land<\/h2>\n\n<p>Klicka bara p\u00e5 ditt land f\u00f6r att komma ig\u00e5ng.<\/p>\n\n\n\n\n<div id=\"wpv-view-layout-6691-CATTRf8da439c0f1aee03c71e93308d020b7e\" class=\"js-wpv-view-layout js-wpv-layout-responsive js-wpv-view-layout-6691-CATTRf8da439c0f1aee03c71e93308d020b7e\" data-viewnumber=\"6691-CATTRf8da439c0f1aee03c71e93308d020b7e\" data-pagination=\"{&quot;id&quot;:6691,&quot;query&quot;:&quot;normal&quot;,&quot;type&quot;:&quot;disabled&quot;,&quot;effect&quot;:&quot;fade&quot;,&quot;duration&quot;:500,&quot;speed&quot;:5,&quot;pause_on_hover&quot;:&quot;enabled&quot;,&quot;stop_rollover&quot;:&quot;false&quot;,&quot;cache_pages&quot;:&quot;enabled&quot;,&quot;preload_images&quot;:&quot;enabled&quot;,&quot;preload_pages&quot;:&quot;enabled&quot;,&quot;preload_reach&quot;:1,&quot;spinner&quot;:&quot;builtin&quot;,&quot;spinner_image&quot;:&quot;https:\/\/freestuff.world\/wp-content\/plugins\/toolset-blocks\/embedded\/res\/img\/ajax-loader.gif&quot;,&quot;callback_next&quot;:&quot;&quot;,&quot;manage_history&quot;:&quot;enabled&quot;,&quot;has_controls_in_form&quot;:&quot;disabled&quot;,&quot;infinite_tolerance&quot;:&quot;0&quot;,&quot;max_pages&quot;:1,&quot;page&quot;:1,&quot;base_permalink&quot;:&quot;\/sv\/wp-json\/wp\/v2\/pages\/52873?wpv_view_count=6691-CATTRf8da439c0f1aee03c71e93308d020b7e&amp;wpv_paged=WPV_PAGE_NUM&quot;,&quot;loop&quot;:{&quot;type&quot;:&quot;&quot;,&quot;name&quot;:&quot;&quot;,&quot;data&quot;:[],&quot;id&quot;:0}}\" data-permalink=\"\/sv\/wp-json\/wp\/v2\/pages\/52873?wpv_view_count=6691-CATTRf8da439c0f1aee03c71e93308d020b7e\">\n\n    \n\n    \n    <div class=\"flex-grid\">\n      \t\n            \n                <div class=\"col\">\n                    <a href=\"https:\/\/freestuff.world\/sv\/%f0%9f%87%a7%f0%9f%87%aa-belgien-gratis\/\"><div class=\"country-card\">\n<img decoding=\"async\" src=\"https:\/\/cdn.freestuff.world\/wp-content\/uploads\/2025\/02\/belgium.png?strip=all&w=1200\" alt=\"Belgium flag\" title=\"belgium\" class=\"attachment-full countryFlag\" \/>\n  <p class=\"countryName\">Belgien<\/p>\n  <\/div><\/a>\n                <\/div>\n            \n            \n                <div class=\"col\">\n                    <a href=\"https:\/\/freestuff.world\/sv\/%f0%9f%87%ab%f0%9f%87%b7-gratis-erbjudanden-i-frankrike\/\"><div class=\"country-card\">\n<img decoding=\"async\" src=\"https:\/\/cdn.freestuff.world\/wp-content\/uploads\/2022\/08\/france.png?strip=all&w=1200\" alt=\"France\" title=\"france\" class=\"attachment-full countryFlag\" \/>\n  <p class=\"countryName\">Frankrike<\/p>\n  <\/div><\/a>\n                <\/div>\n            \n            \n                <div class=\"col\">\n                    <a href=\"https:\/\/freestuff.world\/sv\/%f0%9f%87%ae%f0%9f%87%b9-gratis-erbjudanden-i-italien\/\"><div class=\"country-card\">\n<img decoding=\"async\" src=\"https:\/\/cdn.freestuff.world\/wp-content\/uploads\/2022\/08\/italy.png?strip=all&w=1200\" alt=\"Italy\" title=\"italy\" class=\"attachment-full countryFlag\" \/>\n  <p class=\"countryName\">Italien<\/p>\n  <\/div><\/a>\n                <\/div>\n          \n            \n                <div class=\"col\">\n                    <a href=\"https:\/\/freestuff.world\/sv\/%f0%9f%87%b3%f0%9f%87%b1-nederlanderna-gratis-saker\/\"><div class=\"country-card\">\n<img decoding=\"async\" src=\"https:\/\/cdn.freestuff.world\/wp-content\/uploads\/2022\/08\/netherlands.png?strip=all&w=1200\" alt=\"Netherlands\" title=\"netherlands\" class=\"attachment-full countryFlag\" \/>\n  <p class=\"countryName\">Nederl\u00e4nderna<\/p>\n  <\/div><\/a>\n                <\/div>\n            \n            \n                <div class=\"col\">\n                    <a href=\"https:\/\/freestuff.world\/sv\/%f0%9f%87%b5%f0%9f%87%b1-kostnadsfria-prover-i-polen\/\"><div class=\"country-card\">\n<img decoding=\"async\" src=\"https:\/\/cdn.freestuff.world\/wp-content\/uploads\/2022\/08\/poland.png?strip=all&w=1200\" alt=\"Poland\" title=\"poland\" class=\"attachment-full countryFlag\" \/>\n  <p class=\"countryName\">Polen<\/p>\n  <\/div><\/a>\n                <\/div>\n            \n            \n                <div class=\"col\">\n                    <a href=\"https:\/\/freestuff.world\/sv\/kostnadsfria-prover-i-portugal\/\"><div class=\"country-card\">\n<img decoding=\"async\" src=\"https:\/\/cdn.freestuff.world\/wp-content\/uploads\/2022\/08\/portugal.png?strip=all&w=1200\" alt=\"Portugal\" title=\"portugal\" class=\"attachment-full countryFlag\" \/>\n  <p class=\"countryName\">Portugal<\/p>\n  <\/div><\/a>\n                <\/div>\n            \n            \n                <div class=\"col\">\n                    <a href=\"https:\/\/freestuff.world\/sv\/%f0%9f%87%a8%f0%9f%87%ad-gratis-erbjudanden-i-schweiz\/\"><div class=\"country-card\">\n<img decoding=\"async\" src=\"https:\/\/cdn.freestuff.world\/wp-content\/uploads\/2022\/08\/switzerland.png?strip=all&w=1200\" alt=\"Switzerland\" title=\"switzerland\" class=\"attachment-full countryFlag\" \/>\n  <p class=\"countryName\">Schweiz<\/p>\n  <\/div><\/a>\n                <\/div>\n            \n            \n                <div class=\"col\">\n                    <a href=\"https:\/\/freestuff.world\/sv\/spanien\/\"><div class=\"country-card\">\n<img decoding=\"async\" src=\"https:\/\/cdn.freestuff.world\/wp-content\/uploads\/2022\/08\/spain.png?strip=all&w=1200\" alt=\"Spain\" title=\"spain\" class=\"attachment-full countryFlag\" \/>\n  <p class=\"countryName\">Spanien<\/p>\n  <\/div><\/a>\n                <\/div>\n            \n            \n                <div class=\"col\">\n                    <a href=\"https:\/\/freestuff.world\/sv\/sverige\/\"><div class=\"country-card\">\n<img decoding=\"async\" src=\"https:\/\/cdn.freestuff.world\/wp-content\/uploads\/2022\/08\/sweden.png?strip=all&w=1200\" alt=\"Sweden\" title=\"sweden\" class=\"attachment-full countryFlag\" \/>\n  <p class=\"countryName\">Sverige<\/p>\n  <\/div><\/a>\n                <\/div>\n            \n            \n                <div class=\"col\">\n                    <a href=\"https:\/\/freestuff.world\/sv\/%f0%9f%87%a8%f0%9f%87%bf-tjeckien-gratis-erbjudanden\/\"><div class=\"country-card\">\n<img decoding=\"async\" src=\"https:\/\/cdn.freestuff.world\/wp-content\/uploads\/2022\/08\/czech-republic.png?strip=all&w=1200\" alt=\"Czech Republic\" title=\"czech-republic\" class=\"attachment-full countryFlag\" \/>\n  <p class=\"countryName\">Tjeckien<\/p>\n  <\/div><\/a>\n                <\/div>\n            \n            \n                <div class=\"col\">\n                    <a href=\"https:\/\/freestuff.world\/sv\/%f0%9f%87%a9%f0%9f%87%aa-gratis-saker-i-tyskland\/\"><div class=\"country-card\">\n<img decoding=\"async\" src=\"https:\/\/cdn.freestuff.world\/wp-content\/uploads\/2022\/08\/germany.png?strip=all&w=1200\" alt=\"Germany\" title=\"germany\" class=\"attachment-full countryFlag\" \/>\n  <p class=\"countryName\">Tyskland<\/p>\n  <\/div><\/a>\n                <\/div>\n            \n\n    <\/div>\n    \n    \n    \n<\/div>\n\n\n<hr class=\"wp-block-separator has-alpha-channel-opacity\" \/>\n\n<h3 class=\"wp-block-heading\">Inte fr\u00e5n Europa?<\/h3>\n\n<p>Inga problem se en lista \u00f6ver alla l\u00e4nder som Free Stuff World finns tillg\u00e4ngligt i <a href=\"https:\/\/freestuff.world\/sv\/\">h\u00e4r.<\/a><\/p>\n","protected":false},"excerpt":{"rendered":"<p>Free Stuff World samlar n\u00e5gra av de b\u00e4sta och senaste gratissakerna fr\u00e5n hela v\u00e4rlden p\u00e5 ett och samma st\u00e4lle, inklusive m\u00e5nga europeiska l\u00e4nder. Om du letar efter freebies i Europa beh\u00f6ver du inte leta l\u00e4ngre! Du kan hitta erbjudanden om att prova nya produkter, vinna &#8230; <a title=\"Gratis erbjudanden i Europa\" class=\"read-more\" href=\"https:\/\/freestuff.world\/sv\/gratis-erbjudanden-i-europa\/\" aria-label=\"L\u00e4s mer om Gratis erbjudanden i Europa\">Read more<\/a><\/p>\n","protected":false},"author":1,"featured_media":0,"parent":0,"menu_order":0,"comment_status":"closed","ping_status":"closed","template":"","meta":{"_relevanssi_hide_post":"","_relevanssi_hide_content":"","_relevanssi_pin_for_all":"","_relevanssi_pin_keywords":"","_relevanssi_unpin_keywords":"","_relevanssi_related_keywords":"","_relevanssi_related_include_ids":"","_relevanssi_related_exclude_ids":"","_relevanssi_related_no_append":"","_relevanssi_related_not_related":"","_relevanssi_related_posts":"","_relevanssi_noindex_reason":"","_glsr_average":0,"_glsr_ranking":0,"_glsr_reviews":0,"footnotes":""},"categories":[],"class_list":["post-52873","page","type-page","status-publish"],"ams_acf":[],"wpcf-offer-link":null,"wpcf-does-the-offer-relate-to-gambling":null,"_wpscp_schedule_republish_date":null,"wpcf-exclude-republish":null,"wpcf-force-republish":null,"wpcf-exclude-email":null,"wpcf-individual-listing-id":null,"wpcf-include-social":null,"wpcf-social-template":null,"wpcf-expire-but-live":null,"_wow_auto_republish_settings":null,"wpcf-subject-line":null,"wpcf-intro-text":null,"wpcf-custom-text":null,"wpcf-custom-cta":null,"wpcf-affiliate-network":null,"_wpscp_schedule_draft_date":null,"wpcf-note":"","wpcf-network-offer-name":null,"toolset-meta":{"page-config":{"season":{"type":"select","raw":""}},"notes":{"note":{"type":"textarea","raw":""}}},"_links":{"self":[{"href":"https:\/\/freestuff.world\/sv\/wp-json\/wp\/v2\/pages\/52873","targetHints":{"allow":["GET"]}}],"collection":[{"href":"https:\/\/freestuff.world\/sv\/wp-json\/wp\/v2\/pages"}],"about":[{"href":"https:\/\/freestuff.world\/sv\/wp-json\/wp\/v2\/types\/page"}],"author":[{"embeddable":true,"href":"https:\/\/freestuff.world\/sv\/wp-json\/wp\/v2\/users\/1"}],"replies":[{"embeddable":true,"href":"https:\/\/freestuff.world\/sv\/wp-json\/wp\/v2\/comments?post=52873"}],"version-history":[{"count":2,"href":"https:\/\/freestuff.world\/sv\/wp-json\/wp\/v2\/pages\/52873\/revisions"}],"predecessor-version":[{"id":52875,"href":"https:\/\/freestuff.world\/sv\/wp-json\/wp\/v2\/pages\/52873\/revisions\/52875"}],"wp:attachment":[{"href":"https:\/\/freestuff.world\/sv\/wp-json\/wp\/v2\/media?parent=52873"}],"wp:term":[{"taxonomy":"category","embeddable":true,"href":"https:\/\/freestuff.world\/sv\/wp-json\/wp\/v2\/categories?post=52873"}],"curies":[{"name":"wp","href":"https:\/\/api.w.org\/{rel}","templated":true}]}}