{"id":1715,"date":"2022-09-22T10:39:07","date_gmt":"2022-09-22T09:39:07","guid":{"rendered":"https:\/\/freestuff.world\/annonsera-med-oss\/"},"modified":"2024-02-12T13:48:11","modified_gmt":"2024-02-12T12:48:11","slug":"annonsera-med-oss","status":"publish","type":"page","link":"https:\/\/freestuff.world\/sv\/annonsera-med-oss\/","title":{"rendered":"Annonsera med oss"},"content":{"rendered":"\n<p>Vill du distribuera ditt gratisprov till konsumenter \u00f6ver hela v\u00e4rlden? Free Stuff World kan hj\u00e4lpa dig att f\u00e5 feedback fr\u00e5n konsumenter p\u00e5 en ny produkt, distribuera en befintlig produkt f\u00f6r att f\u00e5 exponering och mycket mer.<\/p>\n\n<p>Fyll i formul\u00e4ret nedan f\u00f6r att tala med v\u00e5rt team och diskutera annonsering p\u00e5 Free Stuff Worlds webbplats. Vi kan arbeta med en rad olika kostnadsmodeller, fr\u00e5n ett hyresavtal med fast avgift till en modell f\u00f6r f\u00f6rv\u00e4rv av anv\u00e4ndare som kostar per anv\u00e4ndare.<\/p>\n\n<div class=\"wp-block-columns is-layout-flex wp-container-core-columns-is-layout-9d6595d7 wp-block-columns-is-layout-flex\">\n<div class=\"wp-block-column is-layout-flow wp-block-column-is-layout-flow\" style=\"flex-basis:66.66%\">\n<div class=\"wp-block-contact-form-7-contact-form-selector\">\n<div class=\"wpcf7 no-js\" id=\"wpcf7-f4080-o1\" lang=\"sv-SE\" dir=\"ltr\" data-wpcf7-id=\"4080\">\n<div class=\"screen-reader-response\"><p role=\"status\" aria-live=\"polite\" aria-atomic=\"true\"><\/p> <ul><\/ul><\/div>\n<form action=\"\/sv\/wp-json\/wp\/v2\/pages\/1715#wpcf7-f4080-o1\" method=\"post\" class=\"wpcf7-form init\" aria-label=\"Kontaktformul\u00e4r\" novalidate=\"novalidate\" data-status=\"init\">\n<fieldset class=\"hidden-fields-container\"><input type=\"hidden\" name=\"_wpcf7\" value=\"4080\" \/><input type=\"hidden\" name=\"_wpcf7_version\" value=\"6.1.5\" \/><input type=\"hidden\" name=\"_wpcf7_locale\" value=\"sv_SE\" \/><input type=\"hidden\" name=\"_wpcf7_unit_tag\" value=\"wpcf7-f4080-o1\" \/><input type=\"hidden\" name=\"_wpcf7_container_post\" value=\"0\" \/><input type=\"hidden\" name=\"_wpcf7_posted_data_hash\" value=\"\" \/><input type=\"hidden\" name=\"_wpcf7_recaptcha_response\" value=\"\" \/>\n<\/fieldset>\n<p><label> Namn<br \/>\n<span class=\"wpcf7-form-control-wrap\" data-name=\"your-name\"><input size=\"40\" maxlength=\"400\" class=\"wpcf7-form-control wpcf7-text wpcf7-validates-as-required\" autocomplete=\"name\" aria-required=\"true\" aria-invalid=\"false\" value=\"\" type=\"text\" name=\"your-name\" \/><\/span> <\/label>\n<\/p>\n<p><label> E-post<br \/>\n<span class=\"wpcf7-form-control-wrap\" data-name=\"your-email\"><input size=\"40\" maxlength=\"400\" class=\"wpcf7-form-control wpcf7-email wpcf7-validates-as-required wpcf7-text wpcf7-validates-as-email\" autocomplete=\"email\" aria-required=\"true\" aria-invalid=\"false\" value=\"\" type=\"email\" name=\"your-email\" \/><\/span> <\/label>\n<\/p>\n<p><label> \u00c4mne<br \/>\n<span class=\"wpcf7-form-control-wrap\" data-name=\"your-subject\"><input size=\"40\" maxlength=\"400\" class=\"wpcf7-form-control wpcf7-text wpcf7-validates-as-required\" aria-required=\"true\" aria-invalid=\"false\" value=\"\" type=\"text\" name=\"your-subject\" \/><\/span> <\/label>\n<\/p>\n<p><label> Meddelande<br \/>\n<span class=\"wpcf7-form-control-wrap\" data-name=\"your-message\"><textarea cols=\"40\" rows=\"10\" maxlength=\"2000\" class=\"wpcf7-form-control wpcf7-textarea wpcf7-validates-as-required\" aria-required=\"true\" aria-invalid=\"false\" name=\"your-message\"><\/textarea><\/span> <\/label>\n<\/p>\n<p><div class=\"cf7-cf-turnstile\" style=\"margin-top: 0px; margin-bottom: -15px;\"> <div id=\"cf-turnstile-cf7-2859721698\" class=\"cf-turnstile\" data-callback=\"turnstileCF7Callback\" data-sitekey=\"0x4AAAAAAAaUg1-eRP8zgUV6\" data-theme=\"auto\" data-language=\"auto\" data-size=\"\" data-retry=\"auto\" data-retry-interval=\"1000\" data-refresh-expired=\"auto\" data-refresh-timeout=\"auto\" data-action=\"contact-form-7\" data-callback=\"turnstileCF7Callback\" data-appearance=\"always\"><\/div> <style>.wpcf7-submit { pointer-events: none; opacity: 0.5; }<\/style> <script>document.addEventListener(\"DOMContentLoaded\", function() { setTimeout(function(){ var e=document.getElementById(\"cf-turnstile-cf7-2859721698\"); if(e&&!e.innerHTML.trim()){turnstile.render(e, {sitekey:\"0x4AAAAAAAaUg1-eRP8zgUV6\"});} }, 200); });<\/script> <br class=\"cf-turnstile-br cf-turnstile-br-cf7-2859721698\"> <style>#cf-turnstile-cf7-2859721698 { margin-left: -15px; }<\/style> <script>document.addEventListener(\"DOMContentLoaded\",function(){document.querySelectorAll('.wpcf7-form').forEach(function(e){e.addEventListener('submit',function(){if(document.getElementById('cf-turnstile-cf7-2859721698')){setTimeout(function(){turnstile.reset('#cf-turnstile-cf7-2859721698');},1000)}})})});<\/script> <\/div>\n<\/p>\n<p><input class=\"wpcf7-form-control wpcf7-submit has-spinner\" type=\"submit\" value=\"Send\" \/>\n<\/p><div class=\"wpcf7-response-output\" aria-hidden=\"true\"><\/div>\n<\/form>\n<\/div>\n<\/div>\n<\/div>\n\n\n\n<div class=\"wp-block-column is-layout-flow wp-block-column-is-layout-flow\" style=\"flex-basis:33.33%\">\n<p><\/p>\n\n\n\n<p>Vilka l\u00e4nder fokuserar Free Stuff World p\u00e5?<\/p>\n\n\n\n<p style=\"font-size:15px\">Free Stuff World genererar internationell trafik i mer \u00e4n 50 l\u00e4nder, men vi har marknader som vi fokuserar v\u00e5ra anstr\u00e4ngningar p\u00e5. Dessa \u00e4r: \ud83c\uddfa\ud83c\uddf8 \ud83c\udde8\ud83c\udde6 \ud83c\uddff\ud83c\udde6 \ud83c\uddf8\ud83c\uddec \ud83c\udded\ud83c\uddf0 \ud83c\uddf8\ud83c\uddea \ud83c\uddea\ud83c\uddf8 \ud83c\uddeb\ud83c\uddf7<\/p>\n\n\n\n<hr class=\"wp-block-separator has-alpha-channel-opacity\"\/>\n\n\n\n<p>Kan du ber\u00e4tta mer om priserna f\u00f6r att annonsera p\u00e5 Free Stuff World?<\/p>\n\n\n\n<p style=\"font-size:15px\">Du kan se mediekitet f\u00f6r Free Stuff World <a href=\"https:\/\/docs.google.com\/presentation\/d\/1FBinSApPo2CDVfApzOMDJVWMLa-qZRKLSSg79mCzV7w\/edit?usp=sharing\" target=\"_blank\" rel=\"noreferrer noopener\">h\u00e4r<\/a>.<\/p>\n<\/div>\n<\/div>\n","protected":false},"excerpt":{"rendered":"<p>Vill du distribuera ditt gratisprov till konsumenter \u00f6ver hela v\u00e4rlden? Free Stuff World kan hj\u00e4lpa dig att f\u00e5 feedback fr\u00e5n konsumenter p\u00e5 en ny produkt, distribuera en befintlig produkt f\u00f6r att f\u00e5 exponering och mycket mer. Fyll i formul\u00e4ret nedan f\u00f6r att tala med v\u00e5rt &#8230; <a title=\"Annonsera med oss\" class=\"read-more\" href=\"https:\/\/freestuff.world\/sv\/annonsera-med-oss\/\" aria-label=\"L\u00e4s mer om Annonsera med oss\">Read more<\/a><\/p>\n","protected":false},"author":1,"featured_media":0,"parent":0,"menu_order":0,"comment_status":"closed","ping_status":"closed","template":"","meta":{"_relevanssi_hide_post":"","_relevanssi_hide_content":"","_relevanssi_pin_for_all":"","_relevanssi_pin_keywords":"","_relevanssi_unpin_keywords":"","_relevanssi_related_keywords":"","_relevanssi_related_include_ids":"","_relevanssi_related_exclude_ids":"","_relevanssi_related_no_append":"","_relevanssi_related_not_related":"","_relevanssi_related_posts":"","_relevanssi_noindex_reason":"","_glsr_average":0,"_glsr_ranking":0,"_glsr_reviews":0,"footnotes":""},"categories":[],"class_list":["post-1715","page","type-page","status-publish"],"ams_acf":[],"wpcf-offer-link":null,"wpcf-does-the-offer-relate-to-gambling":null,"_wpscp_schedule_republish_date":null,"wpcf-exclude-republish":null,"wpcf-force-republish":null,"wpcf-exclude-email":null,"wpcf-individual-listing-id":null,"wpcf-include-social":null,"wpcf-social-template":null,"wpcf-expire-but-live":null,"_wow_auto_republish_settings":null,"wpcf-subject-line":null,"wpcf-intro-text":null,"wpcf-custom-text":null,"wpcf-custom-cta":null,"wpcf-affiliate-network":null,"_wpscp_schedule_draft_date":null,"wpcf-note":"","wpcf-network-offer-name":null,"toolset-meta":{"page-config":{"season":{"type":"select","raw":""}},"notes":{"note":{"type":"textarea","raw":""}}},"_links":{"self":[{"href":"https:\/\/freestuff.world\/sv\/wp-json\/wp\/v2\/pages\/1715","targetHints":{"allow":["GET"]}}],"collection":[{"href":"https:\/\/freestuff.world\/sv\/wp-json\/wp\/v2\/pages"}],"about":[{"href":"https:\/\/freestuff.world\/sv\/wp-json\/wp\/v2\/types\/page"}],"author":[{"embeddable":true,"href":"https:\/\/freestuff.world\/sv\/wp-json\/wp\/v2\/users\/1"}],"replies":[{"embeddable":true,"href":"https:\/\/freestuff.world\/sv\/wp-json\/wp\/v2\/comments?post=1715"}],"version-history":[{"count":4,"href":"https:\/\/freestuff.world\/sv\/wp-json\/wp\/v2\/pages\/1715\/revisions"}],"predecessor-version":[{"id":6612,"href":"https:\/\/freestuff.world\/sv\/wp-json\/wp\/v2\/pages\/1715\/revisions\/6612"}],"wp:attachment":[{"href":"https:\/\/freestuff.world\/sv\/wp-json\/wp\/v2\/media?parent=1715"}],"wp:term":[{"taxonomy":"category","embeddable":true,"href":"https:\/\/freestuff.world\/sv\/wp-json\/wp\/v2\/categories?post=1715"}],"curies":[{"name":"wp","href":"https:\/\/api.w.org\/{rel}","templated":true}]}}