{"id":64734,"date":"2024-06-17T10:24:01","date_gmt":"2024-06-17T09:24:01","guid":{"rendered":"https:\/\/freestuff.world\/suivez-nous-sur-les-reseaux-sociaux\/"},"modified":"2025-12-04T13:34:25","modified_gmt":"2025-12-04T12:34:25","slug":"suivez-nous-sur-les-reseaux-sociaux","status":"publish","type":"page","link":"https:\/\/freestuff.world\/fr\/suivez-nous-sur-les-reseaux-sociaux\/","title":{"rendered":"Suivez-nous sur les r\u00e9seaux sociaux"},"content":{"rendered":"\n<p>Restez au courant des derniers freebies et offres en nous suivant sur les m\u00e9dias sociaux ! Ne manquez plus jamais les meilleures offres. <\/p>\n\n<p>Comme Free Stuff World est pr\u00e9sent dans plus de 20 pays, nous avons des canaux sociaux d\u00e9di\u00e9s aux pays ci-dessous. Cela signifie que vous pouvez suivre la page correspondante et ainsi \u00eatre mis au courant des freebies qui concernent votre pays !   <\/p>\n\n<hr class=\"wp-block-separator has-alpha-channel-opacity\"\/>\n<div class=\"gb-grid-wrapper gb-grid-wrapper-5387899f\">\n<div class=\"gb-grid-column gb-grid-column-cb31775b\"><div class=\"gb-container gb-container-cb31775b\">\n\n<h3 class=\"wp-block-heading\">\ud83c\udde8\ud83c\udde6 Canada<\/h3>\n\n\n\n<p><a href=\"https:\/\/facebook.com\/FreeStuffwCA\" target=\"_blank\" rel=\"noreferrer noopener\">Facebook<\/a><br\/><a href=\"https:\/\/bsky.app\/profile\/freestuffworldca.bsky.social\" target=\"_blank\" rel=\"noreferrer noopener\">Bluesky<\/a><br\/><a href=\"https:\/\/t.me\/FreeStuffWorldCA\" target=\"_blank\" rel=\"noreferrer noopener\">T\u00e9l\u00e9gramme<\/a><br\/><a href=\"https:\/\/social.wowmedia.net\/@FreeStuffWorldCanada\" target=\"_blank\" rel=\"noreferrer noopener\">Mastodon<\/a><\/p>\n\n<\/div><\/div>\n\n<div class=\"gb-grid-column gb-grid-column-5b202aca\"><div class=\"gb-container gb-container-5b202aca\">\n\n<h3 class=\"wp-block-heading\">\ud83c\uddfa\ud83c\uddf8 USA<\/h3>\n\n\n\n<p><a href=\"https:\/\/www.facebook.com\/FreeStuffWorldUSA\" data-type=\"link\" data-id=\"https:\/\/www.facebook.com\/FreeStuffWorldUSA\" target=\"_blank\" rel=\"noreferrer noopener\">Facebook<\/a><br\/><a href=\"https:\/\/bsky.app\/profile\/freestuffworldus.bsky.social\" target=\"_blank\" rel=\"noreferrer noopener\">Bluesky<\/a><br\/><a href=\"https:\/\/t.me\/FreeStuffWorldUS\" target=\"_blank\" rel=\"noreferrer noopener\">T\u00e9l\u00e9gramme<\/a><br\/><a href=\"https:\/\/social.wowmedia.net\/@FreeStuffWorldUSA\" target=\"_blank\" rel=\"noreferrer noopener\">Mastodon<\/a><\/p>\n\n<\/div><\/div>\n\n<div class=\"gb-grid-column gb-grid-column-d16e0d38\"><div class=\"gb-container gb-container-d16e0d38\">\n\n<h3 class=\"wp-block-heading\">\ud83c\uddf8\ud83c\uddec Singapour<\/h3>\n\n\n\n<p><a href=\"https:\/\/t.me\/FreeStuffWorldSG\" target=\"_blank\" rel=\"noreferrer noopener\">T\u00e9l\u00e9gramme<\/a><br\/><a href=\"https:\/\/social.wowmedia.net\/@FreeStuffWorldSingapore\" target=\"_blank\" rel=\"noreferrer noopener\">Mastodon<\/a><\/p>\n\n<\/div><\/div>\n\n<div class=\"gb-grid-column gb-grid-column-20f74623\"><div class=\"gb-container gb-container-20f74623\">\n\n<h3 class=\"wp-block-heading\">\ud83c\uddff\ud83c\udde6 Afrique du Sud<\/h3>\n\n\n\n<p><a href=\"https:\/\/www.facebook.com\/freestuffworldza\" target=\"_blank\" rel=\"noreferrer noopener\">Facebook<\/a><br\/><a href=\"https:\/\/bsky.app\/profile\/freestuffworldza.bsky.social\" target=\"_blank\" rel=\"noreferrer noopener\">Bluesky<\/a><br\/><a href=\"https:\/\/t.me\/FreeStuffWorld\" target=\"_blank\" rel=\"noreferrer noopener\">T\u00e9l\u00e9gramme<\/a><br\/><a href=\"https:\/\/social.wowmedia.net\/@freestuffworldza\" target=\"_blank\" rel=\"noreferrer noopener\">Mastodon<\/a><\/p>\n\n<\/div><\/div>\n\n<div class=\"gb-grid-column gb-grid-column-3cb4494e\"><div class=\"gb-container gb-container-3cb4494e\"><\/div><\/div>\n<\/div>","protected":false},"excerpt":{"rendered":"<p>Restez au courant des derniers freebies et offres en nous suivant sur les m\u00e9dias sociaux ! Ne manquez plus jamais les meilleures offres. Comme Free Stuff World est pr\u00e9sent dans plus de 20 pays, nous avons des canaux sociaux d\u00e9di\u00e9s aux pays ci-dessous. Cela signifie &#8230; <a title=\"Suivez-nous sur les r\u00e9seaux sociaux\" class=\"read-more\" href=\"https:\/\/freestuff.world\/fr\/suivez-nous-sur-les-reseaux-sociaux\/\" aria-label=\"En savoir plus sur Suivez-nous sur les r\u00e9seaux sociaux\">Read more<\/a><\/p>\n","protected":false},"author":1,"featured_media":0,"parent":0,"menu_order":0,"comment_status":"closed","ping_status":"closed","template":"","meta":{"_relevanssi_hide_post":"","_relevanssi_hide_content":"","_relevanssi_pin_for_all":"","_relevanssi_pin_keywords":"","_relevanssi_unpin_keywords":"","_relevanssi_related_keywords":"","_relevanssi_related_include_ids":"","_relevanssi_related_exclude_ids":"","_relevanssi_related_no_append":"","_relevanssi_related_not_related":"","_relevanssi_related_posts":"","_relevanssi_noindex_reason":"","_glsr_average":0,"_glsr_ranking":0,"_glsr_reviews":0,"footnotes":""},"categories":[],"class_list":["post-64734","page","type-page","status-publish"],"ams_acf":[],"wpcf-offer-link":null,"wpcf-does-the-offer-relate-to-gambling":null,"_wpscp_schedule_republish_date":null,"wpcf-exclude-republish":null,"wpcf-force-republish":null,"wpcf-exclude-email":null,"wpcf-individual-listing-id":null,"wpcf-include-social":null,"wpcf-social-template":null,"wpcf-expire-but-live":null,"_wow_auto_republish_settings":null,"wpcf-subject-line":null,"wpcf-intro-text":null,"wpcf-custom-text":null,"wpcf-custom-cta":null,"wpcf-affiliate-network":null,"_wpscp_schedule_draft_date":null,"wpcf-note":"","wpcf-network-offer-name":null,"toolset-meta":{"page-config":{"season":{"type":"select","raw":""}},"notes":{"note":{"type":"textarea","raw":""}}},"_links":{"self":[{"href":"https:\/\/freestuff.world\/fr\/wp-json\/wp\/v2\/pages\/64734","targetHints":{"allow":["GET"]}}],"collection":[{"href":"https:\/\/freestuff.world\/fr\/wp-json\/wp\/v2\/pages"}],"about":[{"href":"https:\/\/freestuff.world\/fr\/wp-json\/wp\/v2\/types\/page"}],"author":[{"embeddable":true,"href":"https:\/\/freestuff.world\/fr\/wp-json\/wp\/v2\/users\/1"}],"replies":[{"embeddable":true,"href":"https:\/\/freestuff.world\/fr\/wp-json\/wp\/v2\/comments?post=64734"}],"version-history":[{"count":1,"href":"https:\/\/freestuff.world\/fr\/wp-json\/wp\/v2\/pages\/64734\/revisions"}],"predecessor-version":[{"id":64735,"href":"https:\/\/freestuff.world\/fr\/wp-json\/wp\/v2\/pages\/64734\/revisions\/64735"}],"wp:attachment":[{"href":"https:\/\/freestuff.world\/fr\/wp-json\/wp\/v2\/media?parent=64734"}],"wp:term":[{"taxonomy":"category","embeddable":true,"href":"https:\/\/freestuff.world\/fr\/wp-json\/wp\/v2\/categories?post=64734"}],"curies":[{"name":"wp","href":"https:\/\/api.w.org\/{rel}","templated":true}]}}