{"id":64731,"date":"2024-02-24T15:20:05","date_gmt":"2024-02-24T14:20:05","guid":{"rendered":"https:\/\/freestuff.world\/divulgation-de-laffiliation\/"},"modified":"2025-12-04T13:34:10","modified_gmt":"2025-12-04T12:34:10","slug":"divulgation-de-laffiliation","status":"publish","type":"page","link":"https:\/\/freestuff.world\/fr\/divulgation-de-laffiliation\/","title":{"rendered":"Divulgation de l&rsquo;affiliation"},"content":{"rendered":"\n<p>Sur Free Stuff World, nous offrons nos services aux consommateurs de mani\u00e8re totalement gratuite. Cependant, il est important de noter que, bien que nous r\u00e9pertorions un large \u00e9ventail d&rsquo;offres et d&rsquo;affaires, nous pouvons percevoir des commissions d&rsquo;affiliation pour certaines d&rsquo;entre elles, qui sont parfois appel\u00e9es \u00ab\u00a0commissions de recommandation\u00a0\u00bb. <\/p>\n\n<p>Lorsque vous visitez l&rsquo;une des offres pr\u00e9sent\u00e9es sur notre site, un cookie peut \u00eatre plac\u00e9 sur votre ordinateur. Si vous d\u00e9cidez d&rsquo;entreprendre une action sp\u00e9cifique, comme effectuer un achat ou vous inscrire \u00e0 un service, nous pouvons recevoir une commission pour vous avoir recommand\u00e9. Cette pratique, connue sous le nom de marketing d&rsquo;affiliation, contribue \u00e0 soutenir notre plateforme et nous permet de continuer \u00e0 fournir un contenu de valeur et des opportunit\u00e9s \u00e0 nos utilisateurs.  <\/p>\n","protected":false},"excerpt":{"rendered":"<p>Sur Free Stuff World, nous offrons nos services aux consommateurs de mani\u00e8re totalement gratuite. Cependant, il est important de noter que, bien que nous r\u00e9pertorions un large \u00e9ventail d&rsquo;offres et d&rsquo;affaires, nous pouvons percevoir des commissions d&rsquo;affiliation pour certaines d&rsquo;entre elles, qui sont parfois appel\u00e9es &#8230; <a title=\"Divulgation de l&rsquo;affiliation\" class=\"read-more\" href=\"https:\/\/freestuff.world\/fr\/divulgation-de-laffiliation\/\" aria-label=\"En savoir plus sur Divulgation de l&rsquo;affiliation\">Read more<\/a><\/p>\n","protected":false},"author":1,"featured_media":0,"parent":0,"menu_order":0,"comment_status":"closed","ping_status":"closed","template":"","meta":{"_relevanssi_hide_post":"","_relevanssi_hide_content":"","_relevanssi_pin_for_all":"","_relevanssi_pin_keywords":"","_relevanssi_unpin_keywords":"","_relevanssi_related_keywords":"","_relevanssi_related_include_ids":"","_relevanssi_related_exclude_ids":"","_relevanssi_related_no_append":"","_relevanssi_related_not_related":"","_relevanssi_related_posts":"","_relevanssi_noindex_reason":"","_glsr_average":0,"_glsr_ranking":0,"_glsr_reviews":0,"footnotes":""},"categories":[],"class_list":["post-64731","page","type-page","status-publish"],"ams_acf":[],"wpcf-offer-link":null,"wpcf-does-the-offer-relate-to-gambling":null,"_wpscp_schedule_republish_date":null,"wpcf-exclude-republish":null,"wpcf-force-republish":null,"wpcf-exclude-email":null,"wpcf-individual-listing-id":null,"wpcf-include-social":null,"wpcf-social-template":null,"wpcf-expire-but-live":null,"_wow_auto_republish_settings":null,"wpcf-subject-line":null,"wpcf-intro-text":null,"wpcf-custom-text":null,"wpcf-custom-cta":null,"wpcf-affiliate-network":null,"_wpscp_schedule_draft_date":null,"wpcf-note":"","wpcf-network-offer-name":null,"toolset-meta":{"page-config":{"season":{"type":"select","raw":""}},"notes":{"note":{"type":"textarea","raw":""}}},"_links":{"self":[{"href":"https:\/\/freestuff.world\/fr\/wp-json\/wp\/v2\/pages\/64731","targetHints":{"allow":["GET"]}}],"collection":[{"href":"https:\/\/freestuff.world\/fr\/wp-json\/wp\/v2\/pages"}],"about":[{"href":"https:\/\/freestuff.world\/fr\/wp-json\/wp\/v2\/types\/page"}],"author":[{"embeddable":true,"href":"https:\/\/freestuff.world\/fr\/wp-json\/wp\/v2\/users\/1"}],"replies":[{"embeddable":true,"href":"https:\/\/freestuff.world\/fr\/wp-json\/wp\/v2\/comments?post=64731"}],"version-history":[{"count":1,"href":"https:\/\/freestuff.world\/fr\/wp-json\/wp\/v2\/pages\/64731\/revisions"}],"predecessor-version":[{"id":64732,"href":"https:\/\/freestuff.world\/fr\/wp-json\/wp\/v2\/pages\/64731\/revisions\/64732"}],"wp:attachment":[{"href":"https:\/\/freestuff.world\/fr\/wp-json\/wp\/v2\/media?parent=64731"}],"wp:term":[{"taxonomy":"category","embeddable":true,"href":"https:\/\/freestuff.world\/fr\/wp-json\/wp\/v2\/categories?post=64731"}],"curies":[{"name":"wp","href":"https:\/\/api.w.org\/{rel}","templated":true}]}}