{"id":64729,"date":"2023-10-12T15:01:33","date_gmt":"2023-10-12T14:01:33","guid":{"rendered":"https:\/\/freestuff.world\/lapplication-mobile-free-stuff-world\/"},"modified":"2025-12-04T13:34:10","modified_gmt":"2025-12-04T12:34:10","slug":"lapplication-mobile-free-stuff-world","status":"publish","type":"page","link":"https:\/\/freestuff.world\/fr\/lapplication-mobile-free-stuff-world\/","title":{"rendered":"L&rsquo;application mobile Free Stuff World"},"content":{"rendered":"\n<p>T\u00e9l\u00e9chargez l&rsquo;application Free Stuff World pour acc\u00e9der plus rapidement et plus facilement aux <strong>derni\u00e8res offres d&rsquo;\u00e9chantillons gratuits<\/strong> du monde entier sur votre appareil mobile !<\/p>\n\n<p>L&rsquo;appli Free Stuff World permet d&rsquo;acc\u00e9der facilement aux offres r\u00e9pertori\u00e9es sur le site web et de trouver rapidement des offres par pays afin de trouver les freebies les plus pertinents en fonction de votre lieu de r\u00e9sidence.<\/p>\n\n<p>L&rsquo;application vous permet de trouver toutes sortes de choses, des \u00e9chantillons de parfum gratuits aux enqu\u00eates r\u00e9mun\u00e9r\u00e9es en passant par les tests de produits.<\/p>\n\n<div class=\"wp-block-columns is-layout-flex wp-container-core-columns-is-layout-9d6595d7 wp-block-columns-is-layout-flex\">\n<div class=\"wp-block-column is-layout-flow wp-block-column-is-layout-flow\" style=\"flex-basis:66.66%\">\n<h2 class=\"wp-block-heading\">Caract\u00e9ristiques de l&rsquo;application<\/h2>\n\n\n\n<ul class=\"wp-block-list\">\n<li>Des centaines de freebies \u00e0 choisir !<\/li>\n\n\n\n<li>Partagez les offres avec vos amis sur les m\u00e9dias sociaux.<\/li>\n\n\n\n<li>100 % gratuit, avec des tas d&rsquo;offres int\u00e9ressantes de centaines de marques.<\/li>\n\n\n\n<li>Enregistrez vos freebies pr\u00e9f\u00e9r\u00e9s dans votre liste personnelle pour les appliquer plus tard (iOS uniquement).<\/li>\n\n\n\n<li>Suivre la date \u00e0 laquelle vous avez demand\u00e9 un freebie afin de savoir quand les freebies devraient arriver (iOS uniquement).<\/li>\n<\/ul>\n<\/div>\n\n\n\n<div class=\"wp-block-column is-layout-flow wp-block-column-is-layout-flow\" style=\"flex-basis:33.33%\"><div class=\"wp-block-image\">\n<figure class=\"aligncenter size-full is-resized\"><img decoding=\"async\" width=\"400\" height=\"600\" src=\"https:\/\/cdn.freestuff.world\/wp-content\/uploads\/2025\/09\/FSW-Mobile-Screenshot.png?strip=all\" alt=\"Capture d'&#xE9;cran de l'application mobile Free Stuff World sur iPhone\" class=\"wp-image-60112\" style=\"width:198px;height:277px\" srcset=\"https:\/\/cdn.freestuff.world\/wp-content\/uploads\/2025\/09\/FSW-Mobile-Screenshot.png?strip=all 400w, https:\/\/cdn.freestuff.world\/wp-content\/uploads\/2025\/09\/FSW-Mobile-Screenshot-200x300.png?strip=all 200w, https:\/\/cdn.freestuff.world\/wp-content\/uploads\/2025\/09\/FSW-Mobile-Screenshot.png?strip=all&amp;w=80 80w, https:\/\/cdn.freestuff.world\/wp-content\/uploads\/2025\/09\/FSW-Mobile-Screenshot.png?strip=all&amp;w=320 320w\" sizes=\"(max-width: 400px) 100vw, 400px\" \/><\/figure>\n<\/div><\/div>\n<\/div>\n\n<h2 class=\"wp-block-heading\">T\u00e9l\u00e9charger l&rsquo;application gratuitement<\/h2>\n\n<figure class=\"wp-block-image size-large is-resized\"><a href=\"https:\/\/apps.apple.com\/us\/app\/freestuffworld\/id6749622031\" target=\"_blank\" rel=\" noreferrer noopener\"><img decoding=\"async\" width=\"119\" height=\"40\" src=\"https:\/\/cdn.freestuff.world\/wp-content\/uploads\/2025\/09\/download-app-store.svg\" alt=\"T&#xE9;l&#xE9;chargez Free Stuff World sur l'App Store.\" class=\"wp-image-59581\" style=\"width:164px;height:auto\"\/><\/a><\/figure>\n\n<figure class=\"wp-block-image size-full is-resized\"><a href=\"https:\/\/play.google.com\/store\/apps\/details?id=app.freestuffworld.android\" target=\"_blank\" rel=\"noreferrer noopener\"><img decoding=\"async\" width=\"300\" height=\"88\" src=\"https:\/\/cdn.freestuff.world\/wp-content\/uploads\/2023\/10\/google-play-hq.png?strip=all\" alt=\"T&#xE9;l&#xE9;charger l'application sur Google Play\" class=\"wp-image-5005\" style=\"width:162px;height:48px\" srcset=\"https:\/\/cdn.freestuff.world\/wp-content\/uploads\/2023\/10\/google-play-hq.png?strip=all 300w, https:\/\/cdn.freestuff.world\/wp-content\/uploads\/2023\/10\/google-play-hq.png?strip=all&amp;w=60 60w, https:\/\/cdn.freestuff.world\/wp-content\/uploads\/2023\/10\/google-play-hq.png?strip=all&amp;w=120 120w, https:\/\/cdn.freestuff.world\/wp-content\/uploads\/2023\/10\/google-play-hq.png?strip=all&amp;w=180 180w, https:\/\/cdn.freestuff.world\/wp-content\/uploads\/2023\/10\/google-play-hq.png?strip=all&amp;w=240 240w\" sizes=\"(max-width: 300px) 100vw, 300px\" \/><\/a><\/figure>\n","protected":false},"excerpt":{"rendered":"<p>T\u00e9l\u00e9chargez l&rsquo;application Free Stuff World pour acc\u00e9der plus rapidement et plus facilement aux derni\u00e8res offres d&rsquo;\u00e9chantillons gratuits du monde entier sur votre appareil mobile ! L&rsquo;appli Free Stuff World permet d&rsquo;acc\u00e9der facilement aux offres r\u00e9pertori\u00e9es sur le site web et de trouver rapidement des offres &#8230; <a title=\"L&rsquo;application mobile Free Stuff World\" class=\"read-more\" href=\"https:\/\/freestuff.world\/fr\/lapplication-mobile-free-stuff-world\/\" aria-label=\"En savoir plus sur L&rsquo;application mobile Free Stuff World\">Read more<\/a><\/p>\n","protected":false},"author":1,"featured_media":0,"parent":0,"menu_order":0,"comment_status":"closed","ping_status":"closed","template":"","meta":{"_relevanssi_hide_post":"","_relevanssi_hide_content":"","_relevanssi_pin_for_all":"","_relevanssi_pin_keywords":"","_relevanssi_unpin_keywords":"","_relevanssi_related_keywords":"","_relevanssi_related_include_ids":"","_relevanssi_related_exclude_ids":"","_relevanssi_related_no_append":"","_relevanssi_related_not_related":"","_relevanssi_related_posts":"","_relevanssi_noindex_reason":"","_glsr_average":0,"_glsr_ranking":0,"_glsr_reviews":0,"footnotes":""},"categories":[],"class_list":["post-64729","page","type-page","status-publish"],"ams_acf":[],"wpcf-offer-link":null,"wpcf-does-the-offer-relate-to-gambling":null,"_wpscp_schedule_republish_date":null,"wpcf-exclude-republish":null,"wpcf-force-republish":null,"wpcf-exclude-email":null,"wpcf-individual-listing-id":null,"wpcf-include-social":null,"wpcf-social-template":null,"wpcf-expire-but-live":null,"_wow_auto_republish_settings":null,"wpcf-subject-line":null,"wpcf-intro-text":null,"wpcf-custom-text":null,"wpcf-custom-cta":null,"wpcf-affiliate-network":null,"_wpscp_schedule_draft_date":null,"wpcf-note":"","wpcf-network-offer-name":null,"toolset-meta":{"page-config":{"season":{"type":"select","raw":""}},"notes":{"note":{"type":"textarea","raw":""}}},"_links":{"self":[{"href":"https:\/\/freestuff.world\/fr\/wp-json\/wp\/v2\/pages\/64729","targetHints":{"allow":["GET"]}}],"collection":[{"href":"https:\/\/freestuff.world\/fr\/wp-json\/wp\/v2\/pages"}],"about":[{"href":"https:\/\/freestuff.world\/fr\/wp-json\/wp\/v2\/types\/page"}],"author":[{"embeddable":true,"href":"https:\/\/freestuff.world\/fr\/wp-json\/wp\/v2\/users\/1"}],"replies":[{"embeddable":true,"href":"https:\/\/freestuff.world\/fr\/wp-json\/wp\/v2\/comments?post=64729"}],"version-history":[{"count":1,"href":"https:\/\/freestuff.world\/fr\/wp-json\/wp\/v2\/pages\/64729\/revisions"}],"predecessor-version":[{"id":64730,"href":"https:\/\/freestuff.world\/fr\/wp-json\/wp\/v2\/pages\/64729\/revisions\/64730"}],"wp:attachment":[{"href":"https:\/\/freestuff.world\/fr\/wp-json\/wp\/v2\/media?parent=64729"}],"wp:term":[{"taxonomy":"category","embeddable":true,"href":"https:\/\/freestuff.world\/fr\/wp-json\/wp\/v2\/categories?post=64729"}],"curies":[{"name":"wp","href":"https:\/\/api.w.org\/{rel}","templated":true}]}}