{"id":64727,"date":"2023-08-09T17:34:39","date_gmt":"2023-08-09T16:34:39","guid":{"rendered":"https:\/\/freestuff.world\/merci-de-vous-etre-inscrit-a-la-lettre-dinformation-de-free-stuff-world\/"},"modified":"2025-12-04T13:34:10","modified_gmt":"2025-12-04T12:34:10","slug":"merci-de-vous-etre-inscrit-a-la-lettre-dinformation-de-free-stuff-world","status":"publish","type":"page","link":"https:\/\/freestuff.world\/fr\/merci-de-vous-etre-inscrit-a-la-lettre-dinformation-de-free-stuff-world\/","title":{"rendered":"Merci de vous \u00eatre inscrit \u00e0 la lettre d&rsquo;information de Free Stuff World !"},"content":{"rendered":"\n<p>Merci de vous \u00eatre inscrit \u00e0 la newsletter de Free Stuff World, vous recevrez d\u00e9sormais r\u00e9guli\u00e8rement des mises \u00e0 jour par email avec certains des meilleurs et plus r\u00e9cents \u00e9chantillons gratuits, concours, sondages r\u00e9mun\u00e9r\u00e9s, offres et plus encore directement dans votre bo\u00eete email. \ud83c\udf89<\/p>\n\n<hr class=\"wp-block-separator has-alpha-channel-opacity\"\/>\n\n<h2 class=\"wp-block-heading\">Commencez \u00e0 trouver des offres d\u00e8s maintenant&#8230;<\/h2>\n\n<p>Vous voulez trouver de superbes \u00e9chantillons gratuits maintenant ? Parcourez les offres par pays ci-dessous. <\/p>\n<div class=\"gb-grid-wrapper gb-grid-wrapper-449d44cb\">\n<div class=\"gb-grid-column gb-grid-column-559db6a9\"><div class=\"gb-container gb-container-559db6a9\"><div class=\"gb-inside-container\">\n\n<figure class=\"wp-block-image size-full is-resized is-style-rounded border\"><a href=\"https:\/\/freestuff.world\/fr\/canada-fr\/\"><img decoding=\"async\" src=\"https:\/\/cdn.freestuff.world\/wp-content\/uploads\/2021\/07\/canada.png?strip=all\" alt=\"\" class=\"wp-image-111\" style=\"width:128px;height:128px\" width=\"128\" height=\"128\" srcset=\"https:\/\/cdn.freestuff.world\/wp-content\/uploads\/2021\/07\/canada.png?strip=all 512w, https:\/\/cdn.freestuff.world\/wp-content\/uploads\/2021\/07\/canada-300x300.png?strip=all 300w, https:\/\/cdn.freestuff.world\/wp-content\/uploads\/2021\/07\/canada-150x150.png?strip=all 150w, https:\/\/cdn.freestuff.world\/wp-content\/uploads\/2021\/07\/canada.png?strip=all&amp;w=204 204w, https:\/\/cdn.freestuff.world\/wp-content\/uploads\/2021\/07\/canada.png?strip=all&amp;w=409 409w\" sizes=\"(max-width: 128px) 100vw, 128px\" \/><\/a><\/figure>\n\n\n\n<p><\/p>\n\n\n\n<p><a href=\"https:\/\/freestuff.world\/fr\/canada-fr\/\" data-type=\"URL\" data-id=\"http:\/\/freestuff.world\/canada\/\">Canada<\/a><\/p>\n\n<\/div><\/div><\/div>\n\n<div class=\"gb-grid-column gb-grid-column-ef8a2357\"><div class=\"gb-container gb-container-ef8a2357\"><div class=\"gb-inside-container\">\n\n<figure class=\"wp-block-image size-full is-resized is-style-rounded border\"><a href=\"https:\/\/freestuff.world\/fr\/%f0%9f%87%a8%f0%9f%87%bf-republique-tcheque-freebies\/\"><img decoding=\"async\" src=\"https:\/\/cdn.freestuff.world\/wp-content\/uploads\/2022\/08\/czech-republic.png?strip=all\" alt=\"R&#xE9;publique tch&#xE8;que\" class=\"wp-image-1152\" style=\"width:128px;height:128px\" width=\"128\" height=\"128\" srcset=\"https:\/\/cdn.freestuff.world\/wp-content\/uploads\/2022\/08\/czech-republic.png?strip=all 512w, https:\/\/cdn.freestuff.world\/wp-content\/uploads\/2022\/08\/czech-republic-300x300.png?strip=all 300w, https:\/\/cdn.freestuff.world\/wp-content\/uploads\/2022\/08\/czech-republic-150x150.png?strip=all 150w, https:\/\/cdn.freestuff.world\/wp-content\/uploads\/2022\/08\/czech-republic.png?strip=all&amp;w=204 204w, https:\/\/cdn.freestuff.world\/wp-content\/uploads\/2022\/08\/czech-republic.png?strip=all&amp;w=409 409w\" sizes=\"(max-width: 128px) 100vw, 128px\" \/><\/a><\/figure>\n\n\n\n<p><\/p>\n\n\n\n<p><a href=\"https:\/\/freestuff.world\/fr\/%f0%9f%87%a8%f0%9f%87%bf-republique-tcheque-freebies\/\" data-type=\"URL\" data-id=\"http:\/\/freestuff.world\/canada\/\">R\u00e9publique tch\u00e8que<\/a><\/p>\n\n<\/div><\/div><\/div>\n\n<div class=\"gb-grid-column gb-grid-column-345ccaa0\"><div class=\"gb-container gb-container-345ccaa0\"><div class=\"gb-inside-container\">\n\n<figure class=\"wp-block-image size-full is-resized is-style-rounded border\"><a href=\"https:\/\/freestuff.world\/fr\/france-fr\/\"><img decoding=\"async\" src=\"https:\/\/cdn.freestuff.world\/wp-content\/uploads\/2022\/08\/france.png?strip=all\" alt=\"France\" class=\"wp-image-1158\" style=\"width:128px;height:128px\" width=\"128\" height=\"128\" srcset=\"https:\/\/cdn.freestuff.world\/wp-content\/uploads\/2022\/08\/france.png?strip=all 512w, https:\/\/cdn.freestuff.world\/wp-content\/uploads\/2022\/08\/france-300x300.png?strip=all 300w, https:\/\/cdn.freestuff.world\/wp-content\/uploads\/2022\/08\/france-150x150.png?strip=all 150w, https:\/\/cdn.freestuff.world\/wp-content\/uploads\/2022\/08\/france.png?strip=all&amp;w=204 204w, https:\/\/cdn.freestuff.world\/wp-content\/uploads\/2022\/08\/france.png?strip=all&amp;w=409 409w\" sizes=\"(max-width: 128px) 100vw, 128px\" \/><\/a><\/figure>\n\n\n\n<p><\/p>\n\n\n\n<p><a href=\"https:\/\/freestuff.world\/fr\/france-fr\/\" data-type=\"category\" data-id=\"76\">France<\/a><\/p>\n\n<\/div><\/div><\/div>\n\n<div class=\"gb-grid-column gb-grid-column-dfb773f8\"><div class=\"gb-container gb-container-dfb773f8\"><div class=\"gb-inside-container\">\n\n<figure class=\"wp-block-image size-full is-resized is-style-rounded border\"><a href=\"https:\/\/freestuff.world\/fr\/%f0%9f%87%a9%f0%9f%87%aa-des-choses-gratuites-en-allemagne\/\"><img decoding=\"async\" src=\"https:\/\/cdn.freestuff.world\/wp-content\/uploads\/2022\/08\/germany.png?strip=all\" alt=\"Allemagne\" class=\"wp-image-1160\" style=\"width:128px;height:128px\" width=\"128\" height=\"128\" srcset=\"https:\/\/cdn.freestuff.world\/wp-content\/uploads\/2022\/08\/germany.png?strip=all 512w, https:\/\/cdn.freestuff.world\/wp-content\/uploads\/2022\/08\/germany-300x300.png?strip=all 300w, https:\/\/cdn.freestuff.world\/wp-content\/uploads\/2022\/08\/germany-150x150.png?strip=all 150w, https:\/\/cdn.freestuff.world\/wp-content\/uploads\/2022\/08\/germany.png?strip=all&amp;w=204 204w, https:\/\/cdn.freestuff.world\/wp-content\/uploads\/2022\/08\/germany.png?strip=all&amp;w=409 409w\" sizes=\"(max-width: 128px) 100vw, 128px\" \/><\/a><\/figure>\n\n\n\n<p><\/p>\n\n\n\n<p><a href=\"https:\/\/freestuff.world\/fr\/%f0%9f%87%a9%f0%9f%87%aa-des-choses-gratuites-en-allemagne\/\" data-type=\"category\" data-id=\"76\">Allemagne<\/a><\/p>\n\n<\/div><\/div><\/div>\n\n<div class=\"gb-grid-column gb-grid-column-16400629\"><div class=\"gb-container gb-container-16400629\"><div class=\"gb-inside-container\">\n\n<figure class=\"wp-block-image size-full is-resized is-style-rounded border\"><a href=\"https:\/\/freestuff.world\/fr\/hong-kong-fr\/\"><img decoding=\"async\" src=\"https:\/\/cdn.freestuff.world\/wp-content\/uploads\/2022\/08\/hong-kong.png?strip=all\" alt=\"Produits gratuits &#xE0; Hong Kong\" class=\"wp-image-1162\" style=\"width:128px;height:128px\" width=\"128\" height=\"128\" srcset=\"https:\/\/cdn.freestuff.world\/wp-content\/uploads\/2022\/08\/hong-kong.png?strip=all 512w, https:\/\/cdn.freestuff.world\/wp-content\/uploads\/2022\/08\/hong-kong-300x300.png?strip=all 300w, https:\/\/cdn.freestuff.world\/wp-content\/uploads\/2022\/08\/hong-kong-150x150.png?strip=all 150w, https:\/\/cdn.freestuff.world\/wp-content\/uploads\/2022\/08\/hong-kong.png?strip=all&amp;w=204 204w, https:\/\/cdn.freestuff.world\/wp-content\/uploads\/2022\/08\/hong-kong.png?strip=all&amp;w=409 409w\" sizes=\"(max-width: 128px) 100vw, 128px\" \/><\/a><\/figure>\n\n\n\n<p><\/p>\n\n\n\n<p><a href=\"https:\/\/freestuff.world\/fr\/hong-kong-fr\/\" data-type=\"category\" data-id=\"32\">Hong Kong<\/a><\/p>\n\n<\/div><\/div><\/div>\n\n<div class=\"gb-grid-column gb-grid-column-372e91d7\"><div class=\"gb-container gb-container-372e91d7\"><div class=\"gb-inside-container\">\n\n<figure class=\"wp-block-image size-full is-resized is-style-rounded border\"><a href=\"https:\/\/freestuff.world\/fr\/%f0%9f%87%ae%f0%9f%87%a9-freebies-en-indonesie\/\"><img decoding=\"async\" src=\"https:\/\/cdn.freestuff.world\/wp-content\/uploads\/2022\/08\/indonesia.png?strip=all\" alt=\"Indon&#xE9;sie\" class=\"wp-image-1168\" style=\"width:128px;height:128px\" width=\"128\" height=\"128\" srcset=\"https:\/\/cdn.freestuff.world\/wp-content\/uploads\/2022\/08\/indonesia.png?strip=all 512w, https:\/\/cdn.freestuff.world\/wp-content\/uploads\/2022\/08\/indonesia-300x300.png?strip=all 300w, https:\/\/cdn.freestuff.world\/wp-content\/uploads\/2022\/08\/indonesia-150x150.png?strip=all 150w, https:\/\/cdn.freestuff.world\/wp-content\/uploads\/2022\/08\/indonesia.png?strip=all&amp;w=204 204w, https:\/\/cdn.freestuff.world\/wp-content\/uploads\/2022\/08\/indonesia.png?strip=all&amp;w=409 409w\" sizes=\"(max-width: 128px) 100vw, 128px\" \/><\/a><\/figure>\n\n\n\n<p><\/p>\n\n\n\n<p><a href=\"https:\/\/freestuff.world\/fr\/%f0%9f%87%ae%f0%9f%87%a9-freebies-en-indonesie\/\" data-type=\"category\" data-id=\"32\">Indon\u00e9sie<\/a><\/p>\n\n<\/div><\/div><\/div>\n\n<div class=\"gb-grid-column gb-grid-column-1474db12\"><div class=\"gb-container gb-container-1474db12\"><div class=\"gb-inside-container\">\n\n<figure class=\"wp-block-image size-full is-resized is-style-rounded border\"><a href=\"https:\/\/freestuff.world\/fr\/%f0%9f%87%ae%f0%9f%87%b9-freebies-en-italie\/\"><img decoding=\"async\" src=\"https:\/\/cdn.freestuff.world\/wp-content\/uploads\/2022\/08\/italy.png?strip=all\" alt=\"Italie\" class=\"wp-image-1174\" style=\"width:128px;height:128px\" width=\"128\" height=\"128\" srcset=\"https:\/\/cdn.freestuff.world\/wp-content\/uploads\/2022\/08\/italy.png?strip=all 512w, https:\/\/cdn.freestuff.world\/wp-content\/uploads\/2022\/08\/italy-300x300.png?strip=all 300w, https:\/\/cdn.freestuff.world\/wp-content\/uploads\/2022\/08\/italy-150x150.png?strip=all 150w, https:\/\/cdn.freestuff.world\/wp-content\/uploads\/2022\/08\/italy.png?strip=all&amp;w=204 204w, https:\/\/cdn.freestuff.world\/wp-content\/uploads\/2022\/08\/italy.png?strip=all&amp;w=409 409w\" sizes=\"(max-width: 128px) 100vw, 128px\" \/><\/a><\/figure>\n\n\n\n<p><\/p>\n\n\n\n<p><a href=\"https:\/\/freestuff.world\/fr\/%f0%9f%87%ae%f0%9f%87%b9-freebies-en-italie\/\" data-type=\"category\" data-id=\"188\">Italie<\/a><\/p>\n\n<\/div><\/div><\/div>\n\n<div class=\"gb-grid-column gb-grid-column-e393fdd7\"><div class=\"gb-container gb-container-e393fdd7\"><div class=\"gb-inside-container\">\n\n<figure class=\"wp-block-image size-full is-resized is-style-rounded border\"><a href=\"https:\/\/freestuff.world\/fr\/%f0%9f%87%b2%f0%9f%87%be-choses-gratuites-en-malaisie\/\"><img decoding=\"async\" src=\"https:\/\/cdn.freestuff.world\/wp-content\/uploads\/2022\/08\/malaysia.png?strip=all\" alt=\"Malaisie\" class=\"wp-image-1180\" style=\"width:128px;height:128px\" width=\"128\" height=\"128\" srcset=\"https:\/\/cdn.freestuff.world\/wp-content\/uploads\/2022\/08\/malaysia.png?strip=all 512w, https:\/\/cdn.freestuff.world\/wp-content\/uploads\/2022\/08\/malaysia-300x300.png?strip=all 300w, https:\/\/cdn.freestuff.world\/wp-content\/uploads\/2022\/08\/malaysia-150x150.png?strip=all 150w, https:\/\/cdn.freestuff.world\/wp-content\/uploads\/2022\/08\/malaysia.png?strip=all&amp;w=204 204w, https:\/\/cdn.freestuff.world\/wp-content\/uploads\/2022\/08\/malaysia.png?strip=all&amp;w=409 409w\" sizes=\"(max-width: 128px) 100vw, 128px\" \/><\/a><\/figure>\n\n\n\n<p><\/p>\n\n\n\n<p><a href=\"https:\/\/freestuff.world\/fr\/%f0%9f%87%b2%f0%9f%87%be-choses-gratuites-en-malaisie\/\" data-type=\"category\" data-id=\"170\">Malaisie<\/a><\/p>\n\n<\/div><\/div><\/div>\n\n<div class=\"gb-grid-column gb-grid-column-01d3046b\"><div class=\"gb-container gb-container-01d3046b\"><div class=\"gb-inside-container\">\n\n<figure class=\"wp-block-image size-full is-resized is-style-rounded border\"><a href=\"https:\/\/freestuff.world\/fr\/%f0%9f%87%b3%f0%9f%87%ac-freebies-disponibles-au-nigeria\/\"><img decoding=\"async\" src=\"https:\/\/cdn.freestuff.world\/wp-content\/uploads\/2023\/04\/nigeria.png?strip=all\" alt=\"Nig&#xE9;ria\" class=\"wp-image-2810\" style=\"width:128px;height:128px\" width=\"128\" height=\"128\" srcset=\"https:\/\/cdn.freestuff.world\/wp-content\/uploads\/2023\/04\/nigeria.png?strip=all 512w, https:\/\/cdn.freestuff.world\/wp-content\/uploads\/2023\/04\/nigeria-300x300.png?strip=all 300w, https:\/\/cdn.freestuff.world\/wp-content\/uploads\/2023\/04\/nigeria-150x150.png?strip=all 150w, https:\/\/cdn.freestuff.world\/wp-content\/uploads\/2023\/04\/nigeria.png?strip=all&amp;w=204 204w, https:\/\/cdn.freestuff.world\/wp-content\/uploads\/2023\/04\/nigeria.png?strip=all&amp;w=409 409w\" sizes=\"(max-width: 128px) 100vw, 128px\" \/><\/a><\/figure>\n\n\n\n<p><\/p>\n\n\n\n<p><a href=\"https:\/\/freestuff.world\/fr\/%f0%9f%87%b3%f0%9f%87%ac-freebies-disponibles-au-nigeria\/\" data-type=\"URL\">Nig\u00e9ria<\/a><\/p>\n\n<\/div><\/div><\/div>\n\n<div class=\"gb-grid-column gb-grid-column-cc8622eb\"><div class=\"gb-container gb-container-cc8622eb\"><div class=\"gb-inside-container\">\n\n<figure class=\"wp-block-image size-full is-resized is-style-rounded border\"><a href=\"https:\/\/freestuff.world\/fr\/pologne\/\"><img decoding=\"async\" src=\"https:\/\/cdn.freestuff.world\/wp-content\/uploads\/2022\/08\/poland.png?strip=all\" alt=\"Pologne\" class=\"wp-image-1198\" style=\"width:128px;height:128px\" width=\"128\" height=\"128\" srcset=\"https:\/\/cdn.freestuff.world\/wp-content\/uploads\/2022\/08\/poland.png?strip=all 512w, https:\/\/cdn.freestuff.world\/wp-content\/uploads\/2022\/08\/poland-300x300.png?strip=all 300w, https:\/\/cdn.freestuff.world\/wp-content\/uploads\/2022\/08\/poland-150x150.png?strip=all 150w, https:\/\/cdn.freestuff.world\/wp-content\/uploads\/2022\/08\/poland.png?strip=all&amp;w=204 204w, https:\/\/cdn.freestuff.world\/wp-content\/uploads\/2022\/08\/poland.png?strip=all&amp;w=409 409w\" sizes=\"(max-width: 128px) 100vw, 128px\" \/><\/a><\/figure>\n\n\n\n<p><\/p>\n\n\n\n<p><a href=\"https:\/\/freestuff.world\/fr\/pologne\/\" data-type=\"category\" data-id=\"78\">Pologne<\/a><\/p>\n\n<\/div><\/div><\/div>\n\n<div class=\"gb-grid-column gb-grid-column-352864c7\"><div class=\"gb-container gb-container-352864c7\"><div class=\"gb-inside-container\">\n\n<figure class=\"wp-block-image size-full is-resized is-style-rounded border\"><a href=\"https:\/\/freestuff.world\/fr\/singapour\/\"><img decoding=\"async\" src=\"https:\/\/cdn.freestuff.world\/wp-content\/uploads\/2021\/07\/singapore.png?strip=all\" alt=\"Freebies &#xE0; Singapour\" class=\"wp-image-113\" style=\"width:128px;height:128px\" width=\"128\" height=\"128\" srcset=\"https:\/\/cdn.freestuff.world\/wp-content\/uploads\/2021\/07\/singapore.png?strip=all 512w, https:\/\/cdn.freestuff.world\/wp-content\/uploads\/2021\/07\/singapore-300x300.png?strip=all 300w, https:\/\/cdn.freestuff.world\/wp-content\/uploads\/2021\/07\/singapore-150x150.png?strip=all 150w, https:\/\/cdn.freestuff.world\/wp-content\/uploads\/2021\/07\/singapore.png?strip=all&amp;w=204 204w, https:\/\/cdn.freestuff.world\/wp-content\/uploads\/2021\/07\/singapore.png?strip=all&amp;w=409 409w\" sizes=\"(max-width: 128px) 100vw, 128px\" \/><\/a><\/figure>\n\n\n\n<p><\/p>\n\n\n\n<p><a href=\"https:\/\/freestuff.world\/fr\/singapour\/\">Singapour<\/a><\/p>\n\n<\/div><\/div><\/div>\n\n<div class=\"gb-grid-column gb-grid-column-66a8cd36\"><div class=\"gb-container gb-container-66a8cd36\"><div class=\"gb-inside-container\">\n\n<figure class=\"wp-block-image size-full is-resized is-style-rounded border\"><a href=\"https:\/\/freestuff.world\/fr\/afrique-du-sud\/\"><img decoding=\"async\" src=\"https:\/\/cdn.freestuff.world\/wp-content\/uploads\/2021\/07\/south-africa.png?strip=all\" alt=\"Freebies en Afrique du Sud\" class=\"wp-image-237\" style=\"width:128px;height:128px\" width=\"128\" height=\"128\" srcset=\"https:\/\/cdn.freestuff.world\/wp-content\/uploads\/2021\/07\/south-africa.png?strip=all 512w, https:\/\/cdn.freestuff.world\/wp-content\/uploads\/2021\/07\/south-africa-300x300.png?strip=all 300w, https:\/\/cdn.freestuff.world\/wp-content\/uploads\/2021\/07\/south-africa-150x150.png?strip=all 150w, https:\/\/cdn.freestuff.world\/wp-content\/uploads\/2021\/07\/south-africa.png?strip=all&amp;w=204 204w, https:\/\/cdn.freestuff.world\/wp-content\/uploads\/2021\/07\/south-africa.png?strip=all&amp;w=409 409w\" sizes=\"(max-width: 128px) 100vw, 128px\" \/><\/a><\/figure>\n\n\n\n<p><\/p>\n\n\n\n<p><a href=\"https:\/\/freestuff.world\/fr\/afrique-du-sud\/\">Afrique du Sud<\/a><\/p>\n\n<\/div><\/div><\/div>\n\n<div class=\"gb-grid-column gb-grid-column-675edf23\"><div class=\"gb-container gb-container-675edf23\"><div class=\"gb-inside-container\">\n\n<figure class=\"wp-block-image size-full is-resized is-style-rounded border\"><a href=\"https:\/\/freestuff.world\/fr\/espagne\/\"><img decoding=\"async\" src=\"https:\/\/cdn.freestuff.world\/wp-content\/uploads\/2022\/08\/spain.png?strip=all\" alt=\"Espagne\" class=\"wp-image-1210\" style=\"width:128px;height:128px\" width=\"128\" height=\"128\" srcset=\"https:\/\/cdn.freestuff.world\/wp-content\/uploads\/2022\/08\/spain.png?strip=all 512w, https:\/\/cdn.freestuff.world\/wp-content\/uploads\/2022\/08\/spain-300x300.png?strip=all 300w, https:\/\/cdn.freestuff.world\/wp-content\/uploads\/2022\/08\/spain-150x150.png?strip=all 150w, https:\/\/cdn.freestuff.world\/wp-content\/uploads\/2022\/08\/spain.png?strip=all&amp;w=204 204w, https:\/\/cdn.freestuff.world\/wp-content\/uploads\/2022\/08\/spain.png?strip=all&amp;w=409 409w\" sizes=\"(max-width: 128px) 100vw, 128px\" \/><\/a><\/figure>\n\n\n\n<p><\/p>\n\n\n\n<p><a href=\"https:\/\/freestuff.world\/fr\/espagne\/\" data-type=\"URL\">Espagne<\/a><\/p>\n\n<\/div><\/div><\/div>\n\n<div class=\"gb-grid-column gb-grid-column-b6adfb9a\"><div class=\"gb-container gb-container-b6adfb9a\"><div class=\"gb-inside-container\">\n\n<figure class=\"wp-block-image size-full is-resized is-style-rounded border\"><a href=\"https:\/\/freestuff.world\/fr\/suede\/\"><img decoding=\"async\" src=\"https:\/\/cdn.freestuff.world\/wp-content\/uploads\/2022\/08\/sweden.png?strip=all\" alt=\"Su&#xE8;de\" class=\"wp-image-1212\" style=\"width:128px;height:128px\" width=\"128\" height=\"128\" srcset=\"https:\/\/cdn.freestuff.world\/wp-content\/uploads\/2022\/08\/sweden.png?strip=all 512w, https:\/\/cdn.freestuff.world\/wp-content\/uploads\/2022\/08\/sweden-300x300.png?strip=all 300w, https:\/\/cdn.freestuff.world\/wp-content\/uploads\/2022\/08\/sweden-150x150.png?strip=all 150w, https:\/\/cdn.freestuff.world\/wp-content\/uploads\/2022\/08\/sweden.png?strip=all&amp;w=204 204w, https:\/\/cdn.freestuff.world\/wp-content\/uploads\/2022\/08\/sweden.png?strip=all&amp;w=409 409w\" sizes=\"(max-width: 128px) 100vw, 128px\" \/><\/a><\/figure>\n\n\n\n<p><\/p>\n\n\n\n<p><a href=\"https:\/\/freestuff.world\/fr\/suede\/\" data-type=\"URL\">Su\u00e8de<\/a><\/p>\n\n<\/div><\/div><\/div>\n\n<div class=\"gb-grid-column gb-grid-column-bef0a07e\"><div class=\"gb-container gb-container-bef0a07e\"><div class=\"gb-inside-container\">\n\n<figure class=\"wp-block-image size-full is-resized is-style-rounded border\"><a href=\"https:\/\/freestuff.world\/fr\/%f0%9f%87%a6%f0%9f%87%aa-freebies-aux-emirats-arabes-unis\/\"><img decoding=\"async\" src=\"https:\/\/cdn.freestuff.world\/wp-content\/uploads\/2022\/08\/united-arab-emirates.png?strip=all\" alt=\"EAU\" class=\"wp-image-1216\" style=\"width:128px;height:128px\" width=\"128\" height=\"128\" srcset=\"https:\/\/cdn.freestuff.world\/wp-content\/uploads\/2022\/08\/united-arab-emirates.png?strip=all 512w, https:\/\/cdn.freestuff.world\/wp-content\/uploads\/2022\/08\/united-arab-emirates-300x300.png?strip=all 300w, https:\/\/cdn.freestuff.world\/wp-content\/uploads\/2022\/08\/united-arab-emirates-150x150.png?strip=all 150w, https:\/\/cdn.freestuff.world\/wp-content\/uploads\/2022\/08\/united-arab-emirates.png?strip=all&amp;w=204 204w, https:\/\/cdn.freestuff.world\/wp-content\/uploads\/2022\/08\/united-arab-emirates.png?strip=all&amp;w=409 409w\" sizes=\"(max-width: 128px) 100vw, 128px\" \/><\/a><\/figure>\n\n\n\n<p><\/p>\n\n\n\n<p><a href=\"https:\/\/freestuff.world\/fr\/%f0%9f%87%a6%f0%9f%87%aa-freebies-aux-emirats-arabes-unis\/\" data-type=\"category\" data-id=\"183\">EAU<\/a><\/p>\n\n<\/div><\/div><\/div>\n\n<div class=\"gb-grid-column gb-grid-column-a78ba49d\"><div class=\"gb-container gb-container-a78ba49d\"><div class=\"gb-inside-container\">\n\n<figure class=\"wp-block-image size-full is-resized is-style-rounded border grey\"><a href=\"https:\/\/freestuff.world\/fr\/usa-fr\/\"><img decoding=\"async\" src=\"https:\/\/cdn.freestuff.world\/wp-content\/uploads\/2021\/07\/226-united-states.png?strip=all\" alt=\"&#xC9;tats-Unis\" class=\"wp-image-116\" style=\"width:128px;height:128px\" width=\"128\" height=\"128\" srcset=\"https:\/\/cdn.freestuff.world\/wp-content\/uploads\/2021\/07\/226-united-states.png?strip=all 512w, https:\/\/cdn.freestuff.world\/wp-content\/uploads\/2021\/07\/226-united-states-300x300.png?strip=all 300w, https:\/\/cdn.freestuff.world\/wp-content\/uploads\/2021\/07\/226-united-states-150x150.png?strip=all 150w, https:\/\/cdn.freestuff.world\/wp-content\/uploads\/2021\/07\/226-united-states.png?strip=all&amp;w=204 204w, https:\/\/cdn.freestuff.world\/wp-content\/uploads\/2021\/07\/226-united-states.png?strip=all&amp;w=409 409w\" sizes=\"(max-width: 128px) 100vw, 128px\" \/><\/a><\/figure>\n\n\n\n<p><\/p>\n\n\n\n<p><a href=\"https:\/\/freestuff.world\/fr\/usa-fr\/\">\u00c9tats-Unis<\/a><\/p>\n\n<\/div><\/div><\/div>\n<\/div>","protected":false},"excerpt":{"rendered":"<p>Merci de vous \u00eatre inscrit \u00e0 la newsletter de Free Stuff World, vous recevrez d\u00e9sormais r\u00e9guli\u00e8rement des mises \u00e0 jour par email avec certains des meilleurs et plus r\u00e9cents \u00e9chantillons gratuits, concours, sondages r\u00e9mun\u00e9r\u00e9s, offres et plus encore directement dans votre bo\u00eete email. \ud83c\udf89 Commencez &#8230; <a title=\"Merci de vous \u00eatre inscrit \u00e0 la lettre d&rsquo;information de Free Stuff World !\" class=\"read-more\" href=\"https:\/\/freestuff.world\/fr\/merci-de-vous-etre-inscrit-a-la-lettre-dinformation-de-free-stuff-world\/\" aria-label=\"En savoir plus sur Merci de vous \u00eatre inscrit \u00e0 la lettre d&rsquo;information de Free Stuff World !\">Read more<\/a><\/p>\n","protected":false},"author":1,"featured_media":0,"parent":0,"menu_order":0,"comment_status":"closed","ping_status":"closed","template":"","meta":{"_relevanssi_hide_post":"","_relevanssi_hide_content":"","_relevanssi_pin_for_all":"","_relevanssi_pin_keywords":"","_relevanssi_unpin_keywords":"","_relevanssi_related_keywords":"","_relevanssi_related_include_ids":"","_relevanssi_related_exclude_ids":"","_relevanssi_related_no_append":"","_relevanssi_related_not_related":"","_relevanssi_related_posts":"","_relevanssi_noindex_reason":"","_glsr_average":0,"_glsr_ranking":0,"_glsr_reviews":0,"footnotes":""},"categories":[],"class_list":["post-64727","page","type-page","status-publish"],"ams_acf":[],"wpcf-offer-link":null,"wpcf-does-the-offer-relate-to-gambling":null,"_wpscp_schedule_republish_date":null,"wpcf-exclude-republish":null,"wpcf-force-republish":null,"wpcf-exclude-email":null,"wpcf-individual-listing-id":null,"wpcf-include-social":null,"wpcf-social-template":null,"wpcf-expire-but-live":null,"_wow_auto_republish_settings":null,"wpcf-subject-line":null,"wpcf-intro-text":null,"wpcf-custom-text":null,"wpcf-custom-cta":null,"wpcf-affiliate-network":null,"_wpscp_schedule_draft_date":null,"wpcf-note":"","wpcf-network-offer-name":null,"toolset-meta":{"page-config":{"season":{"type":"select","raw":""}},"notes":{"note":{"type":"textarea","raw":""}}},"_links":{"self":[{"href":"https:\/\/freestuff.world\/fr\/wp-json\/wp\/v2\/pages\/64727","targetHints":{"allow":["GET"]}}],"collection":[{"href":"https:\/\/freestuff.world\/fr\/wp-json\/wp\/v2\/pages"}],"about":[{"href":"https:\/\/freestuff.world\/fr\/wp-json\/wp\/v2\/types\/page"}],"author":[{"embeddable":true,"href":"https:\/\/freestuff.world\/fr\/wp-json\/wp\/v2\/users\/1"}],"replies":[{"embeddable":true,"href":"https:\/\/freestuff.world\/fr\/wp-json\/wp\/v2\/comments?post=64727"}],"version-history":[{"count":1,"href":"https:\/\/freestuff.world\/fr\/wp-json\/wp\/v2\/pages\/64727\/revisions"}],"predecessor-version":[{"id":64728,"href":"https:\/\/freestuff.world\/fr\/wp-json\/wp\/v2\/pages\/64727\/revisions\/64728"}],"wp:attachment":[{"href":"https:\/\/freestuff.world\/fr\/wp-json\/wp\/v2\/media?parent=64727"}],"wp:term":[{"taxonomy":"category","embeddable":true,"href":"https:\/\/freestuff.world\/fr\/wp-json\/wp\/v2\/categories?post=64727"}],"curies":[{"name":"wp","href":"https:\/\/api.w.org\/{rel}","templated":true}]}}