{"id":64725,"date":"2023-08-09T17:32:32","date_gmt":"2023-08-09T16:32:32","guid":{"rendered":"https:\/\/freestuff.world\/confirmez-votre-adresse-electronique\/"},"modified":"2025-12-04T13:34:10","modified_gmt":"2025-12-04T12:34:10","slug":"confirmez-votre-adresse-electronique","status":"publish","type":"page","link":"https:\/\/freestuff.world\/fr\/confirmez-votre-adresse-electronique\/","title":{"rendered":"Confirmez votre adresse \u00e9lectronique"},"content":{"rendered":"\n<p>Merci de vous \u00eatre inscrit \u00e0 la lettre d&rsquo;information de Free Stuff World ! Avant de commencer \u00e0 recevoir les lettres d&rsquo;information, vous <strong>devez<\/strong> confirmer votre adresse e-mail. <\/p>\n\n<p>Veuillez vous connecter \u00e0 votre compte de messagerie et cliquer sur le lien figurant dans l&rsquo;e-mail que nous vous avons envoy\u00e9 pour v\u00e9rifier votre adresse e-mail.<\/p>\n","protected":false},"excerpt":{"rendered":"<p>Merci de vous \u00eatre inscrit \u00e0 la lettre d&rsquo;information de Free Stuff World ! Avant de commencer \u00e0 recevoir les lettres d&rsquo;information, vous devez confirmer votre adresse e-mail. Veuillez vous connecter \u00e0 votre compte de messagerie et cliquer sur le lien figurant dans l&rsquo;e-mail que &#8230; <a title=\"Confirmez votre adresse \u00e9lectronique\" class=\"read-more\" href=\"https:\/\/freestuff.world\/fr\/confirmez-votre-adresse-electronique\/\" aria-label=\"En savoir plus sur Confirmez votre adresse \u00e9lectronique\">Read more<\/a><\/p>\n","protected":false},"author":1,"featured_media":0,"parent":0,"menu_order":0,"comment_status":"closed","ping_status":"closed","template":"","meta":{"_relevanssi_hide_post":"","_relevanssi_hide_content":"","_relevanssi_pin_for_all":"","_relevanssi_pin_keywords":"","_relevanssi_unpin_keywords":"","_relevanssi_related_keywords":"","_relevanssi_related_include_ids":"","_relevanssi_related_exclude_ids":"","_relevanssi_related_no_append":"","_relevanssi_related_not_related":"","_relevanssi_related_posts":"","_relevanssi_noindex_reason":"","_glsr_average":0,"_glsr_ranking":0,"_glsr_reviews":0,"footnotes":""},"categories":[],"class_list":["post-64725","page","type-page","status-publish"],"ams_acf":[],"wpcf-offer-link":null,"wpcf-does-the-offer-relate-to-gambling":null,"_wpscp_schedule_republish_date":null,"wpcf-exclude-republish":null,"wpcf-force-republish":null,"wpcf-exclude-email":null,"wpcf-individual-listing-id":null,"wpcf-include-social":null,"wpcf-social-template":null,"wpcf-expire-but-live":null,"_wow_auto_republish_settings":null,"wpcf-subject-line":null,"wpcf-intro-text":null,"wpcf-custom-text":null,"wpcf-custom-cta":null,"wpcf-affiliate-network":null,"_wpscp_schedule_draft_date":null,"wpcf-note":"","wpcf-network-offer-name":null,"toolset-meta":{"page-config":{"season":{"type":"select","raw":""}},"notes":{"note":{"type":"textarea","raw":""}}},"_links":{"self":[{"href":"https:\/\/freestuff.world\/fr\/wp-json\/wp\/v2\/pages\/64725","targetHints":{"allow":["GET"]}}],"collection":[{"href":"https:\/\/freestuff.world\/fr\/wp-json\/wp\/v2\/pages"}],"about":[{"href":"https:\/\/freestuff.world\/fr\/wp-json\/wp\/v2\/types\/page"}],"author":[{"embeddable":true,"href":"https:\/\/freestuff.world\/fr\/wp-json\/wp\/v2\/users\/1"}],"replies":[{"embeddable":true,"href":"https:\/\/freestuff.world\/fr\/wp-json\/wp\/v2\/comments?post=64725"}],"version-history":[{"count":1,"href":"https:\/\/freestuff.world\/fr\/wp-json\/wp\/v2\/pages\/64725\/revisions"}],"predecessor-version":[{"id":64726,"href":"https:\/\/freestuff.world\/fr\/wp-json\/wp\/v2\/pages\/64725\/revisions\/64726"}],"wp:attachment":[{"href":"https:\/\/freestuff.world\/fr\/wp-json\/wp\/v2\/media?parent=64725"}],"wp:term":[{"taxonomy":"category","embeddable":true,"href":"https:\/\/freestuff.world\/fr\/wp-json\/wp\/v2\/categories?post=64725"}],"curies":[{"name":"wp","href":"https:\/\/api.w.org\/{rel}","templated":true}]}}