{"id":52863,"date":"2025-07-06T16:16:37","date_gmt":"2025-07-06T15:16:37","guid":{"rendered":"https:\/\/freestuff.world\/freebies-en-europe\/"},"modified":"2025-07-06T16:34:27","modified_gmt":"2025-07-06T15:34:27","slug":"freebies-en-europe","status":"publish","type":"page","link":"https:\/\/freestuff.world\/fr\/freebies-en-europe\/","title":{"rendered":"Freebies en Europe"},"content":{"rendered":"\n<p>Free Stuff World rassemble en un seul endroit quelques-unes des meilleures et des plus r\u00e9centes freebies du monde entier, y compris de nombreux pays europ\u00e9ens.<\/p>\n\n<p>Si vous cherchez freebies en Europe, ne cherchez pas plus loin ! Vous pouvez trouver des offres pour essayer de nouveaux produits, gagner des choses ou gagner de l&rsquo;argent sur Free Stuff World. <\/p>\n\n<p>Bien que nous ne couvrions pas <em>encore<\/em> tous les pays d&rsquo;Europe, le site est disponible dans plus de 10 pays europ\u00e9ens. Choisissez l&rsquo;un des pays ci-dessous pour d\u00e9couvrir les \u00e9chantillons gratuits disponibles dans votre pays. <\/p>\n\n<h2 class=\"wp-block-heading\">Choisissez votre pays<\/h2>\n\n<p>Il vous suffit de cliquer sur votre pays pour commencer.<\/p>\n\n\n\n\n<div id=\"wpv-view-layout-6691-CATTRf8da439c0f1aee03c71e93308d020b7e\" class=\"js-wpv-view-layout js-wpv-layout-responsive js-wpv-view-layout-6691-CATTRf8da439c0f1aee03c71e93308d020b7e\" data-viewnumber=\"6691-CATTRf8da439c0f1aee03c71e93308d020b7e\" data-pagination=\"{&quot;id&quot;:6691,&quot;query&quot;:&quot;normal&quot;,&quot;type&quot;:&quot;disabled&quot;,&quot;effect&quot;:&quot;fade&quot;,&quot;duration&quot;:500,&quot;speed&quot;:5,&quot;pause_on_hover&quot;:&quot;enabled&quot;,&quot;stop_rollover&quot;:&quot;false&quot;,&quot;cache_pages&quot;:&quot;enabled&quot;,&quot;preload_images&quot;:&quot;enabled&quot;,&quot;preload_pages&quot;:&quot;enabled&quot;,&quot;preload_reach&quot;:1,&quot;spinner&quot;:&quot;builtin&quot;,&quot;spinner_image&quot;:&quot;https:\/\/freestuff.world\/wp-content\/plugins\/toolset-blocks\/embedded\/res\/img\/ajax-loader.gif&quot;,&quot;callback_next&quot;:&quot;&quot;,&quot;manage_history&quot;:&quot;enabled&quot;,&quot;has_controls_in_form&quot;:&quot;disabled&quot;,&quot;infinite_tolerance&quot;:&quot;0&quot;,&quot;max_pages&quot;:1,&quot;page&quot;:1,&quot;base_permalink&quot;:&quot;\/fr\/wp-json\/wp\/v2\/pages\/52863?wpv_view_count=6691-CATTRf8da439c0f1aee03c71e93308d020b7e&amp;wpv_paged=WPV_PAGE_NUM&quot;,&quot;loop&quot;:{&quot;type&quot;:&quot;&quot;,&quot;name&quot;:&quot;&quot;,&quot;data&quot;:[],&quot;id&quot;:0}}\" data-permalink=\"\/fr\/wp-json\/wp\/v2\/pages\/52863?wpv_view_count=6691-CATTRf8da439c0f1aee03c71e93308d020b7e\">\n\n    \n\n    \n    <div class=\"flex-grid\">\n      \t\n            \n                <div class=\"col\">\n                    <a href=\"https:\/\/freestuff.world\/fr\/%f0%9f%87%a9%f0%9f%87%aa-des-choses-gratuites-en-allemagne\/\"><div class=\"country-card\">\n<img decoding=\"async\" src=\"https:\/\/cdn.freestuff.world\/wp-content\/uploads\/2022\/08\/germany.png?strip=all&w=1200\" alt=\"Germany\" title=\"germany\" class=\"attachment-full countryFlag\" \/>\n  <p class=\"countryName\">Allemagne<\/p>\n  <\/div><\/a>\n                <\/div>\n            \n            \n                <div class=\"col\">\n                    <a href=\"https:\/\/freestuff.world\/fr\/%f0%9f%87%a7%f0%9f%87%aa-belgique-freebies\/\"><div class=\"country-card\">\n<img decoding=\"async\" src=\"https:\/\/cdn.freestuff.world\/wp-content\/uploads\/2025\/02\/belgium.png?strip=all&w=1200\" alt=\"Belgium flag\" title=\"belgium\" class=\"attachment-full countryFlag\" \/>\n  <p class=\"countryName\">Belgique<\/p>\n  <\/div><\/a>\n                <\/div>\n            \n            \n                <div class=\"col\">\n                    <a href=\"https:\/\/freestuff.world\/fr\/espagne\/\"><div class=\"country-card\">\n<img decoding=\"async\" src=\"https:\/\/cdn.freestuff.world\/wp-content\/uploads\/2022\/08\/spain.png?strip=all&w=1200\" title=\"spain\" class=\"attachment-full countryFlag\" \/>\n  <p class=\"countryName\">Espagne<\/p>\n  <\/div><\/a>\n                <\/div>\n          \n            \n                <div class=\"col\">\n                    <a href=\"https:\/\/freestuff.world\/fr\/france-fr\/\"><div class=\"country-card\">\n<img decoding=\"async\" src=\"https:\/\/cdn.freestuff.world\/wp-content\/uploads\/2022\/08\/france.png?strip=all&w=1200\" alt=\"France\" title=\"france\" class=\"attachment-full countryFlag\" \/>\n  <p class=\"countryName\">France<\/p>\n  <\/div><\/a>\n                <\/div>\n            \n            \n                <div class=\"col\">\n                    <a href=\"https:\/\/freestuff.world\/fr\/%f0%9f%87%ae%f0%9f%87%b9-freebies-en-italie\/\"><div class=\"country-card\">\n<img decoding=\"async\" src=\"https:\/\/cdn.freestuff.world\/wp-content\/uploads\/2022\/08\/italy.png?strip=all&w=1200\" alt=\"Italy\" title=\"italy\" class=\"attachment-full countryFlag\" \/>\n  <p class=\"countryName\">Italie<\/p>\n  <\/div><\/a>\n                <\/div>\n            \n            \n                <div class=\"col\">\n                    <a href=\"https:\/\/freestuff.world\/fr\/%f0%9f%87%b3%f0%9f%87%b1-netherlands-free-stuff\/\"><div class=\"country-card\">\n<img decoding=\"async\" src=\"https:\/\/cdn.freestuff.world\/wp-content\/uploads\/2022\/08\/netherlands.png?strip=all&w=1200\" title=\"netherlands\" class=\"attachment-full countryFlag\" \/>\n  <p class=\"countryName\">Pays-Bas<\/p>\n  <\/div><\/a>\n                <\/div>\n            \n            \n                <div class=\"col\">\n                    <a href=\"https:\/\/freestuff.world\/fr\/pologne\/\"><div class=\"country-card\">\n<img decoding=\"async\" src=\"https:\/\/cdn.freestuff.world\/wp-content\/uploads\/2022\/08\/poland.png?strip=all&w=1200\" alt=\"Poland\" title=\"poland\" class=\"attachment-full countryFlag\" \/>\n  <p class=\"countryName\">Pologne<\/p>\n  <\/div><\/a>\n                <\/div>\n            \n            \n                <div class=\"col\">\n                    <a href=\"https:\/\/freestuff.world\/fr\/echantillons-gratuits-au-portugal\/\"><div class=\"country-card\">\n<img decoding=\"async\" src=\"https:\/\/cdn.freestuff.world\/wp-content\/uploads\/2022\/08\/portugal.png?strip=all&w=1200\" alt=\"Portugal\" title=\"portugal\" class=\"attachment-full countryFlag\" \/>\n  <p class=\"countryName\">Portugal<\/p>\n  <\/div><\/a>\n                <\/div>\n            \n            \n                <div class=\"col\">\n                    <a href=\"https:\/\/freestuff.world\/fr\/%f0%9f%87%a8%f0%9f%87%bf-republique-tcheque-freebies\/\"><div class=\"country-card\">\n<img decoding=\"async\" src=\"https:\/\/cdn.freestuff.world\/wp-content\/uploads\/2022\/08\/czech-republic.png?strip=all&w=1200\" alt=\"Czech Republic\" title=\"czech-republic\" class=\"attachment-full countryFlag\" \/>\n  <p class=\"countryName\">R\u00e9publique Tch\u00e8que<\/p>\n  <\/div><\/a>\n                <\/div>\n            \n            \n                <div class=\"col\">\n                    <a href=\"https:\/\/freestuff.world\/fr\/suede\/\"><div class=\"country-card\">\n<img decoding=\"async\" src=\"https:\/\/cdn.freestuff.world\/wp-content\/uploads\/2022\/08\/sweden.png?strip=all&w=1200\" title=\"sweden\" class=\"attachment-full countryFlag\" \/>\n  <p class=\"countryName\">Su\u00e8de<\/p>\n  <\/div><\/a>\n                <\/div>\n            \n            \n                <div class=\"col\">\n                    <a href=\"https:\/\/freestuff.world\/fr\/%f0%9f%87%a8%f0%9f%87%ad-freebies-en-suisse\/\"><div class=\"country-card\">\n<img decoding=\"async\" src=\"https:\/\/cdn.freestuff.world\/wp-content\/uploads\/2022\/08\/switzerland.png?strip=all&w=1200\" alt=\"Switzerland\" title=\"switzerland\" class=\"attachment-full countryFlag\" \/>\n  <p class=\"countryName\">Suisse<\/p>\n  <\/div><\/a>\n                <\/div>\n            \n\n    <\/div>\n    \n    \n    \n<\/div>\n\n\n<hr class=\"wp-block-separator has-alpha-channel-opacity\"\/>\n\n<h3 class=\"wp-block-heading\">Pas d&rsquo;Europe ?<\/h3>\n\n<p>Pas de probl\u00e8me, consultez la liste de tous les pays o\u00f9 Free Stuff World est disponible <a href=\"https:\/\/freestuff.world\/fr\/\">ici.<\/a><\/p>\n","protected":false},"excerpt":{"rendered":"<p>Free Stuff World rassemble en un seul endroit quelques-unes des meilleures et des plus r\u00e9centes freebies du monde entier, y compris de nombreux pays europ\u00e9ens. Si vous cherchez freebies en Europe, ne cherchez pas plus loin ! Vous pouvez trouver des offres pour essayer de &#8230; <a title=\"Freebies en Europe\" class=\"read-more\" href=\"https:\/\/freestuff.world\/fr\/freebies-en-europe\/\" aria-label=\"En savoir plus sur Freebies en Europe\">Read more<\/a><\/p>\n","protected":false},"author":1,"featured_media":0,"parent":0,"menu_order":0,"comment_status":"closed","ping_status":"closed","template":"","meta":{"_relevanssi_hide_post":"","_relevanssi_hide_content":"","_relevanssi_pin_for_all":"","_relevanssi_pin_keywords":"","_relevanssi_unpin_keywords":"","_relevanssi_related_keywords":"","_relevanssi_related_include_ids":"","_relevanssi_related_exclude_ids":"","_relevanssi_related_no_append":"","_relevanssi_related_not_related":"","_relevanssi_related_posts":"","_relevanssi_noindex_reason":"","_glsr_average":0,"_glsr_ranking":0,"_glsr_reviews":0,"footnotes":""},"categories":[],"class_list":["post-52863","page","type-page","status-publish"],"ams_acf":[],"wpcf-offer-link":null,"wpcf-does-the-offer-relate-to-gambling":null,"_wpscp_schedule_republish_date":null,"wpcf-exclude-republish":null,"wpcf-force-republish":null,"wpcf-exclude-email":null,"wpcf-individual-listing-id":null,"wpcf-include-social":null,"wpcf-social-template":null,"wpcf-expire-but-live":null,"_wow_auto_republish_settings":null,"wpcf-subject-line":null,"wpcf-intro-text":null,"wpcf-custom-text":null,"wpcf-custom-cta":null,"wpcf-affiliate-network":null,"_wpscp_schedule_draft_date":null,"wpcf-note":"","wpcf-network-offer-name":null,"toolset-meta":{"page-config":{"season":{"type":"select","raw":""}},"notes":{"note":{"type":"textarea","raw":""}}},"_links":{"self":[{"href":"https:\/\/freestuff.world\/fr\/wp-json\/wp\/v2\/pages\/52863","targetHints":{"allow":["GET"]}}],"collection":[{"href":"https:\/\/freestuff.world\/fr\/wp-json\/wp\/v2\/pages"}],"about":[{"href":"https:\/\/freestuff.world\/fr\/wp-json\/wp\/v2\/types\/page"}],"author":[{"embeddable":true,"href":"https:\/\/freestuff.world\/fr\/wp-json\/wp\/v2\/users\/1"}],"replies":[{"embeddable":true,"href":"https:\/\/freestuff.world\/fr\/wp-json\/wp\/v2\/comments?post=52863"}],"version-history":[{"count":1,"href":"https:\/\/freestuff.world\/fr\/wp-json\/wp\/v2\/pages\/52863\/revisions"}],"predecessor-version":[{"id":52864,"href":"https:\/\/freestuff.world\/fr\/wp-json\/wp\/v2\/pages\/52863\/revisions\/52864"}],"wp:attachment":[{"href":"https:\/\/freestuff.world\/fr\/wp-json\/wp\/v2\/media?parent=52863"}],"wp:term":[{"taxonomy":"category","embeddable":true,"href":"https:\/\/freestuff.world\/fr\/wp-json\/wp\/v2\/categories?post=52863"}],"curies":[{"name":"wp","href":"https:\/\/api.w.org\/{rel}","templated":true}]}}