{"id":4290,"date":"2021-07-22T10:19:37","date_gmt":"2021-07-22T09:19:37","guid":{"rendered":"https:\/\/freestuff.world\/a-propos-de-nous\/"},"modified":"2025-12-04T13:34:27","modified_gmt":"2025-12-04T12:34:27","slug":"a-propos-de-nous","status":"publish","type":"page","link":"https:\/\/freestuff.world\/fr\/a-propos-de-nous\/","title":{"rendered":"\u00c0 propos de nous"},"content":{"rendered":"<div class=\"gb-grid-wrapper gb-grid-wrapper-f8e47536\">\n<div class=\"gb-grid-column gb-grid-column-d6d7b63a\"><div class=\"gb-container gb-container-d6d7b63a\">\n\n<p>Free Stuff World r\u00e9pertorie des \u00e9chantillons gratuits, des concours et des offres du monde entier, r\u00e9unis en un seul endroit sur FreeStuff.world. Free Stuff World a vu le jour en 2021, son utilisation est 100 % gratuite pour les consommateurs et il est d\u00e9tenu et g\u00e9r\u00e9 par <a href=\"https:\/\/www.wowmedia.net\" target=\"_blank\" rel=\"noreferrer noopener\">WOW Media.<\/a><\/p>\n\n\n\n<p>Les articles gratuits et les \u00e9chantillons sont offerts par les entreprises, g\u00e9n\u00e9ralement dans le cadre d&rsquo;une promotion pour vous faire essayer de nouveaux produits! Si vous aimez le produit, ils esp\u00e8rent que vous l&rsquo;ach\u00e8terez \u00e0 l&rsquo;avenir. Tout le monde y gagne.<\/p>\n\n\n\n<p>De nombreux sites de freebies ne proposent des offres que pour un pays sp\u00e9cifique, alors que de nombreux pays n&rsquo;en ont pas ! Nous r\u00e9solvons ce probl\u00e8me en r\u00e9pertoriant les offres gratuites et les tirages au sort sur un seul site web, organis\u00e9 par pays.<\/p>\n\n\n\n<p>Free Stuff World pr\u00e9sente des freebies provenant de pays souvent n\u00e9glig\u00e9s par d&rsquo;autres sites, tels que l&rsquo;<a href=\"https:\/\/freestuff.world\/fr\/afrique-du-sud\/\">Afrique du Sud<\/a>, les <a href=\"https:\/\/freestuff.world\/fr\/%f0%9f%87%b5%f0%9f%87%ad-freebies-aux-philippines\/\">Philippines<\/a> et l&rsquo;<a href=\"https:\/\/freestuff.world\/fr\/%f0%9f%87%ae%f0%9f%87%a9-freebies-en-indonesie\/\">Indon\u00e9sie<\/a>, ainsi que des offres gratuites en provenance d&rsquo;<a href=\"https:\/\/freestuff.world\/fr\/freebies-en-europe\/\" data-type=\"page\" data-id=\"52853\">Europe<\/a> et d&rsquo;ailleurs.<\/p>\n\n\n\n<p>Nous mettons r\u00e9guli\u00e8rement \u00e0 jour Free Stuff World avec de nouvelles offres, alors assurez-vous de v\u00e9rifier r\u00e9guli\u00e8rement pour rester au courant des derniers articles gratuits. Certaines des meilleures offres ne durent que quelques jours, il est donc important de les consulter r\u00e9guli\u00e8rement !<\/p>\n\n\n\n<p>Si vous souhaitez rester inform\u00e9 sans consulter le site, nous vous recommandons de vous inscrire \u00e0 notre <a href=\"https:\/\/freestuff.world\/fr\/newsletter\/\" data-type=\"page\" data-id=\"1297\">lettre d&rsquo;information gratuite<\/a>. La lettre d&rsquo;information contiendra certains des meilleurs freebies du site, directement dans votre bo\u00eete aux lettres \u00e9lectronique.<\/p>\n\n<\/div><\/div>\n\n<div class=\"gb-grid-column gb-grid-column-4b51bf17\"><div class=\"gb-container gb-container-4b51bf17\">\n<div class=\"gb-container gb-container-307a7fac\">\n\n<h3 class=\"wp-block-heading\">Commentaires<\/h3>\n\n\n<div class=\"shortcode-site-reviews-summary\"><div class=\"glsr glsr-default\" id=\"glsr_0dtyt905\" data-from=\"shortcode\" data-shortcode=\"site_reviews_summary\" data-hide=\"bars,rating\"><div class=\"glsr-summary-wrap\">\n    <div class=\"glsr-summary\">\n        \n        <div class=\"glsr-summary-stars\"><div class=\"glsr-star-rating glsr-stars\" role=\"img\" aria-label=\"Rated 4,4 out of 5 stars based on 537 ratings\" data-rating=\"4.4\" data-reviews=\"537\"><span class=\"glsr-star glsr-star-full\" aria-hidden=\"true\"><\/span><span class=\"glsr-star glsr-star-full\" aria-hidden=\"true\"><\/span><span class=\"glsr-star glsr-star-full\" aria-hidden=\"true\"><\/span><span class=\"glsr-star glsr-star-full\" aria-hidden=\"true\"><\/span><span class=\"glsr-star glsr-star-half\" aria-hidden=\"true\"><\/span><\/div><\/div>\n        <div class=\"glsr-summary-text\"><span class=\"glsr-tag-value\">4,4 \u00e9toiles sur 5 (selon 537 avis)<\/span><\/div>\n        \n    <\/div>\n<\/div><\/div><\/div>\n\n<\/div>\n\n\n<div style=\"height:20px\" aria-hidden=\"true\" class=\"wp-block-spacer\"><\/div>\n\n\n\n<p class=\"has-text-align-center has-contrast-2-color has-text-color has-link-color has-small-font-size wp-elements-e4924a53d861a4c1d30d364171172ad3\">Consultez tous les commentaires de nos utilisateurs <a href=\"https:\/\/freestuff.world\/fr\/free-stuff-world-critiques\/\" data-type=\"page\" data-id=\"19449\" style=\"color:#0673d5\">ici<\/a> et laissez-nous un commentaire !<\/p>\n\n<\/div><\/div>\n<\/div>\n<div style=\"height:20px\" aria-hidden=\"true\" class=\"wp-block-spacer\"><\/div>\n\n<h2 class=\"wp-block-heading\">Commencez \u00e0 r\u00e9clamer des offres d\u00e8s aujourd&rsquo;hui !<\/h2>\n\n<p>Demandez des \u00e9chantillons gratuits d\u00e8s aujourd&rsquo;hui. Il suffit de cliquer sur le gros bouton \u00ab\u00a0R\u00c9CLAMER MAINTENANT\u00a0\u00bb d&rsquo;une offre pour entamer la proc\u00e9dure de participation \u00e0 une offre. Pour naviguer parmi les offres, il suffit de passer la souris sur \u00ab\u00a0Freebies par pays\u00a0\u00bb dans la barre de navigation.<\/p>\n\n<p>Si vous avez des questions, n&rsquo;h\u00e9sitez pas \u00e0 <a href=\"http:\/\/freestuff.world\/contact-us\/\" data-type=\"page\" data-id=\"36\">nous contacter<\/a>.<\/p>\n\n<p><\/p>\n","protected":false},"excerpt":{"rendered":"<p>Commencez \u00e0 r\u00e9clamer des offres d\u00e8s aujourd&rsquo;hui ! Demandez des \u00e9chantillons gratuits d\u00e8s aujourd&rsquo;hui. Il suffit de cliquer sur le gros bouton \u00ab\u00a0R\u00c9CLAMER MAINTENANT\u00a0\u00bb d&rsquo;une offre pour entamer la proc\u00e9dure de participation \u00e0 une offre. Pour naviguer parmi les offres, il suffit de passer la &#8230; <a title=\"\u00c0 propos de nous\" class=\"read-more\" href=\"https:\/\/freestuff.world\/fr\/a-propos-de-nous\/\" aria-label=\"En savoir plus sur \u00c0 propos de nous\">Read more<\/a><\/p>\n","protected":false},"author":1,"featured_media":0,"parent":0,"menu_order":0,"comment_status":"closed","ping_status":"closed","template":"","meta":{"_relevanssi_hide_post":"","_relevanssi_hide_content":"","_relevanssi_pin_for_all":"","_relevanssi_pin_keywords":"","_relevanssi_unpin_keywords":"","_relevanssi_related_keywords":"","_relevanssi_related_include_ids":"","_relevanssi_related_exclude_ids":"","_relevanssi_related_no_append":"","_relevanssi_related_not_related":"","_relevanssi_related_posts":"","_relevanssi_noindex_reason":"","_glsr_average":0,"_glsr_ranking":0,"_glsr_reviews":0,"footnotes":""},"categories":[],"class_list":["post-4290","page","type-page","status-publish"],"ams_acf":[],"wpcf-offer-link":null,"wpcf-does-the-offer-relate-to-gambling":null,"_wpscp_schedule_republish_date":null,"wpcf-exclude-republish":null,"wpcf-force-republish":null,"wpcf-exclude-email":null,"wpcf-individual-listing-id":null,"wpcf-include-social":null,"wpcf-social-template":null,"wpcf-expire-but-live":null,"_wow_auto_republish_settings":null,"wpcf-subject-line":null,"wpcf-intro-text":null,"wpcf-custom-text":null,"wpcf-custom-cta":null,"wpcf-affiliate-network":null,"_wpscp_schedule_draft_date":null,"wpcf-note":"","wpcf-network-offer-name":null,"toolset-meta":{"page-config":{"season":{"type":"select","raw":""}},"notes":{"note":{"type":"textarea","raw":""}}},"_links":{"self":[{"href":"https:\/\/freestuff.world\/fr\/wp-json\/wp\/v2\/pages\/4290","targetHints":{"allow":["GET"]}}],"collection":[{"href":"https:\/\/freestuff.world\/fr\/wp-json\/wp\/v2\/pages"}],"about":[{"href":"https:\/\/freestuff.world\/fr\/wp-json\/wp\/v2\/types\/page"}],"author":[{"embeddable":true,"href":"https:\/\/freestuff.world\/fr\/wp-json\/wp\/v2\/users\/1"}],"replies":[{"embeddable":true,"href":"https:\/\/freestuff.world\/fr\/wp-json\/wp\/v2\/comments?post=4290"}],"version-history":[{"count":3,"href":"https:\/\/freestuff.world\/fr\/wp-json\/wp\/v2\/pages\/4290\/revisions"}],"predecessor-version":[{"id":64740,"href":"https:\/\/freestuff.world\/fr\/wp-json\/wp\/v2\/pages\/4290\/revisions\/64740"}],"wp:attachment":[{"href":"https:\/\/freestuff.world\/fr\/wp-json\/wp\/v2\/media?parent=4290"}],"wp:term":[{"taxonomy":"category","embeddable":true,"href":"https:\/\/freestuff.world\/fr\/wp-json\/wp\/v2\/categories?post=4290"}],"curies":[{"name":"wp","href":"https:\/\/api.w.org\/{rel}","templated":true}]}}