{"id":3912,"date":"2021-07-22T10:20:13","date_gmt":"2021-07-22T09:20:13","guid":{"rendered":"https:\/\/freestuff.world\/faq\/"},"modified":"2023-06-20T16:24:38","modified_gmt":"2023-06-20T15:24:38","slug":"faq","status":"publish","type":"page","link":"https:\/\/freestuff.world\/fr\/faq\/","title":{"rendered":"FAQ"},"content":{"rendered":"\n<p>Vous trouverez ci-dessous les questions les plus fr\u00e9quemment pos\u00e9es sur Free Stuff World. Si votre question n&rsquo;est pas trait\u00e9e ici, n&rsquo;h\u00e9sitez pas \u00e0 <a href=\"https:\/\/freestuff.world\/fr\/nous-contacter\/\" data-type=\"page\" data-id=\"36\">nous contacter<\/a> pour la poser.<\/p>\n\n<p><strong>Pourquoi utiliser Free Stuff World ?<\/strong><\/p>\n\n<p>Free Stuff World vous permet de trouver facilement des freebies, des concours gratuits, des enqu\u00eates r\u00e9mun\u00e9r\u00e9es et des offres disponibles dans votre pays. Free Stuff World vous permet de gagner du temps dans vos recherches sur le web.<\/p>\n\n<p><strong>Comment commencer ?<\/strong><\/p>\n\n<p>Pour commencer, il suffit de cliquer sur le lien \u00ab\u00a0Freebies par pays\u00a0\u00bb et de choisir votre pays. Vous pouvez alors choisir une offre qui vous int\u00e9resse, puis cliquer sur le bouton \u00ab\u00a0R\u00e9clamer Maintenant\u00a0\u00bb et suivre les instructions sur le site web du tiers pour r\u00e9clamer l&rsquo;offre.<\/p>\n\n<p><strong>Pourquoi les entreprises offrent-elles des \u00e9chantillons gratuits ?<\/strong><\/p>\n\n<p>Il y a plusieurs raisons pour lesquelles les entreprises offrent des freebies. La raison la plus fr\u00e9quente est que les entreprises lancent r\u00e9guli\u00e8rement de nouveaux produits sur lesquels elles souhaitent conna\u00eetre l&rsquo;avis des consommateurs. Un moyen facile et \u00e9conomique pour les entreprises d&rsquo;obtenir ces retours est de distribuer des \u00e9chantillons gratuits. Cela permet \u00e9galement aux entreprises de montrer aux consommateurs l&rsquo;efficacit\u00e9 d&rsquo;un nouveau produit.<\/p>\n\n<p><strong>Qu&rsquo;est-ce que Free Stuff World ?<\/strong><\/p>\n\n<p>Free Stuff World est un site de freebies qui r\u00e9pertorie toutes sortes d&rsquo;offres gratuites et de moyens de gagner de l&rsquo;argent. Le site a \u00e9t\u00e9 lanc\u00e9 en juillet 2021.<\/p>\n\n<p><strong>Comment Free Stuff World trouve-t-il des freebies?<\/strong><\/p>\n\n<p>L&rsquo;\u00e9quipe de Free Stuff World parcourt le web pour trouver les meilleurs \u00e9chantillons gratuits, concours gratuits et enqu\u00eates r\u00e9mun\u00e9r\u00e9es, puis ajoute ces offres au site. Nous avons \u00e9galement des relations avec des entreprises affili\u00e9es et nous listons \u00e9galement leurs offres sur le site, lorsqu&rsquo;elles sont pertinentes.<\/p>\n\n<p><strong>L&rsquo;utilisation du site est-elle payante ?<\/strong><\/p>\n\n<p>Non ! L&rsquo;utilisation du site est 100% gratuite.<\/p>\n\n<p><strong>Comment puis-je sugg\u00e9rer un freebie?<\/strong><\/p>\n\n<p>Vous pouvez sugg\u00e9rer un freebie en remplissant <a href=\"http:\/\/freestuff.world\/suggest-freebie\/\" data-type=\"page\" data-id=\"201\">ce formulaire en ligne<\/a>.<\/p>\n\n<p><strong>Comment me d\u00e9sinscrire de la newsletter?<\/strong><\/p>\n\n<p>Vous pouvez vous d\u00e9sinscrire de la newsletter de Free Stuff World \u00e0 tout moment, il suffit de cliquer sur le lien de d\u00e9sinscription en bas de n&rsquo;importe quelle newsletter de Free Stuff World.<\/p>\n","protected":false},"excerpt":{"rendered":"<p>Vous trouverez ci-dessous les questions les plus fr\u00e9quemment pos\u00e9es sur Free Stuff World. Si votre question n&rsquo;est pas trait\u00e9e ici, n&rsquo;h\u00e9sitez pas \u00e0 nous contacter pour la poser. Pourquoi utiliser Free Stuff World ? Free Stuff World vous permet de trouver facilement des freebies, des &#8230; <a title=\"FAQ\" class=\"read-more\" href=\"https:\/\/freestuff.world\/fr\/faq\/\" aria-label=\"En savoir plus sur FAQ\">Read more<\/a><\/p>\n","protected":false},"author":1,"featured_media":0,"parent":0,"menu_order":0,"comment_status":"closed","ping_status":"closed","template":"","meta":{"_relevanssi_hide_post":"","_relevanssi_hide_content":"","_relevanssi_pin_for_all":"","_relevanssi_pin_keywords":"","_relevanssi_unpin_keywords":"","_relevanssi_related_keywords":"","_relevanssi_related_include_ids":"","_relevanssi_related_exclude_ids":"","_relevanssi_related_no_append":"","_relevanssi_related_not_related":"","_relevanssi_related_posts":"","_relevanssi_noindex_reason":"","_glsr_average":0,"_glsr_ranking":0,"_glsr_reviews":0,"footnotes":""},"categories":[],"class_list":["post-3912","page","type-page","status-publish"],"ams_acf":[],"wpcf-offer-link":null,"wpcf-does-the-offer-relate-to-gambling":null,"_wpscp_schedule_republish_date":null,"wpcf-exclude-republish":null,"wpcf-force-republish":null,"wpcf-exclude-email":null,"wpcf-individual-listing-id":null,"wpcf-include-social":null,"wpcf-social-template":null,"wpcf-expire-but-live":null,"_wow_auto_republish_settings":null,"wpcf-subject-line":null,"wpcf-intro-text":null,"wpcf-custom-text":null,"wpcf-custom-cta":null,"wpcf-affiliate-network":null,"_wpscp_schedule_draft_date":null,"wpcf-note":"","wpcf-network-offer-name":null,"toolset-meta":{"page-config":{"season":{"type":"select","raw":""}},"notes":{"note":{"type":"textarea","raw":""}}},"_links":{"self":[{"href":"https:\/\/freestuff.world\/fr\/wp-json\/wp\/v2\/pages\/3912","targetHints":{"allow":["GET"]}}],"collection":[{"href":"https:\/\/freestuff.world\/fr\/wp-json\/wp\/v2\/pages"}],"about":[{"href":"https:\/\/freestuff.world\/fr\/wp-json\/wp\/v2\/types\/page"}],"author":[{"embeddable":true,"href":"https:\/\/freestuff.world\/fr\/wp-json\/wp\/v2\/users\/1"}],"replies":[{"embeddable":true,"href":"https:\/\/freestuff.world\/fr\/wp-json\/wp\/v2\/comments?post=3912"}],"version-history":[{"count":1,"href":"https:\/\/freestuff.world\/fr\/wp-json\/wp\/v2\/pages\/3912\/revisions"}],"predecessor-version":[{"id":3913,"href":"https:\/\/freestuff.world\/fr\/wp-json\/wp\/v2\/pages\/3912\/revisions\/3913"}],"wp:attachment":[{"href":"https:\/\/freestuff.world\/fr\/wp-json\/wp\/v2\/media?parent=3912"}],"wp:term":[{"taxonomy":"category","embeddable":true,"href":"https:\/\/freestuff.world\/fr\/wp-json\/wp\/v2\/categories?post=3912"}],"curies":[{"name":"wp","href":"https:\/\/api.w.org\/{rel}","templated":true}]}}