{"id":3908,"date":"2022-09-22T10:39:07","date_gmt":"2022-09-22T09:39:07","guid":{"rendered":"https:\/\/freestuff.world\/faire-de-la-publicite-avec-nous\/"},"modified":"2025-12-04T13:27:25","modified_gmt":"2025-12-04T12:27:25","slug":"faire-de-la-publicite-avec-nous","status":"publish","type":"page","link":"https:\/\/freestuff.world\/fr\/faire-de-la-publicite-avec-nous\/","title":{"rendered":"Faire de la publicit\u00e9 avec nous"},"content":{"rendered":"\n<p>Vous souhaitez distribuer votre \u00e9chantillon gratuit aux consommateurs du monde entier ? Free Stuff World peut vous aider \u00e0 obtenir l&rsquo;avis des consommateurs sur un nouveau produit, \u00e0 distribuer un produit existant pour gagner en visibilit\u00e9 et bien plus encore.<\/p>\n\n<p>Remplissez le formulaire ci-dessous pour parler \u00e0 notre \u00e9quipe et discuter de la publicit\u00e9 sur le site Free Stuff World. Nous pouvons travailler sur une gamme de mod\u00e8les de co\u00fbts allant d&rsquo;un contrat de location \u00e0 frais fixes \u00e0 un mod\u00e8le d&rsquo;acquisition par utilisateur.<\/p>\n\n<div class=\"wp-block-columns is-layout-flex wp-container-core-columns-is-layout-9d6595d7 wp-block-columns-is-layout-flex\">\n<div class=\"wp-block-column is-layout-flow wp-block-column-is-layout-flow\" style=\"flex-basis:66.66%\">\n<div class=\"wp-block-contact-form-7-contact-form-selector\">\n<div class=\"wpcf7 no-js\" id=\"wpcf7-f4289-o1\" lang=\"fr-FR\" dir=\"ltr\" data-wpcf7-id=\"4289\">\n<div class=\"screen-reader-response\"><p role=\"status\" aria-live=\"polite\" aria-atomic=\"true\"><\/p> <ul><\/ul><\/div>\n<form action=\"\/fr\/wp-json\/wp\/v2\/pages\/3908#wpcf7-f4289-o1\" method=\"post\" class=\"wpcf7-form init\" aria-label=\"Formulaire de contact\" novalidate=\"novalidate\" data-status=\"init\">\n<fieldset class=\"hidden-fields-container\"><input type=\"hidden\" name=\"_wpcf7\" value=\"4289\" \/><input type=\"hidden\" name=\"_wpcf7_version\" value=\"6.1.5\" \/><input type=\"hidden\" name=\"_wpcf7_locale\" value=\"fr_FR\" \/><input type=\"hidden\" name=\"_wpcf7_unit_tag\" value=\"wpcf7-f4289-o1\" \/><input type=\"hidden\" name=\"_wpcf7_container_post\" value=\"0\" \/><input type=\"hidden\" name=\"_wpcf7_posted_data_hash\" value=\"\" \/><input type=\"hidden\" name=\"_wpcf7_recaptcha_response\" value=\"\" \/>\n<\/fieldset>\n<p><label> Nom<br \/>\n<span class=\"wpcf7-form-control-wrap\" data-name=\"your-name\"><input size=\"40\" maxlength=\"400\" class=\"wpcf7-form-control wpcf7-text wpcf7-validates-as-required\" autocomplete=\"name\" aria-required=\"true\" aria-invalid=\"false\" value=\"\" type=\"text\" name=\"your-name\" \/><\/span> <\/label>\n<\/p>\n<p><label> Courriel<br \/>\n<span class=\"wpcf7-form-control-wrap\" data-name=\"your-email\"><input size=\"40\" maxlength=\"400\" class=\"wpcf7-form-control wpcf7-email wpcf7-validates-as-required wpcf7-text wpcf7-validates-as-email\" autocomplete=\"email\" aria-required=\"true\" aria-invalid=\"false\" value=\"\" type=\"email\" name=\"your-email\" \/><\/span> <\/label>\n<\/p>\n<p><label> Sujet<br \/>\n<span class=\"wpcf7-form-control-wrap\" data-name=\"your-subject\"><input size=\"40\" maxlength=\"400\" class=\"wpcf7-form-control wpcf7-text wpcf7-validates-as-required\" aria-required=\"true\" aria-invalid=\"false\" value=\"\" type=\"text\" name=\"your-subject\" \/><\/span> <\/label>\n<\/p>\n<p><label> Message<br \/>\n<span class=\"wpcf7-form-control-wrap\" data-name=\"your-message\"><textarea cols=\"40\" rows=\"10\" maxlength=\"2000\" class=\"wpcf7-form-control wpcf7-textarea wpcf7-validates-as-required\" aria-required=\"true\" aria-invalid=\"false\" name=\"your-message\"><\/textarea><\/span> <\/label>\n<\/p>\n<p><div class=\"cf7-cf-turnstile\" style=\"margin-top: 0px; margin-bottom: -15px;\"> <div id=\"cf-turnstile-cf7-665873625\" class=\"cf-turnstile\" data-callback=\"turnstileCF7Callback\" data-sitekey=\"0x4AAAAAAAaUg1-eRP8zgUV6\" data-theme=\"auto\" data-language=\"auto\" data-size=\"\" data-retry=\"auto\" data-retry-interval=\"1000\" data-refresh-expired=\"auto\" data-refresh-timeout=\"auto\" data-action=\"contact-form-7\" data-callback=\"turnstileCF7Callback\" data-appearance=\"always\"><\/div> <style>.wpcf7-submit { pointer-events: none; opacity: 0.5; }<\/style> <script>document.addEventListener(\"DOMContentLoaded\", function() { setTimeout(function(){ var e=document.getElementById(\"cf-turnstile-cf7-665873625\"); if(e&&!e.innerHTML.trim()){turnstile.render(e, {sitekey:\"0x4AAAAAAAaUg1-eRP8zgUV6\"});} }, 200); });<\/script> <br class=\"cf-turnstile-br cf-turnstile-br-cf7-665873625\"> <style>#cf-turnstile-cf7-665873625 { margin-left: -15px; }<\/style> <script>document.addEventListener(\"DOMContentLoaded\",function(){document.querySelectorAll('.wpcf7-form').forEach(function(e){e.addEventListener('submit',function(){if(document.getElementById('cf-turnstile-cf7-665873625')){setTimeout(function(){turnstile.reset('#cf-turnstile-cf7-665873625');},1000)}})})});<\/script> <\/div>\n<\/p>\n<p><input class=\"wpcf7-form-control wpcf7-submit has-spinner\" type=\"submit\" value=\"Envoyer\" \/>\n<\/p><div class=\"wpcf7-response-output\" aria-hidden=\"true\"><\/div>\n<\/form>\n<\/div>\n<\/div>\n<\/div>\n\n\n\n<div class=\"wp-block-column is-layout-flow wp-block-column-is-layout-flow\" style=\"flex-basis:33.33%\">\n<p><\/p>\n\n\n\n<p>Quels sont les pays sur lesquels Free Stuff World se concentre ?<\/p>\n\n\n\n<p style=\"font-size:15px\">Free Stuff World g\u00e9n\u00e8re un trafic international dans plus de 50 pays, mais nous avons des march\u00e9s sur lesquels nous concentrons nos efforts. Il s&rsquo;agit de \ud83c\uddfa\ud83c\uddf8 \ud83c\udde8\ud83c\udde6 \ud83c\uddff\ud83c\udde6 \ud83c\uddf8\ud83c\uddec \ud83c\udded\ud83c\uddf0 \ud83c\uddf8\ud83c\uddea \ud83c\uddea\ud83c\uddf8 \ud83c\uddeb\ud83c\uddf7<\/p>\n\n\n\n<hr class=\"wp-block-separator has-alpha-channel-opacity\"\/>\n\n\n\n<p>Pouvez-vous m&rsquo;en dire plus sur les prix de la publicit\u00e9 sur Free Stuff World ?<\/p>\n\n\n\n<p style=\"font-size:15px\">Vous pouvez consulter le dossier de presse de Free Stuff World <a href=\"https:\/\/docs.google.com\/presentation\/d\/1FBinSApPo2CDVfApzOMDJVWMLa-qZRKLSSg79mCzV7w\/edit?usp=sharing\" target=\"_blank\" rel=\"noreferrer noopener\">ici.<\/a><\/p>\n<\/div>\n<\/div>\n","protected":false},"excerpt":{"rendered":"<p>Vous souhaitez distribuer votre \u00e9chantillon gratuit aux consommateurs du monde entier ? Free Stuff World peut vous aider \u00e0 obtenir l&rsquo;avis des consommateurs sur un nouveau produit, \u00e0 distribuer un produit existant pour gagner en visibilit\u00e9 et bien plus encore. Remplissez le formulaire ci-dessous pour &#8230; <a title=\"Faire de la publicit\u00e9 avec nous\" class=\"read-more\" href=\"https:\/\/freestuff.world\/fr\/faire-de-la-publicite-avec-nous\/\" aria-label=\"En savoir plus sur Faire de la publicit\u00e9 avec nous\">Read more<\/a><\/p>\n","protected":false},"author":1,"featured_media":0,"parent":0,"menu_order":0,"comment_status":"closed","ping_status":"closed","template":"","meta":{"_relevanssi_hide_post":"","_relevanssi_hide_content":"","_relevanssi_pin_for_all":"","_relevanssi_pin_keywords":"","_relevanssi_unpin_keywords":"","_relevanssi_related_keywords":"","_relevanssi_related_include_ids":"","_relevanssi_related_exclude_ids":"","_relevanssi_related_no_append":"","_relevanssi_related_not_related":"","_relevanssi_related_posts":"","_relevanssi_noindex_reason":"","_glsr_average":0,"_glsr_ranking":0,"_glsr_reviews":0,"footnotes":""},"categories":[],"class_list":["post-3908","page","type-page","status-publish"],"ams_acf":[],"wpcf-offer-link":null,"wpcf-does-the-offer-relate-to-gambling":null,"_wpscp_schedule_republish_date":null,"wpcf-exclude-republish":null,"wpcf-force-republish":null,"wpcf-exclude-email":null,"wpcf-individual-listing-id":null,"wpcf-include-social":null,"wpcf-social-template":null,"wpcf-expire-but-live":null,"_wow_auto_republish_settings":null,"wpcf-subject-line":null,"wpcf-intro-text":null,"wpcf-custom-text":null,"wpcf-custom-cta":null,"wpcf-affiliate-network":null,"_wpscp_schedule_draft_date":null,"wpcf-note":"","wpcf-network-offer-name":null,"toolset-meta":{"page-config":{"season":{"type":"select","raw":""}},"notes":{"note":{"type":"textarea","raw":""}}},"_links":{"self":[{"href":"https:\/\/freestuff.world\/fr\/wp-json\/wp\/v2\/pages\/3908","targetHints":{"allow":["GET"]}}],"collection":[{"href":"https:\/\/freestuff.world\/fr\/wp-json\/wp\/v2\/pages"}],"about":[{"href":"https:\/\/freestuff.world\/fr\/wp-json\/wp\/v2\/types\/page"}],"author":[{"embeddable":true,"href":"https:\/\/freestuff.world\/fr\/wp-json\/wp\/v2\/users\/1"}],"replies":[{"embeddable":true,"href":"https:\/\/freestuff.world\/fr\/wp-json\/wp\/v2\/comments?post=3908"}],"version-history":[{"count":5,"href":"https:\/\/freestuff.world\/fr\/wp-json\/wp\/v2\/pages\/3908\/revisions"}],"predecessor-version":[{"id":64717,"href":"https:\/\/freestuff.world\/fr\/wp-json\/wp\/v2\/pages\/3908\/revisions\/64717"}],"wp:attachment":[{"href":"https:\/\/freestuff.world\/fr\/wp-json\/wp\/v2\/media?parent=3908"}],"wp:term":[{"taxonomy":"category","embeddable":true,"href":"https:\/\/freestuff.world\/fr\/wp-json\/wp\/v2\/categories?post=3908"}],"curies":[{"name":"wp","href":"https:\/\/api.w.org\/{rel}","templated":true}]}}