{"id":64763,"date":"2025-03-17T09:12:49","date_gmt":"2025-03-17T08:12:49","guid":{"rendered":"https:\/\/freestuff.world\/caducado\/"},"modified":"2025-12-04T13:38:01","modified_gmt":"2025-12-04T12:38:01","slug":"caducado","status":"publish","type":"page","link":"https:\/\/freestuff.world\/es\/caducado\/","title":{"rendered":"Caducado"},"content":{"rendered":"<div class=\"gb-container gb-container-8bc791cb\">\n\n<h1 class=\"wp-block-heading has-text-align-center\">\u00a1Lo siento! \ud83d\ude22<\/h1>\n\n\n\n<h3 class=\"wp-block-heading has-text-align-center\">Parece que esta oferta no est\u00e1 disponible en tu pa\u00eds o ha caducado.<\/h3>\n\n\n<div class=\"gb-container gb-container-7c67e297 homepageExplanation\">\n\n<p class=\"has-text-align-center\">Las ofertas suelen estar disponibles por tiempo limitado, por lo que es posible que esta haya caducado.<br\/>Tambi\u00e9n es posible que la oferta no est\u00e9 disponible en su pa\u00eds.<\/p>\n\n<\/div>\n\n\n<p class=\"has-text-align-center\"><\/p>\n\n<\/div><div class=\"gb-container gb-container-3c8fe800 alignfull\">\n<div class=\"gb-container gb-container-fd317a5d\">\n\n<h2 class=\"wp-block-heading has-text-align-center\">Encuentre ofertas en su pa\u00eds<\/h2>\n\n\n\n\n\n<div id=\"wpv-view-layout-6691\" class=\"js-wpv-view-layout js-wpv-layout-responsive js-wpv-view-layout-6691\" data-viewnumber=\"6691\" data-pagination=\"{&quot;id&quot;:6691,&quot;query&quot;:&quot;normal&quot;,&quot;type&quot;:&quot;disabled&quot;,&quot;effect&quot;:&quot;fade&quot;,&quot;duration&quot;:500,&quot;speed&quot;:5,&quot;pause_on_hover&quot;:&quot;enabled&quot;,&quot;stop_rollover&quot;:&quot;false&quot;,&quot;cache_pages&quot;:&quot;enabled&quot;,&quot;preload_images&quot;:&quot;enabled&quot;,&quot;preload_pages&quot;:&quot;enabled&quot;,&quot;preload_reach&quot;:1,&quot;spinner&quot;:&quot;builtin&quot;,&quot;spinner_image&quot;:&quot;https:\/\/freestuff.world\/wp-content\/plugins\/toolset-blocks\/embedded\/res\/img\/ajax-loader.gif&quot;,&quot;callback_next&quot;:&quot;&quot;,&quot;manage_history&quot;:&quot;enabled&quot;,&quot;has_controls_in_form&quot;:&quot;disabled&quot;,&quot;infinite_tolerance&quot;:&quot;0&quot;,&quot;max_pages&quot;:1,&quot;page&quot;:1,&quot;base_permalink&quot;:&quot;\/es\/wp-json\/wp\/v2\/pages\/64763?wpv_view_count=6691&amp;wpv_paged=WPV_PAGE_NUM&quot;,&quot;loop&quot;:{&quot;type&quot;:&quot;&quot;,&quot;name&quot;:&quot;&quot;,&quot;data&quot;:[],&quot;id&quot;:0}}\" data-permalink=\"\/es\/wp-json\/wp\/v2\/pages\/64763?wpv_view_count=6691\">\n\n    \n\n    \n    <div class=\"flex-grid\">\n      \t\n            \n                <div class=\"col\">\n                    <a href=\"https:\/\/freestuff.world\/es\/%f0%9f%87%a9%f0%9f%87%aa-cosas-gratis-en-alemania\/\"><div class=\"country-card\">\n<img decoding=\"async\" src=\"https:\/\/cdn.freestuff.world\/wp-content\/uploads\/2022\/08\/germany.png?strip=all&w=1200\" alt=\"Germany\" title=\"germany\" class=\"attachment-full countryFlag\" \/>\n  <p class=\"countryName\">Alemania<\/p>\n  <\/div><\/a>\n                <\/div>\n            \n            \n                <div class=\"col\">\n                    <a href=\"https:\/\/freestuff.world\/es\/argentina-es\/\"><div class=\"country-card\">\n<img decoding=\"async\" src=\"https:\/\/cdn.freestuff.world\/wp-content\/uploads\/2022\/08\/argentina.png?strip=all&w=1200\" alt=\"Argentina\" title=\"argentina\" class=\"attachment-full countryFlag\" \/>\n  <p class=\"countryName\">Argentina<\/p>\n  <\/div><\/a>\n                <\/div>\n            \n            \n                <div class=\"col\">\n                    <a href=\"https:\/\/freestuff.world\/es\/%f0%9f%87%a6%f0%9f%87%b9-austria-regalos\/\"><div class=\"country-card\">\n<img decoding=\"async\" src=\"https:\/\/cdn.freestuff.world\/wp-content\/uploads\/2026\/01\/Austria.jpg?strip=all&w=1200\" alt=\"Austria\" title=\"Austria\" class=\"attachment-full countryFlag\" \/>\n  <p class=\"countryName\">Austria<\/p>\n  <\/div><\/a>\n                <\/div>\n          \n            \n                <div class=\"col\">\n                    <a href=\"https:\/\/freestuff.world\/es\/%f0%9f%87%a7%f0%9f%87%aa-belgica-freebies\/\"><div class=\"country-card\">\n<img decoding=\"async\" src=\"https:\/\/cdn.freestuff.world\/wp-content\/uploads\/2025\/02\/belgium.png?strip=all&w=1200\" alt=\"Belgium flag\" title=\"belgium\" class=\"attachment-full countryFlag\" \/>\n  <p class=\"countryName\">B\u00e9lgica<\/p>\n  <\/div><\/a>\n                <\/div>\n            \n            \n                <div class=\"col\">\n                    <a href=\"https:\/\/freestuff.world\/es\/%f0%9f%87%a7%f0%9f%87%b7-regalos-en-brasil\/\"><div class=\"country-card\">\n<img decoding=\"async\" src=\"https:\/\/cdn.freestuff.world\/wp-content\/uploads\/2024\/02\/brazil.png?strip=all&w=1200\" alt=\"Brazil\" title=\"brazil\" class=\"attachment-full countryFlag\" \/>\n  <p class=\"countryName\">Brasil<\/p>\n  <\/div><\/a>\n                <\/div>\n            \n            \n                <div class=\"col\">\n                    <a href=\"https:\/\/freestuff.world\/es\/muestras-gratuitas-en-canada\/\"><div class=\"country-card\">\n<img decoding=\"async\" src=\"https:\/\/cdn.freestuff.world\/wp-content\/uploads\/2021\/07\/canada.png?strip=all&w=1200\" alt=\"Canada\" title=\"canada\" class=\"attachment-full countryFlag\" \/>\n  <p class=\"countryName\">Canad\u00e1<\/p>\n  <\/div><\/a>\n                <\/div>\n            \n            \n                <div class=\"col\">\n                    <a href=\"https:\/\/freestuff.world\/es\/regalos-en-eau\/\"><div class=\"country-card\">\n<img decoding=\"async\" src=\"https:\/\/cdn.freestuff.world\/wp-content\/uploads\/2022\/08\/united-arab-emirates.png?strip=all&w=1200\" alt=\"UAE\" title=\"united-arab-emirates\" class=\"attachment-full countryFlag\" \/>\n  <p class=\"countryName\">EAU<\/p>\n  <\/div><\/a>\n                <\/div>\n            \n            \n                <div class=\"col\">\n                    <a href=\"https:\/\/freestuff.world\/es\/articulos-gratuitos-en-ee-uu\/\"><div class=\"country-card\">\n<img decoding=\"async\" src=\"https:\/\/cdn.freestuff.world\/wp-content\/uploads\/2021\/07\/226-united-states.png?strip=all&w=1200\" title=\"226-united-states\" class=\"attachment-full countryFlag\" \/>\n  <p class=\"countryName\">EE. UU.<\/p>\n  <\/div><\/a>\n                <\/div>\n            \n            \n                <div class=\"col\">\n                    <a href=\"https:\/\/freestuff.world\/es\/espana\/\"><div class=\"country-card\">\n<img decoding=\"async\" src=\"https:\/\/cdn.freestuff.world\/wp-content\/uploads\/2022\/08\/spain.png?strip=all&w=1200\" alt=\"Spain\" title=\"spain\" class=\"attachment-full countryFlag\" \/>\n  <p class=\"countryName\">Espa\u00f1a<\/p>\n  <\/div><\/a>\n                <\/div>\n            \n            \n                <div class=\"col\">\n                    <a href=\"https:\/\/freestuff.world\/es\/%f0%9f%87%b5%f0%9f%87%ad-regalos-en-filipinas\/\"><div class=\"country-card\">\n<img decoding=\"async\" src=\"https:\/\/cdn.freestuff.world\/wp-content\/uploads\/2022\/08\/philippines.png?strip=all&w=1200\" title=\"philippines\" class=\"attachment-full countryFlag\" \/>\n  <p class=\"countryName\">Filipinas<\/p>\n  <\/div><\/a>\n                <\/div>\n            \n            \n                <div class=\"col\">\n                    <a href=\"https:\/\/freestuff.world\/es\/regalos-en-francia\/\"><div class=\"country-card\">\n<img decoding=\"async\" src=\"https:\/\/cdn.freestuff.world\/wp-content\/uploads\/2022\/08\/france.png?strip=all&w=1200\" alt=\"France\" title=\"france\" class=\"attachment-full countryFlag\" \/>\n  <p class=\"countryName\">Francia<\/p>\n  <\/div><\/a>\n                <\/div>\n            \n            \n                <div class=\"col\">\n                    <a href=\"https:\/\/freestuff.world\/es\/articulos-gratuitos-en-hong-kong\/\"><div class=\"country-card\">\n<img decoding=\"async\" src=\"https:\/\/cdn.freestuff.world\/wp-content\/uploads\/2022\/08\/hong-kong.png?strip=all&w=1200\" title=\"hong-kong\" class=\"attachment-full countryFlag\" \/>\n  <p class=\"countryName\">Hong Kong<\/p>\n  <\/div><\/a>\n                <\/div>\n            \n            \n                <div class=\"col\">\n                    <a href=\"https:\/\/freestuff.world\/es\/%f0%9f%87%ae%f0%9f%87%b3-muestras-gratuitas-y-productos-en-india\/\"><div class=\"country-card\">\n<img decoding=\"async\" src=\"https:\/\/cdn.freestuff.world\/wp-content\/uploads\/2022\/08\/india.png?strip=all&w=1200\" alt=\"India\" title=\"india\" class=\"attachment-full countryFlag\" \/>\n  <p class=\"countryName\">India<\/p>\n  <\/div><\/a>\n                <\/div>\n            \n            \n                <div class=\"col\">\n                    <a href=\"https:\/\/freestuff.world\/es\/%f0%9f%87%ae%f0%9f%87%a9-regalos-en-indonesia\/\"><div class=\"country-card\">\n<img decoding=\"async\" src=\"https:\/\/cdn.freestuff.world\/wp-content\/uploads\/2022\/08\/indonesia.png?strip=all&w=1200\" alt=\"Indonesia\" title=\"indonesia\" class=\"attachment-full countryFlag\" \/>\n  <p class=\"countryName\">Indonesia<\/p>\n  <\/div><\/a>\n                <\/div>\n            \n            \n                <div class=\"col\">\n                    <a href=\"https:\/\/freestuff.world\/es\/%f0%9f%87%ae%f0%9f%87%b9-regalos-en-italia\/\"><div class=\"country-card\">\n<img decoding=\"async\" src=\"https:\/\/cdn.freestuff.world\/wp-content\/uploads\/2022\/08\/italy.png?strip=all&w=1200\" alt=\"Italy\" title=\"italy\" class=\"attachment-full countryFlag\" \/>\n  <p class=\"countryName\">Italia<\/p>\n  <\/div><\/a>\n                <\/div>\n            \n            \n                <div class=\"col\">\n                    <a href=\"https:\/\/freestuff.world\/es\/%f0%9f%87%b2%f0%9f%87%be-cosas-gratis-en-malasia\/\"><div class=\"country-card\">\n<img decoding=\"async\" src=\"https:\/\/cdn.freestuff.world\/wp-content\/uploads\/2022\/08\/malaysia.png?strip=all&w=1200\" alt=\"Malaysia\" title=\"malaysia\" class=\"attachment-full countryFlag\" \/>\n  <p class=\"countryName\">Malasia<\/p>\n  <\/div><\/a>\n                <\/div>\n            \n            \n                <div class=\"col\">\n                    <a href=\"https:\/\/freestuff.world\/es\/%f0%9f%87%b2%f0%9f%87%a6-cosas-gratis-en-marruecos\/\"><div class=\"country-card\">\n<img decoding=\"async\" src=\"https:\/\/cdn.freestuff.world\/wp-content\/uploads\/2024\/02\/morocco.png?strip=all&w=1200\" alt=\"Morocco\" title=\"morocco\" class=\"attachment-full countryFlag\" \/>\n  <p class=\"countryName\">Marruecos<\/p>\n  <\/div><\/a>\n                <\/div>\n            \n            \n                <div class=\"col\">\n                    <a href=\"https:\/\/freestuff.world\/es\/%f0%9f%87%b2%f0%9f%87%bd-muestras-gratuitas-en-mexico\/\"><div class=\"country-card\">\n<img decoding=\"async\" src=\"https:\/\/cdn.freestuff.world\/wp-content\/uploads\/2024\/02\/mexico.png?strip=all&w=1200\" alt=\"Mexico\" title=\"mexico\" class=\"attachment-full countryFlag\" \/>\n  <p class=\"countryName\">M\u00e9xico<\/p>\n  <\/div><\/a>\n                <\/div>\n            \n            \n                <div class=\"col\">\n                    <a href=\"https:\/\/freestuff.world\/es\/regalos-disponibles-en-nigeria\/\"><div class=\"country-card\">\n<img decoding=\"async\" src=\"https:\/\/cdn.freestuff.world\/wp-content\/uploads\/2023\/04\/nigeria.png?strip=all&w=1200\" alt=\"Nigeria\" title=\"nigeria\" class=\"attachment-full countryFlag\" \/>\n  <p class=\"countryName\">Nigeria<\/p>\n  <\/div><\/a>\n                <\/div>\n            \n            \n                <div class=\"col\">\n                    <a href=\"https:\/\/freestuff.world\/es\/%f0%9f%87%b3%f0%9f%87%b4-cosas-gratis-en-noruega\/\"><div class=\"country-card\">\n<img decoding=\"async\" src=\"https:\/\/cdn.freestuff.world\/wp-content\/uploads\/2022\/08\/norway.png?strip=all&w=1200\" title=\"norway\" class=\"attachment-full countryFlag\" \/>\n  <p class=\"countryName\">Noruega<\/p>\n  <\/div><\/a>\n                <\/div>\n            \n            \n                <div class=\"col\">\n                    <a href=\"https:\/\/freestuff.world\/es\/%f0%9f%87%b3%f0%9f%87%b1-paises-bajos-cosas-gratis\/\"><div class=\"country-card\">\n<img decoding=\"async\" src=\"https:\/\/cdn.freestuff.world\/wp-content\/uploads\/2022\/08\/netherlands.png?strip=all&w=1200\" alt=\"Netherlands\" title=\"netherlands\" class=\"attachment-full countryFlag\" \/>\n  <p class=\"countryName\">Pa\u00edses Bajos<\/p>\n  <\/div><\/a>\n                <\/div>\n            \n            \n                <div class=\"col\">\n                    <a href=\"https:\/\/freestuff.world\/es\/muestras-gratuitas-en-polonia\/\"><div class=\"country-card\">\n<img decoding=\"async\" src=\"https:\/\/cdn.freestuff.world\/wp-content\/uploads\/2022\/08\/poland.png?strip=all&w=1200\" alt=\"Poland\" title=\"poland\" class=\"attachment-full countryFlag\" \/>\n  <p class=\"countryName\">Polonia<\/p>\n  <\/div><\/a>\n                <\/div>\n            \n            \n                <div class=\"col\">\n                    <a href=\"https:\/\/freestuff.world\/es\/muestras-gratuitas-en-portugal\/\"><div class=\"country-card\">\n<img decoding=\"async\" src=\"https:\/\/cdn.freestuff.world\/wp-content\/uploads\/2022\/08\/portugal.png?strip=all&w=1200\" alt=\"Portugal\" title=\"portugal\" class=\"attachment-full countryFlag\" \/>\n  <p class=\"countryName\">Portugal<\/p>\n  <\/div><\/a>\n                <\/div>\n            \n            \n                <div class=\"col\">\n                    <a href=\"https:\/\/freestuff.world\/es\/%f0%9f%87%a8%f0%9f%87%bf-regalos-de-republica-checa\/\"><div class=\"country-card\">\n<img decoding=\"async\" src=\"https:\/\/cdn.freestuff.world\/wp-content\/uploads\/2022\/08\/czech-republic.png?strip=all&w=1200\" alt=\"Czech Republic\" title=\"czech-republic\" class=\"attachment-full countryFlag\" \/>\n  <p class=\"countryName\">Rep\u00fablica Checa<\/p>\n  <\/div><\/a>\n                <\/div>\n            \n            \n                <div class=\"col\">\n                    <a href=\"https:\/\/freestuff.world\/es\/regalos-de-singapur\/\"><div class=\"country-card\">\n<img decoding=\"async\" src=\"https:\/\/cdn.freestuff.world\/wp-content\/uploads\/2021\/07\/singapore.png?strip=all&w=1200\" alt=\"Singapore\" title=\"singapore\" class=\"attachment-full countryFlag\" \/>\n  <p class=\"countryName\">Singapur<\/p>\n  <\/div><\/a>\n                <\/div>\n            \n            \n                <div class=\"col\">\n                    <a href=\"https:\/\/freestuff.world\/es\/regalos-gratuitos-en-sudafrica\/\"><div class=\"country-card\">\n<img decoding=\"async\" src=\"https:\/\/cdn.freestuff.world\/wp-content\/uploads\/2021\/07\/south-africa.png?strip=all&w=1200\" alt=\"South Africa\" title=\"south-africa\" class=\"attachment-full countryFlag\" \/>\n  <p class=\"countryName\">Sud\u00e1frica<\/p>\n  <\/div><\/a>\n                <\/div>\n            \n            \n                <div class=\"col\">\n                    <a href=\"https:\/\/freestuff.world\/es\/articulos-gratis-en-suecia\/\"><div class=\"country-card\">\n<img decoding=\"async\" src=\"https:\/\/cdn.freestuff.world\/wp-content\/uploads\/2022\/08\/sweden.png?strip=all&w=1200\" alt=\"Sweden\" title=\"sweden\" class=\"attachment-full countryFlag\" \/>\n  <p class=\"countryName\">Suecia<\/p>\n  <\/div><\/a>\n                <\/div>\n            \n            \n                <div class=\"col\">\n                    <a href=\"https:\/\/freestuff.world\/es\/%f0%9f%87%a8%f0%9f%87%ad-regalos-en-suiza\/\"><div class=\"country-card\">\n<img decoding=\"async\" src=\"https:\/\/cdn.freestuff.world\/wp-content\/uploads\/2022\/08\/switzerland.png?strip=all&w=1200\" alt=\"Switzerland\" title=\"switzerland\" class=\"attachment-full countryFlag\" \/>\n  <p class=\"countryName\">Suiza<\/p>\n  <\/div><\/a>\n                <\/div>\n            \n\n    <\/div>\n    \n    \n    \n<\/div>\n\n\n<\/div>\n<\/div>","protected":false},"excerpt":{"rendered":"<p>\u00a1Lo siento! \ud83d\ude22 Parece que esta oferta no est\u00e1 disponible en tu pa\u00eds o ha caducado. Las ofertas suelen estar disponibles por tiempo limitado, por lo que es posible que esta haya caducado.Tambi\u00e9n es posible que la oferta no est\u00e9 disponible en su pa\u00eds. Encuentre &#8230; <a title=\"Caducado\" class=\"read-more\" href=\"https:\/\/freestuff.world\/es\/caducado\/\" aria-label=\"Leer m\u00e1s sobre Caducado\">Read more<\/a><\/p>\n","protected":false},"author":1,"featured_media":0,"parent":0,"menu_order":0,"comment_status":"closed","ping_status":"closed","template":"","meta":{"_relevanssi_hide_post":"","_relevanssi_hide_content":"","_relevanssi_pin_for_all":"","_relevanssi_pin_keywords":"","_relevanssi_unpin_keywords":"","_relevanssi_related_keywords":"","_relevanssi_related_include_ids":"","_relevanssi_related_exclude_ids":"","_relevanssi_related_no_append":"","_relevanssi_related_not_related":"","_relevanssi_related_posts":"","_relevanssi_noindex_reason":"Rank Math Relevanssi index exclude","_glsr_average":0,"_glsr_ranking":0,"_glsr_reviews":0,"footnotes":""},"categories":[],"class_list":["post-64763","page","type-page","status-publish"],"ams_acf":[],"wpcf-offer-link":null,"wpcf-does-the-offer-relate-to-gambling":null,"_wpscp_schedule_republish_date":null,"wpcf-exclude-republish":null,"wpcf-force-republish":null,"wpcf-exclude-email":null,"wpcf-individual-listing-id":null,"wpcf-include-social":null,"wpcf-social-template":null,"wpcf-expire-but-live":null,"_wow_auto_republish_settings":null,"wpcf-subject-line":null,"wpcf-intro-text":null,"wpcf-custom-text":null,"wpcf-custom-cta":null,"wpcf-affiliate-network":null,"_wpscp_schedule_draft_date":null,"wpcf-note":"","wpcf-network-offer-name":null,"toolset-meta":{"page-config":{"season":{"type":"select","raw":""}},"notes":{"note":{"type":"textarea","raw":""}}},"_links":{"self":[{"href":"https:\/\/freestuff.world\/es\/wp-json\/wp\/v2\/pages\/64763","targetHints":{"allow":["GET"]}}],"collection":[{"href":"https:\/\/freestuff.world\/es\/wp-json\/wp\/v2\/pages"}],"about":[{"href":"https:\/\/freestuff.world\/es\/wp-json\/wp\/v2\/types\/page"}],"author":[{"embeddable":true,"href":"https:\/\/freestuff.world\/es\/wp-json\/wp\/v2\/users\/1"}],"replies":[{"embeddable":true,"href":"https:\/\/freestuff.world\/es\/wp-json\/wp\/v2\/comments?post=64763"}],"version-history":[{"count":1,"href":"https:\/\/freestuff.world\/es\/wp-json\/wp\/v2\/pages\/64763\/revisions"}],"predecessor-version":[{"id":64764,"href":"https:\/\/freestuff.world\/es\/wp-json\/wp\/v2\/pages\/64763\/revisions\/64764"}],"wp:attachment":[{"href":"https:\/\/freestuff.world\/es\/wp-json\/wp\/v2\/media?parent=64763"}],"wp:term":[{"taxonomy":"category","embeddable":true,"href":"https:\/\/freestuff.world\/es\/wp-json\/wp\/v2\/categories?post=64763"}],"curies":[{"name":"wp","href":"https:\/\/api.w.org\/{rel}","templated":true}]}}