{"id":64756,"date":"2023-10-12T15:01:33","date_gmt":"2023-10-12T14:01:33","guid":{"rendered":"https:\/\/freestuff.world\/la-aplicacion-movil-free-stuff-world\/"},"modified":"2025-12-04T13:37:51","modified_gmt":"2025-12-04T12:37:51","slug":"la-aplicacion-movil-free-stuff-world","status":"publish","type":"page","link":"https:\/\/freestuff.world\/es\/la-aplicacion-movil-free-stuff-world\/","title":{"rendered":"La aplicaci\u00f3n m\u00f3vil Free Stuff World"},"content":{"rendered":"\n<p>Descargue la aplicaci\u00f3n Free Stuff World para acceder m\u00e1s r\u00e1pida y f\u00e1cilmente a las <strong>\u00faltimas ofertas de muestras gratuitas<\/strong> de todo el mundo en su dispositivo m\u00f3vil.<\/p>\n\n<p>La aplicaci\u00f3n Free Stuff World facilita el acceso a las ofertas que aparecen en el sitio web y permite encontrar r\u00e1pidamente ofertas por pa\u00eds para que pueda encontrar los regalos m\u00e1s relevantes para su lugar de residencia.<\/p>\n\n<p>Con esta aplicaci\u00f3n encontrar\u00e1s todo tipo de cosas, desde muestras gratuitas de perfumes hasta encuestas remuneradas y oportunidades de probar productos.<\/p>\n\n<div class=\"wp-block-columns is-layout-flex wp-container-core-columns-is-layout-9d6595d7 wp-block-columns-is-layout-flex\">\n<div class=\"wp-block-column is-layout-flow wp-block-column-is-layout-flow\" style=\"flex-basis:66.66%\">\n<h2 class=\"wp-block-heading\">Caracter\u00edsticas de la aplicaci\u00f3n<\/h2>\n\n\n\n<ul class=\"wp-block-list\">\n<li>Cientos de regalos para elegir.<\/li>\n\n\n\n<li>Comparte ofertas con tus amigos en las redes sociales.<\/li>\n\n\n\n<li>100% gratis, s\u00f3lo un mont\u00f3n de grandes ofertas de cientos de marcas.<\/li>\n\n\n\n<li>Guarda tus regalos favoritos en tu lista personal para solicitarlos m\u00e1s tarde (s\u00f3lo iOS)<\/li>\n\n\n\n<li>Registra cu\u00e1ndo solicitaste un obsequio para saber cu\u00e1ndo deber\u00edan llegar los obsequios (s\u00f3lo iOS)<\/li>\n<\/ul>\n<\/div>\n\n\n\n<div class=\"wp-block-column is-layout-flow wp-block-column-is-layout-flow\" style=\"flex-basis:33.33%\"><div class=\"wp-block-image\">\n<figure class=\"aligncenter size-full is-resized\"><img decoding=\"async\" width=\"400\" height=\"600\" src=\"https:\/\/cdn.freestuff.world\/wp-content\/uploads\/2025\/09\/FSW-Mobile-Screenshot.png?strip=all\" alt=\"Captura de pantalla de la aplicaci&#xF3;n m&#xF3;vil Free Stuff World en iPhone\" class=\"wp-image-60112\" style=\"width:198px;height:277px\" srcset=\"https:\/\/cdn.freestuff.world\/wp-content\/uploads\/2025\/09\/FSW-Mobile-Screenshot.png?strip=all 400w, https:\/\/cdn.freestuff.world\/wp-content\/uploads\/2025\/09\/FSW-Mobile-Screenshot-200x300.png?strip=all 200w, https:\/\/cdn.freestuff.world\/wp-content\/uploads\/2025\/09\/FSW-Mobile-Screenshot.png?strip=all&amp;w=80 80w, https:\/\/cdn.freestuff.world\/wp-content\/uploads\/2025\/09\/FSW-Mobile-Screenshot.png?strip=all&amp;w=320 320w\" sizes=\"(max-width: 400px) 100vw, 400px\" \/><\/figure>\n<\/div><\/div>\n<\/div>\n\n<h2 class=\"wp-block-heading\">Descarga gratuita de la aplicaci\u00f3n<\/h2>\n\n<figure class=\"wp-block-image size-large is-resized\"><a href=\"https:\/\/apps.apple.com\/us\/app\/freestuffworld\/id6749622031\" target=\"_blank\" rel=\" noreferrer noopener\"><img decoding=\"async\" width=\"119\" height=\"40\" src=\"https:\/\/cdn.freestuff.world\/wp-content\/uploads\/2025\/09\/download-app-store.svg\" alt=\"Descarga Free Stuff World en la App Store.\" class=\"wp-image-59581\" style=\"width:164px;height:auto\"\/><\/a><\/figure>\n\n<figure class=\"wp-block-image size-full is-resized\"><a href=\"https:\/\/play.google.com\/store\/apps\/details?id=app.freestuffworld.android\" target=\"_blank\" rel=\"noreferrer noopener\"><img decoding=\"async\" width=\"300\" height=\"88\" src=\"https:\/\/cdn.freestuff.world\/wp-content\/uploads\/2023\/10\/google-play-hq.png?strip=all\" alt=\"Descargar aplicaci&#xF3;n en Google Play\" class=\"wp-image-5005\" style=\"width:162px;height:48px\" srcset=\"https:\/\/cdn.freestuff.world\/wp-content\/uploads\/2023\/10\/google-play-hq.png?strip=all 300w, https:\/\/cdn.freestuff.world\/wp-content\/uploads\/2023\/10\/google-play-hq.png?strip=all&amp;w=60 60w, https:\/\/cdn.freestuff.world\/wp-content\/uploads\/2023\/10\/google-play-hq.png?strip=all&amp;w=120 120w, https:\/\/cdn.freestuff.world\/wp-content\/uploads\/2023\/10\/google-play-hq.png?strip=all&amp;w=180 180w, https:\/\/cdn.freestuff.world\/wp-content\/uploads\/2023\/10\/google-play-hq.png?strip=all&amp;w=240 240w\" sizes=\"(max-width: 300px) 100vw, 300px\" \/><\/a><\/figure>\n","protected":false},"excerpt":{"rendered":"<p>Descargue la aplicaci\u00f3n Free Stuff World para acceder m\u00e1s r\u00e1pida y f\u00e1cilmente a las \u00faltimas ofertas de muestras gratuitas de todo el mundo en su dispositivo m\u00f3vil. La aplicaci\u00f3n Free Stuff World facilita el acceso a las ofertas que aparecen en el sitio web y &#8230; <a title=\"La aplicaci\u00f3n m\u00f3vil Free Stuff World\" class=\"read-more\" href=\"https:\/\/freestuff.world\/es\/la-aplicacion-movil-free-stuff-world\/\" aria-label=\"Leer m\u00e1s sobre La aplicaci\u00f3n m\u00f3vil Free Stuff World\">Read more<\/a><\/p>\n","protected":false},"author":1,"featured_media":0,"parent":0,"menu_order":0,"comment_status":"closed","ping_status":"closed","template":"","meta":{"_relevanssi_hide_post":"","_relevanssi_hide_content":"","_relevanssi_pin_for_all":"","_relevanssi_pin_keywords":"","_relevanssi_unpin_keywords":"","_relevanssi_related_keywords":"","_relevanssi_related_include_ids":"","_relevanssi_related_exclude_ids":"","_relevanssi_related_no_append":"","_relevanssi_related_not_related":"","_relevanssi_related_posts":"","_relevanssi_noindex_reason":"","_glsr_average":0,"_glsr_ranking":0,"_glsr_reviews":0,"footnotes":""},"categories":[],"class_list":["post-64756","page","type-page","status-publish"],"ams_acf":[],"wpcf-offer-link":null,"wpcf-does-the-offer-relate-to-gambling":null,"_wpscp_schedule_republish_date":null,"wpcf-exclude-republish":null,"wpcf-force-republish":null,"wpcf-exclude-email":null,"wpcf-individual-listing-id":null,"wpcf-include-social":null,"wpcf-social-template":null,"wpcf-expire-but-live":null,"_wow_auto_republish_settings":null,"wpcf-subject-line":null,"wpcf-intro-text":null,"wpcf-custom-text":null,"wpcf-custom-cta":null,"wpcf-affiliate-network":null,"_wpscp_schedule_draft_date":null,"wpcf-note":"","wpcf-network-offer-name":null,"toolset-meta":{"page-config":{"season":{"type":"select","raw":""}},"notes":{"note":{"type":"textarea","raw":""}}},"_links":{"self":[{"href":"https:\/\/freestuff.world\/es\/wp-json\/wp\/v2\/pages\/64756","targetHints":{"allow":["GET"]}}],"collection":[{"href":"https:\/\/freestuff.world\/es\/wp-json\/wp\/v2\/pages"}],"about":[{"href":"https:\/\/freestuff.world\/es\/wp-json\/wp\/v2\/types\/page"}],"author":[{"embeddable":true,"href":"https:\/\/freestuff.world\/es\/wp-json\/wp\/v2\/users\/1"}],"replies":[{"embeddable":true,"href":"https:\/\/freestuff.world\/es\/wp-json\/wp\/v2\/comments?post=64756"}],"version-history":[{"count":1,"href":"https:\/\/freestuff.world\/es\/wp-json\/wp\/v2\/pages\/64756\/revisions"}],"predecessor-version":[{"id":64759,"href":"https:\/\/freestuff.world\/es\/wp-json\/wp\/v2\/pages\/64756\/revisions\/64759"}],"wp:attachment":[{"href":"https:\/\/freestuff.world\/es\/wp-json\/wp\/v2\/media?parent=64756"}],"wp:term":[{"taxonomy":"category","embeddable":true,"href":"https:\/\/freestuff.world\/es\/wp-json\/wp\/v2\/categories?post=64756"}],"curies":[{"name":"wp","href":"https:\/\/api.w.org\/{rel}","templated":true}]}}