{"id":64752,"date":"2023-08-09T17:32:32","date_gmt":"2023-08-09T16:32:32","guid":{"rendered":"https:\/\/freestuff.world\/confirme-su-direccion-de-correo-electronico\/"},"modified":"2025-12-04T13:37:51","modified_gmt":"2025-12-04T12:37:51","slug":"confirme-su-direccion-de-correo-electronico","status":"publish","type":"page","link":"https:\/\/freestuff.world\/es\/confirme-su-direccion-de-correo-electronico\/","title":{"rendered":"Confirme su direcci\u00f3n de correo electr\u00f3nico"},"content":{"rendered":"\n<p>Gracias por suscribirse al bolet\u00edn de Free Stuff World. Antes de empezar a recibir los boletines, <strong>deber\u00e1<\/strong> confirmar su direcci\u00f3n de correo electr\u00f3nico. <\/p>\n\n<p>Acceda a su cuenta de correo electr\u00f3nico y haga clic en el enlace del mensaje que le hemos enviado para verificar su direcci\u00f3n de correo electr\u00f3nico.<\/p>\n","protected":false},"excerpt":{"rendered":"<p>Gracias por suscribirse al bolet\u00edn de Free Stuff World. Antes de empezar a recibir los boletines, deber\u00e1 confirmar su direcci\u00f3n de correo electr\u00f3nico. Acceda a su cuenta de correo electr\u00f3nico y haga clic en el enlace del mensaje que le hemos enviado para verificar su &#8230; <a title=\"Confirme su direcci\u00f3n de correo electr\u00f3nico\" class=\"read-more\" href=\"https:\/\/freestuff.world\/es\/confirme-su-direccion-de-correo-electronico\/\" aria-label=\"Leer m\u00e1s sobre Confirme su direcci\u00f3n de correo electr\u00f3nico\">Read more<\/a><\/p>\n","protected":false},"author":1,"featured_media":0,"parent":0,"menu_order":0,"comment_status":"closed","ping_status":"closed","template":"","meta":{"_relevanssi_hide_post":"","_relevanssi_hide_content":"","_relevanssi_pin_for_all":"","_relevanssi_pin_keywords":"","_relevanssi_unpin_keywords":"","_relevanssi_related_keywords":"","_relevanssi_related_include_ids":"","_relevanssi_related_exclude_ids":"","_relevanssi_related_no_append":"","_relevanssi_related_not_related":"","_relevanssi_related_posts":"","_relevanssi_noindex_reason":"","_glsr_average":0,"_glsr_ranking":0,"_glsr_reviews":0,"footnotes":""},"categories":[],"class_list":["post-64752","page","type-page","status-publish"],"ams_acf":[],"wpcf-offer-link":null,"wpcf-does-the-offer-relate-to-gambling":null,"_wpscp_schedule_republish_date":null,"wpcf-exclude-republish":null,"wpcf-force-republish":null,"wpcf-exclude-email":null,"wpcf-individual-listing-id":null,"wpcf-include-social":null,"wpcf-social-template":null,"wpcf-expire-but-live":null,"_wow_auto_republish_settings":null,"wpcf-subject-line":null,"wpcf-intro-text":null,"wpcf-custom-text":null,"wpcf-custom-cta":null,"wpcf-affiliate-network":null,"_wpscp_schedule_draft_date":null,"wpcf-note":"","wpcf-network-offer-name":null,"toolset-meta":{"page-config":{"season":{"type":"select","raw":""}},"notes":{"note":{"type":"textarea","raw":""}}},"_links":{"self":[{"href":"https:\/\/freestuff.world\/es\/wp-json\/wp\/v2\/pages\/64752","targetHints":{"allow":["GET"]}}],"collection":[{"href":"https:\/\/freestuff.world\/es\/wp-json\/wp\/v2\/pages"}],"about":[{"href":"https:\/\/freestuff.world\/es\/wp-json\/wp\/v2\/types\/page"}],"author":[{"embeddable":true,"href":"https:\/\/freestuff.world\/es\/wp-json\/wp\/v2\/users\/1"}],"replies":[{"embeddable":true,"href":"https:\/\/freestuff.world\/es\/wp-json\/wp\/v2\/comments?post=64752"}],"version-history":[{"count":1,"href":"https:\/\/freestuff.world\/es\/wp-json\/wp\/v2\/pages\/64752\/revisions"}],"predecessor-version":[{"id":64754,"href":"https:\/\/freestuff.world\/es\/wp-json\/wp\/v2\/pages\/64752\/revisions\/64754"}],"wp:attachment":[{"href":"https:\/\/freestuff.world\/es\/wp-json\/wp\/v2\/media?parent=64752"}],"wp:term":[{"taxonomy":"category","embeddable":true,"href":"https:\/\/freestuff.world\/es\/wp-json\/wp\/v2\/categories?post=64752"}],"curies":[{"name":"wp","href":"https:\/\/api.w.org\/{rel}","templated":true}]}}