{"id":64749,"date":"2024-02-24T15:20:05","date_gmt":"2024-02-24T14:20:05","guid":{"rendered":"https:\/\/freestuff.world\/declaracion-de-afiliacion\/"},"modified":"2025-12-04T13:37:55","modified_gmt":"2025-12-04T12:37:55","slug":"declaracion-de-afiliacion","status":"publish","type":"page","link":"https:\/\/freestuff.world\/es\/declaracion-de-afiliacion\/","title":{"rendered":"Declaraci\u00f3n de afiliaci\u00f3n"},"content":{"rendered":"\n<p>En Free Stuff World, ofrecemos nuestros servicios a los consumidores de forma totalmente gratuita. Sin embargo, es importante tener en cuenta que, aunque publicamos una amplia gama de ofertas y chollos, es posible que ganemos comisiones de afiliaci\u00f3n de algunos de ellos, lo que a veces se conoce como comisiones de recomendaci\u00f3n. <\/p>\n\n<p>Cuando visite una de las ofertas que aparecen en nuestro sitio, es posible que se instale una cookie en su ordenador. Si decide realizar una acci\u00f3n espec\u00edfica, como realizar una compra o suscribirse a un servicio, podemos recibir una comisi\u00f3n por remitirle. Esta pr\u00e1ctica, conocida como marketing de afiliaci\u00f3n, ayuda a mantener nuestra plataforma y nos permite seguir ofreciendo contenidos y oportunidades valiosas a nuestros usuarios.  <\/p>\n","protected":false},"excerpt":{"rendered":"<p>En Free Stuff World, ofrecemos nuestros servicios a los consumidores de forma totalmente gratuita. Sin embargo, es importante tener en cuenta que, aunque publicamos una amplia gama de ofertas y chollos, es posible que ganemos comisiones de afiliaci\u00f3n de algunos de ellos, lo que a &#8230; <a title=\"Declaraci\u00f3n de afiliaci\u00f3n\" class=\"read-more\" href=\"https:\/\/freestuff.world\/es\/declaracion-de-afiliacion\/\" aria-label=\"Leer m\u00e1s sobre Declaraci\u00f3n de afiliaci\u00f3n\">Read more<\/a><\/p>\n","protected":false},"author":1,"featured_media":0,"parent":0,"menu_order":0,"comment_status":"closed","ping_status":"closed","template":"","meta":{"_relevanssi_hide_post":"","_relevanssi_hide_content":"","_relevanssi_pin_for_all":"","_relevanssi_pin_keywords":"","_relevanssi_unpin_keywords":"","_relevanssi_related_keywords":"","_relevanssi_related_include_ids":"","_relevanssi_related_exclude_ids":"","_relevanssi_related_no_append":"","_relevanssi_related_not_related":"","_relevanssi_related_posts":"","_relevanssi_noindex_reason":"","_glsr_average":0,"_glsr_ranking":0,"_glsr_reviews":0,"footnotes":""},"categories":[],"class_list":["post-64749","page","type-page","status-publish"],"ams_acf":[],"wpcf-offer-link":null,"wpcf-does-the-offer-relate-to-gambling":null,"_wpscp_schedule_republish_date":null,"wpcf-exclude-republish":null,"wpcf-force-republish":null,"wpcf-exclude-email":null,"wpcf-individual-listing-id":null,"wpcf-include-social":null,"wpcf-social-template":null,"wpcf-expire-but-live":null,"_wow_auto_republish_settings":null,"wpcf-subject-line":null,"wpcf-intro-text":null,"wpcf-custom-text":null,"wpcf-custom-cta":null,"wpcf-affiliate-network":null,"_wpscp_schedule_draft_date":null,"wpcf-note":"","wpcf-network-offer-name":null,"toolset-meta":{"page-config":{"season":{"type":"select","raw":""}},"notes":{"note":{"type":"textarea","raw":""}}},"_links":{"self":[{"href":"https:\/\/freestuff.world\/es\/wp-json\/wp\/v2\/pages\/64749","targetHints":{"allow":["GET"]}}],"collection":[{"href":"https:\/\/freestuff.world\/es\/wp-json\/wp\/v2\/pages"}],"about":[{"href":"https:\/\/freestuff.world\/es\/wp-json\/wp\/v2\/types\/page"}],"author":[{"embeddable":true,"href":"https:\/\/freestuff.world\/es\/wp-json\/wp\/v2\/users\/1"}],"replies":[{"embeddable":true,"href":"https:\/\/freestuff.world\/es\/wp-json\/wp\/v2\/comments?post=64749"}],"version-history":[{"count":1,"href":"https:\/\/freestuff.world\/es\/wp-json\/wp\/v2\/pages\/64749\/revisions"}],"predecessor-version":[{"id":64751,"href":"https:\/\/freestuff.world\/es\/wp-json\/wp\/v2\/pages\/64749\/revisions\/64751"}],"wp:attachment":[{"href":"https:\/\/freestuff.world\/es\/wp-json\/wp\/v2\/media?parent=64749"}],"wp:term":[{"taxonomy":"category","embeddable":true,"href":"https:\/\/freestuff.world\/es\/wp-json\/wp\/v2\/categories?post=64749"}],"curies":[{"name":"wp","href":"https:\/\/api.w.org\/{rel}","templated":true}]}}