{"id":52869,"date":"2025-07-06T16:16:37","date_gmt":"2025-07-06T15:16:37","guid":{"rendered":"https:\/\/freestuff.world\/regalos-en-europa\/"},"modified":"2025-07-06T16:41:07","modified_gmt":"2025-07-06T15:41:07","slug":"regalos-en-europa","status":"publish","type":"page","link":"https:\/\/freestuff.world\/es\/regalos-en-europa\/","title":{"rendered":"Regalos en Europa"},"content":{"rendered":"\n<p>Free Stuff World re\u00fane en un solo lugar algunos de los mejores y m\u00e1s recientes regalos gratuitos de todo el mundo, incluidos muchos pa\u00edses europeos.<\/p>\n\n<p>Si buscas regalos en Europa, \u00a1no busques m\u00e1s! En Free Stuff World encontrar\u00e1s ofertas para probar nuevos productos, ganar regalos o ganar dinero. <\/p>\n\n<p>Aunque <em>todav\u00eda<\/em> no cubrimos todos los pa\u00edses de Europa, el sitio est\u00e1 disponible en m\u00e1s de 10 mercados europeos. Elige uno de los siguientes pa\u00edses para descubrir las muestras gratuitas disponibles en tu pa\u00eds. <\/p>\n\n<h2 class=\"wp-block-heading\">Elige tu pa\u00eds<\/h2>\n\n<p>S\u00f3lo tiene que hacer clic en su pa\u00eds para empezar.<\/p>\n\n\n\n\n<div id=\"wpv-view-layout-6691-CATTRf8da439c0f1aee03c71e93308d020b7e\" class=\"js-wpv-view-layout js-wpv-layout-responsive js-wpv-view-layout-6691-CATTRf8da439c0f1aee03c71e93308d020b7e\" data-viewnumber=\"6691-CATTRf8da439c0f1aee03c71e93308d020b7e\" data-pagination=\"{&quot;id&quot;:6691,&quot;query&quot;:&quot;normal&quot;,&quot;type&quot;:&quot;disabled&quot;,&quot;effect&quot;:&quot;fade&quot;,&quot;duration&quot;:500,&quot;speed&quot;:5,&quot;pause_on_hover&quot;:&quot;enabled&quot;,&quot;stop_rollover&quot;:&quot;false&quot;,&quot;cache_pages&quot;:&quot;enabled&quot;,&quot;preload_images&quot;:&quot;enabled&quot;,&quot;preload_pages&quot;:&quot;enabled&quot;,&quot;preload_reach&quot;:1,&quot;spinner&quot;:&quot;builtin&quot;,&quot;spinner_image&quot;:&quot;https:\/\/freestuff.world\/wp-content\/plugins\/toolset-blocks\/embedded\/res\/img\/ajax-loader.gif&quot;,&quot;callback_next&quot;:&quot;&quot;,&quot;manage_history&quot;:&quot;enabled&quot;,&quot;has_controls_in_form&quot;:&quot;disabled&quot;,&quot;infinite_tolerance&quot;:&quot;0&quot;,&quot;max_pages&quot;:1,&quot;page&quot;:1,&quot;base_permalink&quot;:&quot;\/es\/wp-json\/wp\/v2\/pages\/52869?wpv_view_count=6691-CATTRf8da439c0f1aee03c71e93308d020b7e&amp;wpv_paged=WPV_PAGE_NUM&quot;,&quot;loop&quot;:{&quot;type&quot;:&quot;&quot;,&quot;name&quot;:&quot;&quot;,&quot;data&quot;:[],&quot;id&quot;:0}}\" data-permalink=\"\/es\/wp-json\/wp\/v2\/pages\/52869?wpv_view_count=6691-CATTRf8da439c0f1aee03c71e93308d020b7e\">\n\n    \n\n    \n    <div class=\"flex-grid\">\n      \t\n            \n                <div class=\"col\">\n                    <a href=\"https:\/\/freestuff.world\/es\/%f0%9f%87%a9%f0%9f%87%aa-cosas-gratis-en-alemania\/\"><div class=\"country-card\">\n<img decoding=\"async\" src=\"https:\/\/cdn.freestuff.world\/wp-content\/uploads\/2022\/08\/germany.png?strip=all&w=1200\" alt=\"Germany\" title=\"germany\" class=\"attachment-full countryFlag\" \/>\n  <p class=\"countryName\">Alemania<\/p>\n  <\/div><\/a>\n                <\/div>\n            \n            \n                <div class=\"col\">\n                    <a href=\"https:\/\/freestuff.world\/es\/%f0%9f%87%a7%f0%9f%87%aa-belgica-freebies\/\"><div class=\"country-card\">\n<img decoding=\"async\" src=\"https:\/\/cdn.freestuff.world\/wp-content\/uploads\/2025\/02\/belgium.png?strip=all&w=1200\" alt=\"Belgium flag\" title=\"belgium\" class=\"attachment-full countryFlag\" \/>\n  <p class=\"countryName\">B\u00e9lgica<\/p>\n  <\/div><\/a>\n                <\/div>\n            \n            \n                <div class=\"col\">\n                    <a href=\"https:\/\/freestuff.world\/es\/espana\/\"><div class=\"country-card\">\n<img decoding=\"async\" src=\"https:\/\/cdn.freestuff.world\/wp-content\/uploads\/2022\/08\/spain.png?strip=all&w=1200\" alt=\"Spain\" title=\"spain\" class=\"attachment-full countryFlag\" \/>\n  <p class=\"countryName\">Espa\u00f1a<\/p>\n  <\/div><\/a>\n                <\/div>\n          \n            \n                <div class=\"col\">\n                    <a href=\"https:\/\/freestuff.world\/es\/regalos-en-francia\/\"><div class=\"country-card\">\n<img decoding=\"async\" src=\"https:\/\/cdn.freestuff.world\/wp-content\/uploads\/2022\/08\/france.png?strip=all&w=1200\" alt=\"France\" title=\"france\" class=\"attachment-full countryFlag\" \/>\n  <p class=\"countryName\">Francia<\/p>\n  <\/div><\/a>\n                <\/div>\n            \n            \n                <div class=\"col\">\n                    <a href=\"https:\/\/freestuff.world\/es\/%f0%9f%87%ae%f0%9f%87%b9-regalos-en-italia\/\"><div class=\"country-card\">\n<img decoding=\"async\" src=\"https:\/\/cdn.freestuff.world\/wp-content\/uploads\/2022\/08\/italy.png?strip=all&w=1200\" alt=\"Italy\" title=\"italy\" class=\"attachment-full countryFlag\" \/>\n  <p class=\"countryName\">Italia<\/p>\n  <\/div><\/a>\n                <\/div>\n            \n            \n                <div class=\"col\">\n                    <a href=\"https:\/\/freestuff.world\/es\/%f0%9f%87%b3%f0%9f%87%b1-paises-bajos-cosas-gratis\/\"><div class=\"country-card\">\n<img decoding=\"async\" src=\"https:\/\/cdn.freestuff.world\/wp-content\/uploads\/2022\/08\/netherlands.png?strip=all&w=1200\" alt=\"Netherlands\" title=\"netherlands\" class=\"attachment-full countryFlag\" \/>\n  <p class=\"countryName\">Pa\u00edses Bajos<\/p>\n  <\/div><\/a>\n                <\/div>\n            \n            \n                <div class=\"col\">\n                    <a href=\"https:\/\/freestuff.world\/es\/muestras-gratuitas-en-polonia\/\"><div class=\"country-card\">\n<img decoding=\"async\" src=\"https:\/\/cdn.freestuff.world\/wp-content\/uploads\/2022\/08\/poland.png?strip=all&w=1200\" alt=\"Poland\" title=\"poland\" class=\"attachment-full countryFlag\" \/>\n  <p class=\"countryName\">Polonia<\/p>\n  <\/div><\/a>\n                <\/div>\n            \n            \n                <div class=\"col\">\n                    <a href=\"https:\/\/freestuff.world\/es\/muestras-gratuitas-en-portugal\/\"><div class=\"country-card\">\n<img decoding=\"async\" src=\"https:\/\/cdn.freestuff.world\/wp-content\/uploads\/2022\/08\/portugal.png?strip=all&w=1200\" alt=\"Portugal\" title=\"portugal\" class=\"attachment-full countryFlag\" \/>\n  <p class=\"countryName\">Portugal<\/p>\n  <\/div><\/a>\n                <\/div>\n            \n            \n                <div class=\"col\">\n                    <a href=\"https:\/\/freestuff.world\/es\/%f0%9f%87%a8%f0%9f%87%bf-regalos-de-republica-checa\/\"><div class=\"country-card\">\n<img decoding=\"async\" src=\"https:\/\/cdn.freestuff.world\/wp-content\/uploads\/2022\/08\/czech-republic.png?strip=all&w=1200\" alt=\"Czech Republic\" title=\"czech-republic\" class=\"attachment-full countryFlag\" \/>\n  <p class=\"countryName\">Rep\u00fablica Checa<\/p>\n  <\/div><\/a>\n                <\/div>\n            \n            \n                <div class=\"col\">\n                    <a href=\"https:\/\/freestuff.world\/es\/articulos-gratis-en-suecia\/\"><div class=\"country-card\">\n<img decoding=\"async\" src=\"https:\/\/cdn.freestuff.world\/wp-content\/uploads\/2022\/08\/sweden.png?strip=all&w=1200\" alt=\"Sweden\" title=\"sweden\" class=\"attachment-full countryFlag\" \/>\n  <p class=\"countryName\">Suecia<\/p>\n  <\/div><\/a>\n                <\/div>\n            \n            \n                <div class=\"col\">\n                    <a href=\"https:\/\/freestuff.world\/es\/%f0%9f%87%a8%f0%9f%87%ad-regalos-en-suiza\/\"><div class=\"country-card\">\n<img decoding=\"async\" src=\"https:\/\/cdn.freestuff.world\/wp-content\/uploads\/2022\/08\/switzerland.png?strip=all&w=1200\" alt=\"Switzerland\" title=\"switzerland\" class=\"attachment-full countryFlag\" \/>\n  <p class=\"countryName\">Suiza<\/p>\n  <\/div><\/a>\n                <\/div>\n            \n\n    <\/div>\n    \n    \n    \n<\/div>\n\n\n<hr class=\"wp-block-separator has-alpha-channel-opacity\" \/>\n\n<h3 class=\"wp-block-heading\">\u00bfNo es de Europa?<\/h3>\n\n<p>No hay problema, consulta <a href=\"https:\/\/freestuff.world\/es\/\">aqu\u00ed<\/a> la lista de todos los pa\u00edses en los que est\u00e1 disponible Free Stuff World.<\/p>\n","protected":false},"excerpt":{"rendered":"<p>Free Stuff World re\u00fane en un solo lugar algunos de los mejores y m\u00e1s recientes regalos gratuitos de todo el mundo, incluidos muchos pa\u00edses europeos. Si buscas regalos en Europa, \u00a1no busques m\u00e1s! En Free Stuff World encontrar\u00e1s ofertas para probar nuevos productos, ganar regalos &#8230; <a title=\"Regalos en Europa\" class=\"read-more\" href=\"https:\/\/freestuff.world\/es\/regalos-en-europa\/\" aria-label=\"Leer m\u00e1s sobre Regalos en Europa\">Read more<\/a><\/p>\n","protected":false},"author":1,"featured_media":0,"parent":0,"menu_order":0,"comment_status":"closed","ping_status":"closed","template":"","meta":{"_relevanssi_hide_post":"","_relevanssi_hide_content":"","_relevanssi_pin_for_all":"","_relevanssi_pin_keywords":"","_relevanssi_unpin_keywords":"","_relevanssi_related_keywords":"","_relevanssi_related_include_ids":"","_relevanssi_related_exclude_ids":"","_relevanssi_related_no_append":"","_relevanssi_related_not_related":"","_relevanssi_related_posts":"","_relevanssi_noindex_reason":"","_glsr_average":0,"_glsr_ranking":0,"_glsr_reviews":0,"footnotes":""},"categories":[],"class_list":["post-52869","page","type-page","status-publish"],"ams_acf":[],"wpcf-offer-link":null,"wpcf-does-the-offer-relate-to-gambling":null,"_wpscp_schedule_republish_date":null,"wpcf-exclude-republish":null,"wpcf-force-republish":null,"wpcf-exclude-email":null,"wpcf-individual-listing-id":null,"wpcf-include-social":null,"wpcf-social-template":null,"wpcf-expire-but-live":null,"_wow_auto_republish_settings":null,"wpcf-subject-line":null,"wpcf-intro-text":null,"wpcf-custom-text":null,"wpcf-custom-cta":null,"wpcf-affiliate-network":null,"_wpscp_schedule_draft_date":null,"wpcf-note":"","wpcf-network-offer-name":null,"toolset-meta":{"page-config":{"season":{"type":"select","raw":""}},"notes":{"note":{"type":"textarea","raw":""}}},"_links":{"self":[{"href":"https:\/\/freestuff.world\/es\/wp-json\/wp\/v2\/pages\/52869","targetHints":{"allow":["GET"]}}],"collection":[{"href":"https:\/\/freestuff.world\/es\/wp-json\/wp\/v2\/pages"}],"about":[{"href":"https:\/\/freestuff.world\/es\/wp-json\/wp\/v2\/types\/page"}],"author":[{"embeddable":true,"href":"https:\/\/freestuff.world\/es\/wp-json\/wp\/v2\/users\/1"}],"replies":[{"embeddable":true,"href":"https:\/\/freestuff.world\/es\/wp-json\/wp\/v2\/comments?post=52869"}],"version-history":[{"count":2,"href":"https:\/\/freestuff.world\/es\/wp-json\/wp\/v2\/pages\/52869\/revisions"}],"predecessor-version":[{"id":52871,"href":"https:\/\/freestuff.world\/es\/wp-json\/wp\/v2\/pages\/52869\/revisions\/52871"}],"wp:attachment":[{"href":"https:\/\/freestuff.world\/es\/wp-json\/wp\/v2\/media?parent=52869"}],"wp:term":[{"taxonomy":"category","embeddable":true,"href":"https:\/\/freestuff.world\/es\/wp-json\/wp\/v2\/categories?post=52869"}],"curies":[{"name":"wp","href":"https:\/\/api.w.org\/{rel}","templated":true}]}}