{"id":2784,"date":"2021-07-22T10:20:13","date_gmt":"2021-07-22T10:20:13","guid":{"rendered":"https:\/\/freestuff.world\/preguntas-frecuentes\/"},"modified":"2023-06-02T11:02:22","modified_gmt":"2023-06-02T10:02:22","slug":"preguntas-frecuentes","status":"publish","type":"page","link":"https:\/\/freestuff.world\/es\/preguntas-frecuentes\/","title":{"rendered":"Preguntas frecuentes"},"content":{"rendered":"\n<p>A continuaci\u00f3n, se presentan algunas de las preguntas m\u00e1s frecuentes sobre Free Stuff World. Si su pregunta no se cubre aqu\u00ed, no dudes en <a href=\"https:\/\/freestuff.world\/es\/contactar-al-equipo\/\" data-type=\"page\" data-id=\"36\">comunicarte<\/a> con nosotros.<\/p>\n\n<p><strong>\u00bfPor qu\u00e9 utilizar Free Stuff World?<\/strong><\/p>\n\n<p>Free Stuff World te facilita la b\u00fasqueda de muestras gratuitas, concursos sin costo para participar, encuestas remuneradas y promociones disponibles en tu pa\u00eds. Free Stuff World te ahorra tiempo tratando de buscarlos en la web.<\/p>\n\n<p><strong>\u00bfC\u00f3mo empiezo?<\/strong><\/p>\n\n<p>Para empezar, simplemente haz clic en el enlace \u00abMuestras gratuitas por pa\u00eds\u00bb y luego selecciona tu pa\u00eds. Desde aqu\u00ed, puedes elegir una oferta que te interese y luego hacer clic en el bot\u00f3n \u00abReclama ahora\u00bb y seguir las instrucciones en el sitio web de terceros para reclamar la oferta.<\/p>\n\n<p><strong>\u00bfPor qu\u00e9 las empresas ofrecen muestras gratuitas?<\/strong><\/p>\n\n<p>Hay varias razones por las que las empresas regalan muestras gratuitas. La raz\u00f3n m\u00e1s com\u00fan es que las empresas lanzan regularmente nuevos productos de los cuales desean recibir comentarios de los consumidores. Una forma f\u00e1cil y econ\u00f3mica para que las empresas obtengan estos comentarios es regalar muestras gratuitas. Esto tambi\u00e9n ayuda a las empresas a demostrar a los consumidores la eficacia de un nuevo producto.<\/p>\n\n<p><strong>\u00bfDe qu\u00e9 se trata Free Stuff World?<\/strong><\/p>\n\n<p>Free Stuff World es un sitio web de muestras gratuitas que enumera todo tipo de ofertas gratuitas y formas de ganar dinero. El sitio comenz\u00f3 en julio de 2021.<\/p>\n\n<p><strong>\u00bfC\u00f3mo encuentra Free Stuff World las muestras gratuitas?<\/strong><\/p>\n\n<p>El equipo de Free Stuff World busca en la web para encontrar las mejores muestras gratuitas, concursos gratuitos y encuestas remuneradas, y luego agrega estas ofertas al sitio. Tambi\u00e9n tenemos relaciones con empresas afiliadas y listamos sus ofertas en el sitio tambi\u00e9n, cuando corresponde.<\/p>\n\n<p><strong>\u00bfCobran por usar el sitio?<\/strong><\/p>\n\n<p>\u00a1No! El sitio se puede usar completamente de forma gratuita.<\/p>\n\n<p><strong>\u00bfC\u00f3mo propongo una muestra gratuita?<\/strong><\/p>\n\n<p>Puedes proponer una muestra gratuita completando <a href=\"https:\/\/freestuff.world\/es\/proponer-muestra-gratuita\/\" data-type=\"page\" data-id=\"201\">este formulario en l\u00ednea<\/a>.<\/p>\n\n<p><strong>\u00bfC\u00f3mo me doy de baja del bolet\u00edn informativo?<\/strong><\/p>\n\n<p>Puedes darte de baja del bolet\u00edn informativo de Free Stuff World en cualquier momento, simplemente haz clic en el enlace de cancelaci\u00f3n de suscripci\u00f3n en el pie de p\u00e1gina de cualquier bolet\u00edn informativo de Free Stuff World.<\/p>\n","protected":false},"excerpt":{"rendered":"<p>A continuaci\u00f3n, se presentan algunas de las preguntas m\u00e1s frecuentes sobre Free Stuff World. Si su pregunta no se cubre aqu\u00ed, no dudes en comunicarte con nosotros. \u00bfPor qu\u00e9 utilizar Free Stuff World? Free Stuff World te facilita la b\u00fasqueda de muestras gratuitas, concursos sin &#8230; <a title=\"Preguntas frecuentes\" class=\"read-more\" href=\"https:\/\/freestuff.world\/es\/preguntas-frecuentes\/\" aria-label=\"Leer m\u00e1s sobre Preguntas frecuentes\">Read more<\/a><\/p>\n","protected":false},"author":1,"featured_media":0,"parent":0,"menu_order":0,"comment_status":"closed","ping_status":"closed","template":"","meta":{"_relevanssi_hide_post":"","_relevanssi_hide_content":"","_relevanssi_pin_for_all":"","_relevanssi_pin_keywords":"","_relevanssi_unpin_keywords":"","_relevanssi_related_keywords":"","_relevanssi_related_include_ids":"","_relevanssi_related_exclude_ids":"","_relevanssi_related_no_append":"","_relevanssi_related_not_related":"","_relevanssi_related_posts":"","_relevanssi_noindex_reason":"","_glsr_average":0,"_glsr_ranking":0,"_glsr_reviews":0,"footnotes":""},"categories":[],"class_list":["post-2784","page","type-page","status-publish"],"ams_acf":[],"wpcf-offer-link":null,"wpcf-does-the-offer-relate-to-gambling":null,"_wpscp_schedule_republish_date":null,"wpcf-exclude-republish":null,"wpcf-force-republish":null,"wpcf-exclude-email":null,"wpcf-individual-listing-id":null,"wpcf-include-social":null,"wpcf-social-template":null,"wpcf-expire-but-live":null,"_wow_auto_republish_settings":null,"wpcf-subject-line":null,"wpcf-intro-text":null,"wpcf-custom-text":null,"wpcf-custom-cta":null,"wpcf-affiliate-network":null,"_wpscp_schedule_draft_date":null,"wpcf-note":"","wpcf-network-offer-name":null,"toolset-meta":{"page-config":{"season":{"type":"select","raw":""}},"notes":{"note":{"type":"textarea","raw":""}}},"_links":{"self":[{"href":"https:\/\/freestuff.world\/es\/wp-json\/wp\/v2\/pages\/2784","targetHints":{"allow":["GET"]}}],"collection":[{"href":"https:\/\/freestuff.world\/es\/wp-json\/wp\/v2\/pages"}],"about":[{"href":"https:\/\/freestuff.world\/es\/wp-json\/wp\/v2\/types\/page"}],"author":[{"embeddable":true,"href":"https:\/\/freestuff.world\/es\/wp-json\/wp\/v2\/users\/1"}],"replies":[{"embeddable":true,"href":"https:\/\/freestuff.world\/es\/wp-json\/wp\/v2\/comments?post=2784"}],"version-history":[{"count":2,"href":"https:\/\/freestuff.world\/es\/wp-json\/wp\/v2\/pages\/2784\/revisions"}],"predecessor-version":[{"id":3122,"href":"https:\/\/freestuff.world\/es\/wp-json\/wp\/v2\/pages\/2784\/revisions\/3122"}],"wp:attachment":[{"href":"https:\/\/freestuff.world\/es\/wp-json\/wp\/v2\/media?parent=2784"}],"wp:term":[{"taxonomy":"category","embeddable":true,"href":"https:\/\/freestuff.world\/es\/wp-json\/wp\/v2\/categories?post=2784"}],"curies":[{"name":"wp","href":"https:\/\/api.w.org\/{rel}","templated":true}]}}