{"id":2782,"date":"2021-07-22T10:19:37","date_gmt":"2021-07-22T09:19:37","guid":{"rendered":"https:\/\/freestuff.world\/acerca-de-free-stuff-world\/"},"modified":"2025-12-04T13:37:57","modified_gmt":"2025-12-04T12:37:57","slug":"acerca-de-free-stuff-world","status":"publish","type":"page","link":"https:\/\/freestuff.world\/es\/acerca-de-free-stuff-world\/","title":{"rendered":"Acerca de Free Stuff World"},"content":{"rendered":"<div class=\"gb-grid-wrapper gb-grid-wrapper-f8e47536\">\n<div class=\"gb-grid-column gb-grid-column-d6d7b63a\"><div class=\"gb-container gb-container-d6d7b63a\">\n\n<p>Free Stuff World ofrece una selecci\u00f3n exhaustiva de muestras gratuitas, concursos y ofertas provenientes de todas partes del mundo, a disposici\u00f3n de los usuarios en un solo lugar: FreeStuff.world. Fundada en 2021, Free Stuff World se presenta como una plataforma completamente gratuita para los consumidores y es propiedad y est\u00e1 operada por <a href=\"https:\/\/www.wowmedia.net\" target=\"_blank\" rel=\"noreferrer noopener\">WOW Media<\/a>.<\/p>\n\n\n\n<p>Las muestras gratuitas y promociones que ofrecen las empresas son una herramienta de marketing para fomentar la prueba de nuevos productos. Si el consumidor se siente satisfecho con la muestra, se espera que adquiera el producto en el futuro. Lo que resulta en un beneficio mutuo para ambas partes.<\/p>\n\n\n\n<p>A diferencia de otros sitios web de muestras gratuitas que limitan sus ofertas a un pa\u00eds en espec\u00edfico, Free Stuff World soluciona este problema listando las ofertas gratuitas y sorteos en un solo sitio web organizado por pa\u00eds, garantizando que todas las regiones tengan acceso a una selecci\u00f3n de art\u00edculos gratuitos.<\/p>\n\n\n\n<p>Free Stuff World incluye regalos de pa\u00edses que otros sitios suelen pasar por alto, como <a href=\"https:\/\/freestuff.world\/es\/regalos-gratuitos-en-sudafrica\/\">Sud\u00e1frica<\/a>, <a href=\"https:\/\/freestuff.world\/es\/%f0%9f%87%b5%f0%9f%87%ad-regalos-en-filipinas\/\">Filipinas<\/a> e <a href=\"https:\/\/freestuff.world\/es\/%f0%9f%87%ae%f0%9f%87%a9-regalos-en-indonesia\/\">Indonesia<\/a>, adem\u00e1s de ofertas gratuitas de <a href=\"https:\/\/freestuff.world\/es\/regalos-en-europa\/\" data-type=\"page\" data-id=\"52853\">Europa<\/a> y otros continentes.<\/p>\n\n\n\n<p>La plataforma se actualiza constantemente con nuevas ofertas, por lo que es recomendable revisar el sitio peri\u00f3dicamente para estar al d\u00eda con las \u00faltimas promociones. Hay que tener en cuenta que algunas de las mejores ofertas solo est\u00e1n disponibles por un corto per\u00edodo de tiempo, \u00a1por lo tanto es importante revisar el sitio con regularidad!<\/p>\n\n\n\n<p>Si desea mantenerse al d\u00eda sin consultar el sitio, le recomendamos que se suscriba a nuestro <a href=\"https:\/\/freestuff.world\/es\/boletin-de-muestras-gratuitas-en-espanol\/\" data-type=\"page\" data-id=\"1297\">bolet\u00edn gratuito<\/a>. El bolet\u00edn incluir\u00e1 una selecci\u00f3n de las mejores muestras gratuitas del sitio, enviadas directamente a tu bandeja de entrada.<\/p>\n\n<\/div><\/div>\n\n<div class=\"gb-grid-column gb-grid-column-4b51bf17\"><div class=\"gb-container gb-container-4b51bf17\">\n<div class=\"gb-container gb-container-307a7fac\">\n\n<h3 class=\"wp-block-heading\">Rese\u00f1as<\/h3>\n\n\n<div class=\"shortcode-site-reviews-summary\"><div class=\"glsr glsr-default\" id=\"glsr_ftc0d2gv\" data-from=\"shortcode\" data-shortcode=\"site_reviews_summary\" data-hide=\"bars,rating\"><div class=\"glsr-summary-wrap\">\n    <div class=\"glsr-summary\">\n        \n        <div class=\"glsr-summary-stars\"><div class=\"glsr-star-rating glsr-stars\" role=\"img\" aria-label=\"Rated 4,4 out of 5 stars based on 537 ratings\" data-rating=\"4.4\" data-reviews=\"537\"><span class=\"glsr-star glsr-star-full\" aria-hidden=\"true\"><\/span><span class=\"glsr-star glsr-star-full\" aria-hidden=\"true\"><\/span><span class=\"glsr-star glsr-star-full\" aria-hidden=\"true\"><\/span><span class=\"glsr-star glsr-star-full\" aria-hidden=\"true\"><\/span><span class=\"glsr-star glsr-star-half\" aria-hidden=\"true\"><\/span><\/div><\/div>\n        <div class=\"glsr-summary-text\"><span class=\"glsr-tag-value\">4,4 de 5 estrellas (basado en 537 rese\u00f1as)<\/span><\/div>\n        \n    <\/div>\n<\/div><\/div><\/div>\n\n<\/div>\n\n\n<div style=\"height:20px\" aria-hidden=\"true\" class=\"wp-block-spacer\"><\/div>\n\n\n\n<p class=\"has-text-align-center has-contrast-2-color has-text-color has-link-color has-small-font-size wp-elements-84de28a200c6f57166ebcce8b534a212\">Consulte <a href=\"https:\/\/freestuff.world\/es\/resenas-de-free-stuff-world\/\" data-type=\"page\" data-id=\"19449\" style=\"color:#0673d5\">aqu\u00ed<\/a> todas las opiniones de nuestros usuarios y d\u00e9jenos su comentario.<\/p>\n\n<\/div><\/div>\n<\/div>\n<div style=\"height:20px\" aria-hidden=\"true\" class=\"wp-block-spacer\"><\/div>\n\n<h2 class=\"wp-block-heading\">\u00a1Comienza a reclamar ofertas hoy mismo!<\/h2>\n\n<p>Comienza hoy mismo el proceso de solicitud de muestras gratuitas. Tan solo presiona el bot\u00f3n \u00abRECLAMAR AHORA\u00bb en una oferta para dar inicio al proceso de participaci\u00f3n en la misma. Para navegar a trav\u00e9s de las ofertas, simplemente sit\u00faa el cursor sobre \u00abMuestras Gratuitas por Pa\u00eds\u00bb en la barra de navegaci\u00f3n.<\/p>\n\n<p>En caso de tener alguna duda, no dudes en <a href=\"http:\/\/freestuff.world\/contact-us\/\" data-type=\"page\" data-id=\"36\">comunicarte<\/a>.<\/p>\n\n<p><\/p>\n","protected":false},"excerpt":{"rendered":"<p>\u00a1Comienza a reclamar ofertas hoy mismo! Comienza hoy mismo el proceso de solicitud de muestras gratuitas. Tan solo presiona el bot\u00f3n \u00abRECLAMAR AHORA\u00bb en una oferta para dar inicio al proceso de participaci\u00f3n en la misma. Para navegar a trav\u00e9s de las ofertas, simplemente sit\u00faa &#8230; <a title=\"Acerca de Free Stuff World\" class=\"read-more\" href=\"https:\/\/freestuff.world\/es\/acerca-de-free-stuff-world\/\" aria-label=\"Leer m\u00e1s sobre Acerca de Free Stuff World\">Read more<\/a><\/p>\n","protected":false},"author":1,"featured_media":0,"parent":0,"menu_order":0,"comment_status":"closed","ping_status":"closed","template":"","meta":{"_relevanssi_hide_post":"","_relevanssi_hide_content":"","_relevanssi_pin_for_all":"","_relevanssi_pin_keywords":"","_relevanssi_unpin_keywords":"","_relevanssi_related_keywords":"","_relevanssi_related_include_ids":"","_relevanssi_related_exclude_ids":"","_relevanssi_related_no_append":"","_relevanssi_related_not_related":"","_relevanssi_related_posts":"","_relevanssi_noindex_reason":"","_glsr_average":0,"_glsr_ranking":0,"_glsr_reviews":0,"footnotes":""},"categories":[],"class_list":["post-2782","page","type-page","status-publish"],"ams_acf":[],"wpcf-offer-link":null,"wpcf-does-the-offer-relate-to-gambling":null,"_wpscp_schedule_republish_date":null,"wpcf-exclude-republish":null,"wpcf-force-republish":null,"wpcf-exclude-email":null,"wpcf-individual-listing-id":null,"wpcf-include-social":null,"wpcf-social-template":null,"wpcf-expire-but-live":null,"_wow_auto_republish_settings":null,"wpcf-subject-line":null,"wpcf-intro-text":null,"wpcf-custom-text":null,"wpcf-custom-cta":null,"wpcf-affiliate-network":null,"_wpscp_schedule_draft_date":null,"wpcf-note":"","wpcf-network-offer-name":null,"toolset-meta":{"page-config":{"season":{"type":"select","raw":""}},"notes":{"note":{"type":"textarea","raw":""}}},"_links":{"self":[{"href":"https:\/\/freestuff.world\/es\/wp-json\/wp\/v2\/pages\/2782","targetHints":{"allow":["GET"]}}],"collection":[{"href":"https:\/\/freestuff.world\/es\/wp-json\/wp\/v2\/pages"}],"about":[{"href":"https:\/\/freestuff.world\/es\/wp-json\/wp\/v2\/types\/page"}],"author":[{"embeddable":true,"href":"https:\/\/freestuff.world\/es\/wp-json\/wp\/v2\/users\/1"}],"replies":[{"embeddable":true,"href":"https:\/\/freestuff.world\/es\/wp-json\/wp\/v2\/comments?post=2782"}],"version-history":[{"count":5,"href":"https:\/\/freestuff.world\/es\/wp-json\/wp\/v2\/pages\/2782\/revisions"}],"predecessor-version":[{"id":64762,"href":"https:\/\/freestuff.world\/es\/wp-json\/wp\/v2\/pages\/2782\/revisions\/64762"}],"wp:attachment":[{"href":"https:\/\/freestuff.world\/es\/wp-json\/wp\/v2\/media?parent=2782"}],"wp:term":[{"taxonomy":"category","embeddable":true,"href":"https:\/\/freestuff.world\/es\/wp-json\/wp\/v2\/categories?post=2782"}],"curies":[{"name":"wp","href":"https:\/\/api.w.org\/{rel}","templated":true}]}}